{"id":2097,"date":"2024-08-04T17:01:51","date_gmt":"2024-08-04T15:01:51","guid":{"rendered":"http:\/\/www.infrasolution.ag\/en\/?page_id=2097"},"modified":"2025-05-20T00:34:14","modified_gmt":"2025-05-19T22:34:14","slug":"uber-uns","status":"publish","type":"page","link":"http:\/\/www.infrasolution.ag\/en\/de\/uber-uns\/","title":{"rendered":"\u00dcber Uns"},"content":{"rendered":"\n<p class=\"has-text-color has-link-color wp-elements-384c43eb5b7ecf90273a7d3f5b3b9614\" style=\"color:#7fc31c;font-size:30px\">\u00dcber Uns<\/p>\n\n\n\n<p>Die InfraSolution AG<strong> <\/strong>ist ein f\u00fchrendes Technologieunternehmen im Bereich der technischen Geb\u00e4udeausr\u00fcstung. Wir bieten Industrie-Unternehmen und Kunden aus dem gewerblichen Bereich die komplette Palette an Infrastruktur-L\u00f6sungen. Mit unserem Team aus hoch qualifizierten Spezialisten setzen wir f\u00fcr Sie hochkomplexe Aufgabenstellungen um. Dabei handeln wir immer getreu nach unserem Motto: effiziente Technologien mit System!<\/p>\n\n\n\n<p>Unser umfassender Service beinhaltet neben der Planung, dem Bau und der Automatisierung auch die energetische Optimierung komplexer technischer Anlagen. Damit sorgen wir f\u00fcr einen effizienten Betrieb \u00fcber den kompletten Lebenszyklus. Eigens daf\u00fcr haben wir spezielle Energiemonitoringsysteme entwickelt, um unsere Kunden bei der st\u00e4ndigen Optimierung zu unterst\u00fctzen.<\/p>\n\n\n\n<p>Wir produzieren zudem individuell auf die jeweiligen Anforderungen ausgerichtet die passenden Schaltschr\u00e4nke zur Steuerung Ihrer Anlagen. Somit erhalten Sie ma\u00dfgeschneiderte technische L\u00f6sungen aus einer Hand.<\/p>\n\n\n\n<p>Um Ihre Investition auch langfristig zu sichern, bieten wir einen Rund-um-die-Uhr Kundendienst. An 24 Stunden und 365 Tage im Jahr sind wir f\u00fcr Sie verf\u00fcgbar. Auf Wunsch garantieren wir unseren Wartungskunden eine definierte Reaktionszeit, um Ihre Anlagen auch im Notfall schnellstm\u00f6glich wieder in Betrieb zu setzen.<\/p>\n\n\n\n<p>Namhafte Unternehmen der Pharma- und Chemieindustrie, der Telekommunikationsbranche, der Energiewirtschaft, Banken und Organisationen der \u00f6ffentlichen Hand nutzen unsere Leistungen seit vielen Jahren. Und das mit gro\u00dfem Erfolg. F\u00fcr sie f\u00fchren wir Projekte sowohl in Deutschland als auch auf internationaler Ebene durch.<\/p>\n\n\n\n<p>Die InfraSolution AG mit Sitz in Langen im Rhein-Main-Gebiet wird seit der Gr\u00fcndung 2012 von dem Ingenieur Bastian Heberer gef\u00fchrt.<\/p>\n","protected":false},"excerpt":{"rendered":"<p>\u00dcber Uns Die InfraSolution AG ist ein f\u00fchrendes Technologieunternehmen im Bereich der technischen Geb\u00e4udeausr\u00fcstung. Wir bieten Industrie-Unternehmen und Kunden aus dem gewerblichen Bereich die komplette Palette an Infrastruktur-L\u00f6sungen. Mit unserem Team aus hoch qualifizierten Spezialisten setzen wir f\u00fcr Sie hochkomplexe Aufgabenstellungen um. Dabei handeln wir immer getreu nach unserem Motto: effiziente Technologien mit System! Unser [&hellip;]<\/p>\n","protected":false},"author":1,"featured_media":0,"parent":0,"menu_order":0,"comment_status":"closed","ping_status":"closed","template":"","meta":{"site-sidebar-layout":"default","site-content-layout":"","ast-site-content-layout":"default","site-content-style":"default","site-sidebar-style":"default","ast-global-header-display":"","ast-banner-title-visibility":"","ast-main-header-display":"","ast-hfb-above-header-display":"","ast-hfb-below-header-display":"","ast-hfb-mobile-header-display":"","site-post-title":"disabled","ast-breadcrumbs-content":"","ast-featured-img":"","footer-sml-layout":"","theme-transparent-header-meta":"","adv-header-id-meta":"","stick-header-meta":"","header-above-stick-meta":"","header-main-stick-meta":"","header-below-stick-meta":"","astra-migrate-meta-layouts":"set","ast-page-background-enabled":"default","ast-page-background-meta":{"desktop":{"background-color":"var(--ast-global-color-4)","background-image":"","background-repeat":"repeat","background-position":"center center","background-size":"auto","background-attachment":"scroll","background-type":"","background-media":"","overlay-type":"","overlay-color":"","overlay-opacity":"","overlay-gradient":""},"tablet":{"background-color":"","background-image":"","background-repeat":"repeat","background-position":"center center","background-size":"auto","background-attachment":"scroll","background-type":"","background-media":"","overlay-type":"","overlay-color":"","overlay-opacity":"","overlay-gradient":""},"mobile":{"background-color":"","background-image":"","background-repeat":"repeat","background-position":"center center","background-size":"auto","background-attachment":"scroll","background-type":"","background-media":"","overlay-type":"","overlay-color":"","overlay-opacity":"","overlay-gradient":""}},"ast-content-background-meta":{"desktop":{"background-color":"var(--ast-global-color-5)","background-image":"","background-repeat":"repeat","background-position":"center center","background-size":"auto","background-attachment":"scroll","background-type":"","background-media":"","overlay-type":"","overlay-color":"","overlay-opacity":"","overlay-gradient":""},"tablet":{"background-color":"var(--ast-global-color-5)","background-image":"","background-repeat":"repeat","background-position":"center center","background-size":"auto","background-attachment":"scroll","background-type":"","background-media":"","overlay-type":"","overlay-color":"","overlay-opacity":"","overlay-gradient":""},"mobile":{"background-color":"var(--ast-global-color-5)","background-image":"","background-repeat":"repeat","background-position":"center center","background-size":"auto","background-attachment":"scroll","background-type":"","background-media":"","overlay-type":"","overlay-color":"","overlay-opacity":"","overlay-gradient":""}},"footnotes":""},"class_list":["post-2097","page","type-page","status-publish","hentry"],"yoast_head":"<!-- This site is optimized with the Yoast SEO plugin v25.3.1 - https:\/\/yoast.com\/wordpress\/plugins\/seo\/ -->\n<title>\u00dcber Uns - InfraSolution AG<\/title>\n<meta name=\"description\" content=\"Die InfraSolution AG ist ein f\u00fchrendes Technologieunternehmen im Bereich der technischen Geb\u00e4udeausr\u00fcstung. Wir bieten Industrie-Unternehmen und Kunden aus dem gewerblichen Bereich die komplette Palette an Infrastruktur-L\u00f6sungen.\" \/>\n<meta name=\"robots\" content=\"index, follow, max-snippet:-1, max-image-preview:large, max-video-preview:-1\" \/>\n<link rel=\"canonical\" href=\"http:\/\/www.infrasolution.ag\/en\/de\/uber-uns\/\" \/>\n<meta property=\"og:locale\" content=\"en_US\" \/>\n<meta property=\"og:type\" content=\"article\" \/>\n<meta property=\"og:title\" content=\"\u00dcber Uns - InfraSolution AG\" \/>\n<meta property=\"og:description\" content=\"Die InfraSolution AG ist ein f\u00fchrendes Technologieunternehmen im Bereich der technischen Geb\u00e4udeausr\u00fcstung. Wir bieten Industrie-Unternehmen und Kunden aus dem gewerblichen Bereich die komplette Palette an Infrastruktur-L\u00f6sungen.\" \/>\n<meta property=\"og:url\" content=\"http:\/\/www.infrasolution.ag\/en\/de\/uber-uns\/\" \/>\n<meta property=\"og:site_name\" content=\"InfraSolution AG\" \/>\n<meta property=\"article:publisher\" content=\"https:\/\/www.facebook.com\/InfraSolutionAG\/\" \/>\n<meta property=\"article:modified_time\" content=\"2025-05-19T22:34:14+00:00\" \/>\n<meta name=\"twitter:card\" content=\"summary_large_image\" \/>\n<meta name=\"twitter:label1\" content=\"Est. reading time\" \/>\n\t<meta name=\"twitter:data1\" content=\"2 minutes\" \/>\n<script type=\"application\/ld+json\" class=\"yoast-schema-graph\">{\"@context\":\"https:\/\/schema.org\",\"@graph\":[{\"@type\":\"WebPage\",\"@id\":\"http:\/\/www.infrasolution.ag\/en\/de\/uber-uns\/\",\"url\":\"http:\/\/www.infrasolution.ag\/en\/de\/uber-uns\/\",\"name\":\"\u00dcber Uns - InfraSolution AG\",\"isPartOf\":{\"@id\":\"http:\/\/www.infrasolution.ag\/en\/#website\"},\"datePublished\":\"2024-08-04T15:01:51+00:00\",\"dateModified\":\"2025-05-19T22:34:14+00:00\",\"description\":\"Die InfraSolution AG ist ein f\u00fchrendes Technologieunternehmen im Bereich der technischen Geb\u00e4udeausr\u00fcstung. Wir bieten Industrie-Unternehmen und Kunden aus dem gewerblichen Bereich die komplette Palette an Infrastruktur-L\u00f6sungen.\",\"breadcrumb\":{\"@id\":\"http:\/\/www.infrasolution.ag\/en\/de\/uber-uns\/#breadcrumb\"},\"inLanguage\":\"en-US\",\"potentialAction\":[{\"@type\":\"ReadAction\",\"target\":[\"http:\/\/www.infrasolution.ag\/en\/de\/uber-uns\/\"]}]},{\"@type\":\"BreadcrumbList\",\"@id\":\"http:\/\/www.infrasolution.ag\/en\/de\/uber-uns\/#breadcrumb\",\"itemListElement\":[{\"@type\":\"ListItem\",\"position\":1,\"name\":\"Home\",\"item\":\"https:\/\/www.infrasolution.ag\/en\/en\/home\/\"},{\"@type\":\"ListItem\",\"position\":2,\"name\":\"\u00dcber Uns\"}]},{\"@type\":\"WebSite\",\"@id\":\"http:\/\/www.infrasolution.ag\/en\/#website\",\"url\":\"http:\/\/www.infrasolution.ag\/en\/\",\"name\":\"InfraSolution AG\",\"description\":\"Unternehmensgruppe\",\"publisher\":{\"@id\":\"http:\/\/www.infrasolution.ag\/en\/#organization\"},\"potentialAction\":[{\"@type\":\"SearchAction\",\"target\":{\"@type\":\"EntryPoint\",\"urlTemplate\":\"http:\/\/www.infrasolution.ag\/en\/?s={search_term_string}\"},\"query-input\":{\"@type\":\"PropertyValueSpecification\",\"valueRequired\":true,\"valueName\":\"search_term_string\"}}],\"inLanguage\":\"en-US\"},{\"@type\":\"Organization\",\"@id\":\"http:\/\/www.infrasolution.ag\/en\/#organization\",\"name\":\"InfraSolution AG\",\"url\":\"http:\/\/www.infrasolution.ag\/en\/\",\"logo\":{\"@type\":\"ImageObject\",\"inLanguage\":\"en-US\",\"@id\":\"http:\/\/www.infrasolution.ag\/en\/#\/schema\/logo\/image\/\",\"url\":\"http:\/\/www.infrasolution.ag\/en\/wp-content\/uploads\/2024\/08\/infrasolution-ag-logo.png\",\"contentUrl\":\"http:\/\/www.infrasolution.ag\/en\/wp-content\/uploads\/2024\/08\/infrasolution-ag-logo.png\",\"width\":300,\"height\":124,\"caption\":\"InfraSolution AG\"},\"image\":{\"@id\":\"http:\/\/www.infrasolution.ag\/en\/#\/schema\/logo\/image\/\"},\"sameAs\":[\"https:\/\/www.facebook.com\/InfraSolutionAG\/\",\"https:\/\/de.linkedin.com\/company\/infrasolution-ag\"]}]}<\/script>\n<!-- \/ Yoast SEO plugin. -->","yoast_head_json":{"title":"\u00dcber Uns - InfraSolution AG","description":"Die InfraSolution AG ist ein f\u00fchrendes Technologieunternehmen im Bereich der technischen Geb\u00e4udeausr\u00fcstung. Wir bieten Industrie-Unternehmen und Kunden aus dem gewerblichen Bereich die komplette Palette an Infrastruktur-L\u00f6sungen.","robots":{"index":"index","follow":"follow","max-snippet":"max-snippet:-1","max-image-preview":"max-image-preview:large","max-video-preview":"max-video-preview:-1"},"canonical":"http:\/\/www.infrasolution.ag\/en\/de\/uber-uns\/","og_locale":"en_US","og_type":"article","og_title":"\u00dcber Uns - InfraSolution AG","og_description":"Die InfraSolution AG ist ein f\u00fchrendes Technologieunternehmen im Bereich der technischen Geb\u00e4udeausr\u00fcstung. Wir bieten Industrie-Unternehmen und Kunden aus dem gewerblichen Bereich die komplette Palette an Infrastruktur-L\u00f6sungen.","og_url":"http:\/\/www.infrasolution.ag\/en\/de\/uber-uns\/","og_site_name":"InfraSolution AG","article_publisher":"https:\/\/www.facebook.com\/InfraSolutionAG\/","article_modified_time":"2025-05-19T22:34:14+00:00","twitter_card":"summary_large_image","twitter_misc":{"Est. reading time":"2 minutes"},"schema":{"@context":"https:\/\/schema.org","@graph":[{"@type":"WebPage","@id":"http:\/\/www.infrasolution.ag\/en\/de\/uber-uns\/","url":"http:\/\/www.infrasolution.ag\/en\/de\/uber-uns\/","name":"\u00dcber Uns - InfraSolution AG","isPartOf":{"@id":"http:\/\/www.infrasolution.ag\/en\/#website"},"datePublished":"2024-08-04T15:01:51+00:00","dateModified":"2025-05-19T22:34:14+00:00","description":"Die InfraSolution AG ist ein f\u00fchrendes Technologieunternehmen im Bereich der technischen Geb\u00e4udeausr\u00fcstung. Wir bieten Industrie-Unternehmen und Kunden aus dem gewerblichen Bereich die komplette Palette an Infrastruktur-L\u00f6sungen.","breadcrumb":{"@id":"http:\/\/www.infrasolution.ag\/en\/de\/uber-uns\/#breadcrumb"},"inLanguage":"en-US","potentialAction":[{"@type":"ReadAction","target":["http:\/\/www.infrasolution.ag\/en\/de\/uber-uns\/"]}]},{"@type":"BreadcrumbList","@id":"http:\/\/www.infrasolution.ag\/en\/de\/uber-uns\/#breadcrumb","itemListElement":[{"@type":"ListItem","position":1,"name":"Home","item":"https:\/\/www.infrasolution.ag\/en\/en\/home\/"},{"@type":"ListItem","position":2,"name":"\u00dcber Uns"}]},{"@type":"WebSite","@id":"http:\/\/www.infrasolution.ag\/en\/#website","url":"http:\/\/www.infrasolution.ag\/en\/","name":"InfraSolution AG","description":"Unternehmensgruppe","publisher":{"@id":"http:\/\/www.infrasolution.ag\/en\/#organization"},"potentialAction":[{"@type":"SearchAction","target":{"@type":"EntryPoint","urlTemplate":"http:\/\/www.infrasolution.ag\/en\/?s={search_term_string}"},"query-input":{"@type":"PropertyValueSpecification","valueRequired":true,"valueName":"search_term_string"}}],"inLanguage":"en-US"},{"@type":"Organization","@id":"http:\/\/www.infrasolution.ag\/en\/#organization","name":"InfraSolution AG","url":"http:\/\/www.infrasolution.ag\/en\/","logo":{"@type":"ImageObject","inLanguage":"en-US","@id":"http:\/\/www.infrasolution.ag\/en\/#\/schema\/logo\/image\/","url":"http:\/\/www.infrasolution.ag\/en\/wp-content\/uploads\/2024\/08\/infrasolution-ag-logo.png","contentUrl":"http:\/\/www.infrasolution.ag\/en\/wp-content\/uploads\/2024\/08\/infrasolution-ag-logo.png","width":300,"height":124,"caption":"InfraSolution AG"},"image":{"@id":"http:\/\/www.infrasolution.ag\/en\/#\/schema\/logo\/image\/"},"sameAs":["https:\/\/www.facebook.com\/InfraSolutionAG\/","https:\/\/de.linkedin.com\/company\/infrasolution-ag"]}]}},"_links":{"self":[{"href":"http:\/\/www.infrasolution.ag\/en\/wp-json\/wp\/v2\/pages\/2097","targetHints":{"allow":["GET"]}}],"collection":[{"href":"http:\/\/www.infrasolution.ag\/en\/wp-json\/wp\/v2\/pages"}],"about":[{"href":"http:\/\/www.infrasolution.ag\/en\/wp-json\/wp\/v2\/types\/page"}],"author":[{"embeddable":true,"href":"http:\/\/www.infrasolution.ag\/en\/wp-json\/wp\/v2\/users\/1"}],"replies":[{"embeddable":true,"href":"http:\/\/www.infrasolution.ag\/en\/wp-json\/wp\/v2\/comments?post=2097"}],"version-history":[{"count":0,"href":"http:\/\/www.infrasolution.ag\/en\/wp-json\/wp\/v2\/pages\/2097\/revisions"}],"wp:attachment":[{"href":"http:\/\/www.infrasolution.ag\/en\/wp-json\/wp\/v2\/media?parent=2097"}],"curies":[{"name":"wp","href":"https:\/\/api.w.org\/{rel}","templated":true}]}}