{"id":2190,"date":"2024-08-04T22:49:00","date_gmt":"2024-08-04T20:49:00","guid":{"rendered":"http:\/\/www.infrasolution.ag\/en\/?page_id=2190"},"modified":"2025-05-20T00:41:30","modified_gmt":"2025-05-19T22:41:30","slug":"energieeinsparlosungen","status":"publish","type":"page","link":"http:\/\/www.infrasolution.ag\/en\/de\/energieeinsparlosungen\/","title":{"rendered":"Energieeinsparl\u00f6sungen"},"content":{"rendered":"\n<p class=\"has-text-color has-link-color wp-elements-2c41d4689bed02bcd64888dd9d8b411c\" style=\"color:#7fc31c;font-size:30px\">Energieeinsparl\u00f6sungen<\/p>\n\n\n\n<p class=\"has-text-color has-link-color has-medium-font-size wp-elements-ca597c1dd49b279f337cfc6c773d1f94\" style=\"color:#7fc31c\"><strong>Wir optimieren Ihre Energieverbr\u00e4uchee<\/strong><\/p>\n\n\n\n<p>Nachhaltigkeit und Umweltschutz besitzen bei der InfraSolution AG h\u00f6chsten Stellenwert. Als f\u00fchrendes Technologieunternehmen m\u00f6chten wir dazu beitragen, dass trotz steigender technischer Anforderungen und vermehrtem Einsatz von Klima- und K\u00e4lteanlagen die Emissionen weiter zur\u00fcckgehen.<\/p>\n\n\n\n<p>Aus diesem Grund haben unsere hoch qualifizierten Ingenieure Klimaanlagen ohne elektrische Antriebssysteme entwickelt. Durch ein spezielles Verfahren nutzen wir W\u00e4rmequellen, um Kaltwasser f\u00fcr den Komfortklimabereich zu erzeugen. Dies schont die Umwelt und spart den Betreibern hohe Energiekosten. Zudem sind die Anlagen sehr wartungsfreundlich, da nur verschlei\u00dfarme Komponenten verbaut sind.<\/p>\n\n\n\n<p>Weiterhin setzen wir bei unseren Anlagen Energiemonitoringsysteme ein. Diese erfassen automatisch die Verbr\u00e4uche und visualisieren diese. Auf Grundlage dieser Erkenntnisse werden im n\u00e4chsten Schritt Konzepte zur Optimierung und Einsparung entwickelt und in die automatischen Steuerungsanlagen \u00fcbertragen. Abschlie\u00dfend werden die Energieeinsparungen \u00fcberpr\u00fcft. Die Energiemonitoringsysteme sind sowohl f\u00fcr Neu- als auch Altanlagen verf\u00fcgbar.<\/p>\n\n\n\n<p>Des Weiteren bietet die InfraSolution AG Ihren Kunden energetische Inspektionen von Klimaanlagen an. Diese sind nach der Energieeinsparverordnung (EnEV) aus dem Jahr 2007 f\u00fcr alle Anlagen ab einer Nennleistung von mehr als zw\u00f6lf Kilowatt zwingend vorgeschrieben. Unser zertifiziertes Personal zeigt Ihnen im Rahmen einer Inspektion gerne weitere Einsparpotenziale auf.<\/p>\n\n\n\n<p>Wir bilden unsere Mitarbeiter st\u00e4ndig weiter, um vor allem in allen Fragen der Reduzierung von Energieverbr\u00e4uchen up-to-date zu sein. Nutzen Sie unser Know-how zur Reduzierung Ihrer Energiekosten!<\/p>\n","protected":false},"excerpt":{"rendered":"<p>Energieeinsparl\u00f6sungen Wir optimieren Ihre Energieverbr\u00e4uchee Nachhaltigkeit und Umweltschutz besitzen bei der InfraSolution AG h\u00f6chsten Stellenwert. Als f\u00fchrendes Technologieunternehmen m\u00f6chten wir dazu beitragen, dass trotz steigender technischer Anforderungen und vermehrtem Einsatz von Klima- und K\u00e4lteanlagen die Emissionen weiter zur\u00fcckgehen. Aus diesem Grund haben unsere hoch qualifizierten Ingenieure Klimaanlagen ohne elektrische Antriebssysteme entwickelt. Durch ein spezielles Verfahren [&hellip;]<\/p>\n","protected":false},"author":1,"featured_media":0,"parent":0,"menu_order":0,"comment_status":"closed","ping_status":"closed","template":"","meta":{"site-sidebar-layout":"default","site-content-layout":"","ast-site-content-layout":"default","site-content-style":"default","site-sidebar-style":"default","ast-global-header-display":"","ast-banner-title-visibility":"","ast-main-header-display":"","ast-hfb-above-header-display":"","ast-hfb-below-header-display":"","ast-hfb-mobile-header-display":"","site-post-title":"disabled","ast-breadcrumbs-content":"","ast-featured-img":"","footer-sml-layout":"","theme-transparent-header-meta":"","adv-header-id-meta":"","stick-header-meta":"","header-above-stick-meta":"","header-main-stick-meta":"","header-below-stick-meta":"","astra-migrate-meta-layouts":"set","ast-page-background-enabled":"default","ast-page-background-meta":{"desktop":{"background-color":"var(--ast-global-color-4)","background-image":"","background-repeat":"repeat","background-position":"center center","background-size":"auto","background-attachment":"scroll","background-type":"","background-media":"","overlay-type":"","overlay-color":"","overlay-opacity":"","overlay-gradient":""},"tablet":{"background-color":"","background-image":"","background-repeat":"repeat","background-position":"center center","background-size":"auto","background-attachment":"scroll","background-type":"","background-media":"","overlay-type":"","overlay-color":"","overlay-opacity":"","overlay-gradient":""},"mobile":{"background-color":"","background-image":"","background-repeat":"repeat","background-position":"center center","background-size":"auto","background-attachment":"scroll","background-type":"","background-media":"","overlay-type":"","overlay-color":"","overlay-opacity":"","overlay-gradient":""}},"ast-content-background-meta":{"desktop":{"background-color":"var(--ast-global-color-5)","background-image":"","background-repeat":"repeat","background-position":"center center","background-size":"auto","background-attachment":"scroll","background-type":"","background-media":"","overlay-type":"","overlay-color":"","overlay-opacity":"","overlay-gradient":""},"tablet":{"background-color":"var(--ast-global-color-5)","background-image":"","background-repeat":"repeat","background-position":"center center","background-size":"auto","background-attachment":"scroll","background-type":"","background-media":"","overlay-type":"","overlay-color":"","overlay-opacity":"","overlay-gradient":""},"mobile":{"background-color":"var(--ast-global-color-5)","background-image":"","background-repeat":"repeat","background-position":"center center","background-size":"auto","background-attachment":"scroll","background-type":"","background-media":"","overlay-type":"","overlay-color":"","overlay-opacity":"","overlay-gradient":""}},"footnotes":""},"class_list":["post-2190","page","type-page","status-publish","hentry"],"yoast_head":"<!-- This site is optimized with the Yoast SEO plugin v25.3.1 - https:\/\/yoast.com\/wordpress\/plugins\/seo\/ -->\n<title>Energieeinsparl\u00f6sungen - InfraSolution AG<\/title>\n<meta name=\"description\" content=\"Wir optimieren Ihre Energieverbr\u00e4uchee. Nachhaltigkeit und Umweltschutz besitzen bei der InfraSolution AG h\u00f6chsten Stellenwert.\" \/>\n<meta name=\"robots\" content=\"index, follow, max-snippet:-1, max-image-preview:large, max-video-preview:-1\" \/>\n<link rel=\"canonical\" href=\"http:\/\/www.infrasolution.ag\/en\/de\/energieeinsparlosungen\/\" \/>\n<meta property=\"og:locale\" content=\"en_US\" \/>\n<meta property=\"og:type\" content=\"article\" \/>\n<meta property=\"og:title\" content=\"Energieeinsparl\u00f6sungen - InfraSolution AG\" \/>\n<meta property=\"og:description\" content=\"Wir optimieren Ihre Energieverbr\u00e4uchee. Nachhaltigkeit und Umweltschutz besitzen bei der InfraSolution AG h\u00f6chsten Stellenwert.\" \/>\n<meta property=\"og:url\" content=\"http:\/\/www.infrasolution.ag\/en\/de\/energieeinsparlosungen\/\" \/>\n<meta property=\"og:site_name\" content=\"InfraSolution AG\" \/>\n<meta property=\"article:publisher\" content=\"https:\/\/www.facebook.com\/InfraSolutionAG\/\" \/>\n<meta property=\"article:modified_time\" content=\"2025-05-19T22:41:30+00:00\" \/>\n<meta name=\"twitter:card\" content=\"summary_large_image\" \/>\n<meta name=\"twitter:label1\" content=\"Est. reading time\" \/>\n\t<meta name=\"twitter:data1\" content=\"1 minute\" \/>\n<script type=\"application\/ld+json\" class=\"yoast-schema-graph\">{\"@context\":\"https:\/\/schema.org\",\"@graph\":[{\"@type\":\"WebPage\",\"@id\":\"http:\/\/www.infrasolution.ag\/en\/de\/energieeinsparlosungen\/\",\"url\":\"http:\/\/www.infrasolution.ag\/en\/de\/energieeinsparlosungen\/\",\"name\":\"Energieeinsparl\u00f6sungen - InfraSolution AG\",\"isPartOf\":{\"@id\":\"http:\/\/www.infrasolution.ag\/en\/#website\"},\"datePublished\":\"2024-08-04T20:49:00+00:00\",\"dateModified\":\"2025-05-19T22:41:30+00:00\",\"description\":\"Wir optimieren Ihre Energieverbr\u00e4uchee. Nachhaltigkeit und Umweltschutz besitzen bei der InfraSolution AG h\u00f6chsten Stellenwert.\",\"breadcrumb\":{\"@id\":\"http:\/\/www.infrasolution.ag\/en\/de\/energieeinsparlosungen\/#breadcrumb\"},\"inLanguage\":\"en-US\",\"potentialAction\":[{\"@type\":\"ReadAction\",\"target\":[\"http:\/\/www.infrasolution.ag\/en\/de\/energieeinsparlosungen\/\"]}]},{\"@type\":\"BreadcrumbList\",\"@id\":\"http:\/\/www.infrasolution.ag\/en\/de\/energieeinsparlosungen\/#breadcrumb\",\"itemListElement\":[{\"@type\":\"ListItem\",\"position\":1,\"name\":\"Home\",\"item\":\"https:\/\/www.infrasolution.ag\/en\/en\/home\/\"},{\"@type\":\"ListItem\",\"position\":2,\"name\":\"Energieeinsparl\u00f6sungen\"}]},{\"@type\":\"WebSite\",\"@id\":\"http:\/\/www.infrasolution.ag\/en\/#website\",\"url\":\"http:\/\/www.infrasolution.ag\/en\/\",\"name\":\"InfraSolution AG\",\"description\":\"Unternehmensgruppe\",\"publisher\":{\"@id\":\"http:\/\/www.infrasolution.ag\/en\/#organization\"},\"potentialAction\":[{\"@type\":\"SearchAction\",\"target\":{\"@type\":\"EntryPoint\",\"urlTemplate\":\"http:\/\/www.infrasolution.ag\/en\/?s={search_term_string}\"},\"query-input\":{\"@type\":\"PropertyValueSpecification\",\"valueRequired\":true,\"valueName\":\"search_term_string\"}}],\"inLanguage\":\"en-US\"},{\"@type\":\"Organization\",\"@id\":\"http:\/\/www.infrasolution.ag\/en\/#organization\",\"name\":\"InfraSolution AG\",\"url\":\"http:\/\/www.infrasolution.ag\/en\/\",\"logo\":{\"@type\":\"ImageObject\",\"inLanguage\":\"en-US\",\"@id\":\"http:\/\/www.infrasolution.ag\/en\/#\/schema\/logo\/image\/\",\"url\":\"http:\/\/www.infrasolution.ag\/en\/wp-content\/uploads\/2024\/08\/infrasolution-ag-logo.png\",\"contentUrl\":\"http:\/\/www.infrasolution.ag\/en\/wp-content\/uploads\/2024\/08\/infrasolution-ag-logo.png\",\"width\":300,\"height\":124,\"caption\":\"InfraSolution AG\"},\"image\":{\"@id\":\"http:\/\/www.infrasolution.ag\/en\/#\/schema\/logo\/image\/\"},\"sameAs\":[\"https:\/\/www.facebook.com\/InfraSolutionAG\/\",\"https:\/\/de.linkedin.com\/company\/infrasolution-ag\"]}]}<\/script>\n<!-- \/ Yoast SEO plugin. -->","yoast_head_json":{"title":"Energieeinsparl\u00f6sungen - InfraSolution AG","description":"Wir optimieren Ihre Energieverbr\u00e4uchee. Nachhaltigkeit und Umweltschutz besitzen bei der InfraSolution AG h\u00f6chsten Stellenwert.","robots":{"index":"index","follow":"follow","max-snippet":"max-snippet:-1","max-image-preview":"max-image-preview:large","max-video-preview":"max-video-preview:-1"},"canonical":"http:\/\/www.infrasolution.ag\/en\/de\/energieeinsparlosungen\/","og_locale":"en_US","og_type":"article","og_title":"Energieeinsparl\u00f6sungen - InfraSolution AG","og_description":"Wir optimieren Ihre Energieverbr\u00e4uchee. Nachhaltigkeit und Umweltschutz besitzen bei der InfraSolution AG h\u00f6chsten Stellenwert.","og_url":"http:\/\/www.infrasolution.ag\/en\/de\/energieeinsparlosungen\/","og_site_name":"InfraSolution AG","article_publisher":"https:\/\/www.facebook.com\/InfraSolutionAG\/","article_modified_time":"2025-05-19T22:41:30+00:00","twitter_card":"summary_large_image","twitter_misc":{"Est. reading time":"1 minute"},"schema":{"@context":"https:\/\/schema.org","@graph":[{"@type":"WebPage","@id":"http:\/\/www.infrasolution.ag\/en\/de\/energieeinsparlosungen\/","url":"http:\/\/www.infrasolution.ag\/en\/de\/energieeinsparlosungen\/","name":"Energieeinsparl\u00f6sungen - InfraSolution AG","isPartOf":{"@id":"http:\/\/www.infrasolution.ag\/en\/#website"},"datePublished":"2024-08-04T20:49:00+00:00","dateModified":"2025-05-19T22:41:30+00:00","description":"Wir optimieren Ihre Energieverbr\u00e4uchee. Nachhaltigkeit und Umweltschutz besitzen bei der InfraSolution AG h\u00f6chsten Stellenwert.","breadcrumb":{"@id":"http:\/\/www.infrasolution.ag\/en\/de\/energieeinsparlosungen\/#breadcrumb"},"inLanguage":"en-US","potentialAction":[{"@type":"ReadAction","target":["http:\/\/www.infrasolution.ag\/en\/de\/energieeinsparlosungen\/"]}]},{"@type":"BreadcrumbList","@id":"http:\/\/www.infrasolution.ag\/en\/de\/energieeinsparlosungen\/#breadcrumb","itemListElement":[{"@type":"ListItem","position":1,"name":"Home","item":"https:\/\/www.infrasolution.ag\/en\/en\/home\/"},{"@type":"ListItem","position":2,"name":"Energieeinsparl\u00f6sungen"}]},{"@type":"WebSite","@id":"http:\/\/www.infrasolution.ag\/en\/#website","url":"http:\/\/www.infrasolution.ag\/en\/","name":"InfraSolution AG","description":"Unternehmensgruppe","publisher":{"@id":"http:\/\/www.infrasolution.ag\/en\/#organization"},"potentialAction":[{"@type":"SearchAction","target":{"@type":"EntryPoint","urlTemplate":"http:\/\/www.infrasolution.ag\/en\/?s={search_term_string}"},"query-input":{"@type":"PropertyValueSpecification","valueRequired":true,"valueName":"search_term_string"}}],"inLanguage":"en-US"},{"@type":"Organization","@id":"http:\/\/www.infrasolution.ag\/en\/#organization","name":"InfraSolution AG","url":"http:\/\/www.infrasolution.ag\/en\/","logo":{"@type":"ImageObject","inLanguage":"en-US","@id":"http:\/\/www.infrasolution.ag\/en\/#\/schema\/logo\/image\/","url":"http:\/\/www.infrasolution.ag\/en\/wp-content\/uploads\/2024\/08\/infrasolution-ag-logo.png","contentUrl":"http:\/\/www.infrasolution.ag\/en\/wp-content\/uploads\/2024\/08\/infrasolution-ag-logo.png","width":300,"height":124,"caption":"InfraSolution AG"},"image":{"@id":"http:\/\/www.infrasolution.ag\/en\/#\/schema\/logo\/image\/"},"sameAs":["https:\/\/www.facebook.com\/InfraSolutionAG\/","https:\/\/de.linkedin.com\/company\/infrasolution-ag"]}]}},"_links":{"self":[{"href":"http:\/\/www.infrasolution.ag\/en\/wp-json\/wp\/v2\/pages\/2190","targetHints":{"allow":["GET"]}}],"collection":[{"href":"http:\/\/www.infrasolution.ag\/en\/wp-json\/wp\/v2\/pages"}],"about":[{"href":"http:\/\/www.infrasolution.ag\/en\/wp-json\/wp\/v2\/types\/page"}],"author":[{"embeddable":true,"href":"http:\/\/www.infrasolution.ag\/en\/wp-json\/wp\/v2\/users\/1"}],"replies":[{"embeddable":true,"href":"http:\/\/www.infrasolution.ag\/en\/wp-json\/wp\/v2\/comments?post=2190"}],"version-history":[{"count":0,"href":"http:\/\/www.infrasolution.ag\/en\/wp-json\/wp\/v2\/pages\/2190\/revisions"}],"wp:attachment":[{"href":"http:\/\/www.infrasolution.ag\/en\/wp-json\/wp\/v2\/media?parent=2190"}],"curies":[{"name":"wp","href":"https:\/\/api.w.org\/{rel}","templated":true}]}}