{"id":2222,"date":"2024-08-04T23:30:53","date_gmt":"2024-08-04T21:30:53","guid":{"rendered":"http:\/\/www.infrasolution.ag\/en\/?page_id=2222"},"modified":"2025-05-20T00:39:35","modified_gmt":"2025-05-19T22:39:35","slug":"industrielle-losungen","status":"publish","type":"page","link":"http:\/\/www.infrasolution.ag\/en\/de\/industrielle-losungen\/","title":{"rendered":"Industrielle L\u00f6sungen"},"content":{"rendered":"\n<p class=\"has-text-color has-link-color wp-elements-dec4679d8e9cdd76289c27c5fff49001\" style=\"color:#7fc31c;font-size:30px\">Industrielle L\u00f6sungen<\/p>\n\n\n\n<p class=\"has-text-color has-link-color has-medium-font-size wp-elements-e04fba29c197b4e5d74802faf6280627\" style=\"color:#7fc31c\"><strong>Spezialist f\u00fcr Infrastruktur-L\u00f6sungen in der Industrie<\/strong><\/p>\n\n\n\n<p>Als f\u00fchrendes Technologieunternehmen bieten wir individuelle Infrastruktur-L\u00f6sungen f\u00fcr Industriekunden. Der Fokus unserer Arbeit liegt in der Automatisierungs- und Reinraumtechnik sowie in der Planung und dem Bau von Klimaanlagen und K\u00e4ltesystemen.<\/p>\n\n\n\n<p>Die InfraSolution AG verf\u00fcgt in diesen Bereichen \u00fcber mehr als 20 Jahre Erfahrung in der Zusammenarbeit mit Industriekunden. Als praxiserprobte Techniker und Ingenieure setzen wir dabei komplexe technische Aufgabenstellungen f\u00fcr Sie um. Und das pr\u00e4zise abgestimmt auf Ihren Bedarf. Denn Ihre speziellen Anforderungen und Prozesse stehen im Mittelpunkt unserer L\u00f6sungen. Unser Ma\u00dfstab ist, Ihr Unternehmen voranzubringen!<\/p>\n\n\n\n<p>Wir bieten Ihnen im Anlagenbau das volle Leistungsspektrum an: Planung, Bau, Montage, Service und Wartung der verschiedenen Anlagetypen. Die tiefe Wertsch\u00f6pfungskette versetzt uns in die Lage, termingerecht hochkomplexe technische Anlagen herzustellen. Bei der InfraSolution AG erhalten Sie somit alles aus einer Hand.<\/p>\n\n\n\n<p>Von Anfang an legen wir ein besonderes Augenmerk auf die Nachhaltigkeit Ihrer Investitionen. Durch den Einbau von Qualit\u00e4tskomponeneten unterschiedlicher Hersteller, wirken wir einem schnellen Verschlei\u00df und damit einhergehender Fehlerhaftigkeit entgegen. Zudem begleiten wir unsere Kunden \u00fcber den ganzen Lebenszyklus einer Anlage und bieten professionelle Wartung und zuverl\u00e4ssigen Support. Nach Bedarf leisten wir f\u00fcr sie eine Rund-um-die-Uhr-Betreuung 24 Stunden am Tag, 7 Tage die Woche um eine einwandfreie Funktion zu sichern.<\/p>\n\n\n\n<p>Unsere Leistungen f\u00fcr Industriekunden im \u00dcberblick:<\/p>\n\n\n\n<ul style=\"background-color:#f7f7f7\" class=\"wp-block-list has-background\">\n<li>Klima- und Reinraumanlagen<\/li>\n\n\n\n<li>K\u00e4lte- und Tiefk\u00e4lteanlagen<\/li>\n\n\n\n<li>Heiztechnik<\/li>\n\n\n\n<li>Solare K\u00fchlung<\/li>\n\n\n\n<li>Fernw\u00e4rme\/Kondensatr\u00fcckf\u00f6rderanlagen<\/li>\n<\/ul>\n\n\n\n<p>Haupts\u00e4chlich kommen unsere gro\u00dfen Anlagen in der Pharma- und Chemieindustrie sowie in der Energiewirtschaft zum Einsatz.<\/p>\n","protected":false},"excerpt":{"rendered":"<p>Industrielle L\u00f6sungen Spezialist f\u00fcr Infrastruktur-L\u00f6sungen in der Industrie Als f\u00fchrendes Technologieunternehmen bieten wir individuelle Infrastruktur-L\u00f6sungen f\u00fcr Industriekunden. Der Fokus unserer Arbeit liegt in der Automatisierungs- und Reinraumtechnik sowie in der Planung und dem Bau von Klimaanlagen und K\u00e4ltesystemen. Die InfraSolution AG verf\u00fcgt in diesen Bereichen \u00fcber mehr als 20 Jahre Erfahrung in der Zusammenarbeit mit [&hellip;]<\/p>\n","protected":false},"author":1,"featured_media":0,"parent":0,"menu_order":0,"comment_status":"closed","ping_status":"closed","template":"","meta":{"site-sidebar-layout":"default","site-content-layout":"","ast-site-content-layout":"default","site-content-style":"default","site-sidebar-style":"default","ast-global-header-display":"","ast-banner-title-visibility":"","ast-main-header-display":"","ast-hfb-above-header-display":"","ast-hfb-below-header-display":"","ast-hfb-mobile-header-display":"","site-post-title":"disabled","ast-breadcrumbs-content":"","ast-featured-img":"","footer-sml-layout":"","theme-transparent-header-meta":"","adv-header-id-meta":"","stick-header-meta":"","header-above-stick-meta":"","header-main-stick-meta":"","header-below-stick-meta":"","astra-migrate-meta-layouts":"set","ast-page-background-enabled":"default","ast-page-background-meta":{"desktop":{"background-color":"var(--ast-global-color-4)","background-image":"","background-repeat":"repeat","background-position":"center center","background-size":"auto","background-attachment":"scroll","background-type":"","background-media":"","overlay-type":"","overlay-color":"","overlay-opacity":"","overlay-gradient":""},"tablet":{"background-color":"","background-image":"","background-repeat":"repeat","background-position":"center center","background-size":"auto","background-attachment":"scroll","background-type":"","background-media":"","overlay-type":"","overlay-color":"","overlay-opacity":"","overlay-gradient":""},"mobile":{"background-color":"","background-image":"","background-repeat":"repeat","background-position":"center center","background-size":"auto","background-attachment":"scroll","background-type":"","background-media":"","overlay-type":"","overlay-color":"","overlay-opacity":"","overlay-gradient":""}},"ast-content-background-meta":{"desktop":{"background-color":"var(--ast-global-color-5)","background-image":"","background-repeat":"repeat","background-position":"center center","background-size":"auto","background-attachment":"scroll","background-type":"","background-media":"","overlay-type":"","overlay-color":"","overlay-opacity":"","overlay-gradient":""},"tablet":{"background-color":"var(--ast-global-color-5)","background-image":"","background-repeat":"repeat","background-position":"center center","background-size":"auto","background-attachment":"scroll","background-type":"","background-media":"","overlay-type":"","overlay-color":"","overlay-opacity":"","overlay-gradient":""},"mobile":{"background-color":"var(--ast-global-color-5)","background-image":"","background-repeat":"repeat","background-position":"center center","background-size":"auto","background-attachment":"scroll","background-type":"","background-media":"","overlay-type":"","overlay-color":"","overlay-opacity":"","overlay-gradient":""}},"footnotes":""},"class_list":["post-2222","page","type-page","status-publish","hentry"],"yoast_head":"<!-- This site is optimized with the Yoast SEO plugin v25.3.1 - https:\/\/yoast.com\/wordpress\/plugins\/seo\/ -->\n<title>Industrielle L\u00f6sungen - InfraSolution AG<\/title>\n<meta name=\"description\" content=\"Als f\u00fchrendes Technologieunternehmen bieten wir individuelle Infrastruktur-L\u00f6sungen f\u00fcr Industriekunden. Der Fokus unserer Arbeit liegt in der Automatisierungs- und Reinraumtechnik sowie in der Planung und dem Bau von Klimaanlagen und K\u00e4ltesystemen.\" \/>\n<meta name=\"robots\" content=\"index, follow, max-snippet:-1, max-image-preview:large, max-video-preview:-1\" \/>\n<link rel=\"canonical\" href=\"http:\/\/www.infrasolution.ag\/en\/de\/industrielle-losungen\/\" \/>\n<meta property=\"og:locale\" content=\"en_US\" \/>\n<meta property=\"og:type\" content=\"article\" \/>\n<meta property=\"og:title\" content=\"Industrielle L\u00f6sungen - InfraSolution AG\" \/>\n<meta property=\"og:description\" content=\"Als f\u00fchrendes Technologieunternehmen bieten wir individuelle Infrastruktur-L\u00f6sungen f\u00fcr Industriekunden. Der Fokus unserer Arbeit liegt in der Automatisierungs- und Reinraumtechnik sowie in der Planung und dem Bau von Klimaanlagen und K\u00e4ltesystemen.\" \/>\n<meta property=\"og:url\" content=\"http:\/\/www.infrasolution.ag\/en\/de\/industrielle-losungen\/\" \/>\n<meta property=\"og:site_name\" content=\"InfraSolution AG\" \/>\n<meta property=\"article:publisher\" content=\"https:\/\/www.facebook.com\/InfraSolutionAG\/\" \/>\n<meta property=\"article:modified_time\" content=\"2025-05-19T22:39:35+00:00\" \/>\n<meta name=\"twitter:card\" content=\"summary_large_image\" \/>\n<meta name=\"twitter:label1\" content=\"Est. reading time\" \/>\n\t<meta name=\"twitter:data1\" content=\"2 minutes\" \/>\n<script type=\"application\/ld+json\" class=\"yoast-schema-graph\">{\"@context\":\"https:\/\/schema.org\",\"@graph\":[{\"@type\":\"WebPage\",\"@id\":\"http:\/\/www.infrasolution.ag\/en\/de\/industrielle-losungen\/\",\"url\":\"http:\/\/www.infrasolution.ag\/en\/de\/industrielle-losungen\/\",\"name\":\"Industrielle L\u00f6sungen - InfraSolution AG\",\"isPartOf\":{\"@id\":\"http:\/\/www.infrasolution.ag\/en\/#website\"},\"datePublished\":\"2024-08-04T21:30:53+00:00\",\"dateModified\":\"2025-05-19T22:39:35+00:00\",\"description\":\"Als f\u00fchrendes Technologieunternehmen bieten wir individuelle Infrastruktur-L\u00f6sungen f\u00fcr Industriekunden. Der Fokus unserer Arbeit liegt in der Automatisierungs- und Reinraumtechnik sowie in der Planung und dem Bau von Klimaanlagen und K\u00e4ltesystemen.\",\"breadcrumb\":{\"@id\":\"http:\/\/www.infrasolution.ag\/en\/de\/industrielle-losungen\/#breadcrumb\"},\"inLanguage\":\"en-US\",\"potentialAction\":[{\"@type\":\"ReadAction\",\"target\":[\"http:\/\/www.infrasolution.ag\/en\/de\/industrielle-losungen\/\"]}]},{\"@type\":\"BreadcrumbList\",\"@id\":\"http:\/\/www.infrasolution.ag\/en\/de\/industrielle-losungen\/#breadcrumb\",\"itemListElement\":[{\"@type\":\"ListItem\",\"position\":1,\"name\":\"Home\",\"item\":\"https:\/\/www.infrasolution.ag\/en\/en\/home\/\"},{\"@type\":\"ListItem\",\"position\":2,\"name\":\"Industrielle L\u00f6sungen\"}]},{\"@type\":\"WebSite\",\"@id\":\"http:\/\/www.infrasolution.ag\/en\/#website\",\"url\":\"http:\/\/www.infrasolution.ag\/en\/\",\"name\":\"InfraSolution AG\",\"description\":\"Unternehmensgruppe\",\"publisher\":{\"@id\":\"http:\/\/www.infrasolution.ag\/en\/#organization\"},\"potentialAction\":[{\"@type\":\"SearchAction\",\"target\":{\"@type\":\"EntryPoint\",\"urlTemplate\":\"http:\/\/www.infrasolution.ag\/en\/?s={search_term_string}\"},\"query-input\":{\"@type\":\"PropertyValueSpecification\",\"valueRequired\":true,\"valueName\":\"search_term_string\"}}],\"inLanguage\":\"en-US\"},{\"@type\":\"Organization\",\"@id\":\"http:\/\/www.infrasolution.ag\/en\/#organization\",\"name\":\"InfraSolution AG\",\"url\":\"http:\/\/www.infrasolution.ag\/en\/\",\"logo\":{\"@type\":\"ImageObject\",\"inLanguage\":\"en-US\",\"@id\":\"http:\/\/www.infrasolution.ag\/en\/#\/schema\/logo\/image\/\",\"url\":\"http:\/\/www.infrasolution.ag\/en\/wp-content\/uploads\/2024\/08\/infrasolution-ag-logo.png\",\"contentUrl\":\"http:\/\/www.infrasolution.ag\/en\/wp-content\/uploads\/2024\/08\/infrasolution-ag-logo.png\",\"width\":300,\"height\":124,\"caption\":\"InfraSolution AG\"},\"image\":{\"@id\":\"http:\/\/www.infrasolution.ag\/en\/#\/schema\/logo\/image\/\"},\"sameAs\":[\"https:\/\/www.facebook.com\/InfraSolutionAG\/\",\"https:\/\/de.linkedin.com\/company\/infrasolution-ag\"]}]}<\/script>\n<!-- \/ Yoast SEO plugin. -->","yoast_head_json":{"title":"Industrielle L\u00f6sungen - InfraSolution AG","description":"Als f\u00fchrendes Technologieunternehmen bieten wir individuelle Infrastruktur-L\u00f6sungen f\u00fcr Industriekunden. Der Fokus unserer Arbeit liegt in der Automatisierungs- und Reinraumtechnik sowie in der Planung und dem Bau von Klimaanlagen und K\u00e4ltesystemen.","robots":{"index":"index","follow":"follow","max-snippet":"max-snippet:-1","max-image-preview":"max-image-preview:large","max-video-preview":"max-video-preview:-1"},"canonical":"http:\/\/www.infrasolution.ag\/en\/de\/industrielle-losungen\/","og_locale":"en_US","og_type":"article","og_title":"Industrielle L\u00f6sungen - InfraSolution AG","og_description":"Als f\u00fchrendes Technologieunternehmen bieten wir individuelle Infrastruktur-L\u00f6sungen f\u00fcr Industriekunden. Der Fokus unserer Arbeit liegt in der Automatisierungs- und Reinraumtechnik sowie in der Planung und dem Bau von Klimaanlagen und K\u00e4ltesystemen.","og_url":"http:\/\/www.infrasolution.ag\/en\/de\/industrielle-losungen\/","og_site_name":"InfraSolution AG","article_publisher":"https:\/\/www.facebook.com\/InfraSolutionAG\/","article_modified_time":"2025-05-19T22:39:35+00:00","twitter_card":"summary_large_image","twitter_misc":{"Est. reading time":"2 minutes"},"schema":{"@context":"https:\/\/schema.org","@graph":[{"@type":"WebPage","@id":"http:\/\/www.infrasolution.ag\/en\/de\/industrielle-losungen\/","url":"http:\/\/www.infrasolution.ag\/en\/de\/industrielle-losungen\/","name":"Industrielle L\u00f6sungen - InfraSolution AG","isPartOf":{"@id":"http:\/\/www.infrasolution.ag\/en\/#website"},"datePublished":"2024-08-04T21:30:53+00:00","dateModified":"2025-05-19T22:39:35+00:00","description":"Als f\u00fchrendes Technologieunternehmen bieten wir individuelle Infrastruktur-L\u00f6sungen f\u00fcr Industriekunden. Der Fokus unserer Arbeit liegt in der Automatisierungs- und Reinraumtechnik sowie in der Planung und dem Bau von Klimaanlagen und K\u00e4ltesystemen.","breadcrumb":{"@id":"http:\/\/www.infrasolution.ag\/en\/de\/industrielle-losungen\/#breadcrumb"},"inLanguage":"en-US","potentialAction":[{"@type":"ReadAction","target":["http:\/\/www.infrasolution.ag\/en\/de\/industrielle-losungen\/"]}]},{"@type":"BreadcrumbList","@id":"http:\/\/www.infrasolution.ag\/en\/de\/industrielle-losungen\/#breadcrumb","itemListElement":[{"@type":"ListItem","position":1,"name":"Home","item":"https:\/\/www.infrasolution.ag\/en\/en\/home\/"},{"@type":"ListItem","position":2,"name":"Industrielle L\u00f6sungen"}]},{"@type":"WebSite","@id":"http:\/\/www.infrasolution.ag\/en\/#website","url":"http:\/\/www.infrasolution.ag\/en\/","name":"InfraSolution AG","description":"Unternehmensgruppe","publisher":{"@id":"http:\/\/www.infrasolution.ag\/en\/#organization"},"potentialAction":[{"@type":"SearchAction","target":{"@type":"EntryPoint","urlTemplate":"http:\/\/www.infrasolution.ag\/en\/?s={search_term_string}"},"query-input":{"@type":"PropertyValueSpecification","valueRequired":true,"valueName":"search_term_string"}}],"inLanguage":"en-US"},{"@type":"Organization","@id":"http:\/\/www.infrasolution.ag\/en\/#organization","name":"InfraSolution AG","url":"http:\/\/www.infrasolution.ag\/en\/","logo":{"@type":"ImageObject","inLanguage":"en-US","@id":"http:\/\/www.infrasolution.ag\/en\/#\/schema\/logo\/image\/","url":"http:\/\/www.infrasolution.ag\/en\/wp-content\/uploads\/2024\/08\/infrasolution-ag-logo.png","contentUrl":"http:\/\/www.infrasolution.ag\/en\/wp-content\/uploads\/2024\/08\/infrasolution-ag-logo.png","width":300,"height":124,"caption":"InfraSolution AG"},"image":{"@id":"http:\/\/www.infrasolution.ag\/en\/#\/schema\/logo\/image\/"},"sameAs":["https:\/\/www.facebook.com\/InfraSolutionAG\/","https:\/\/de.linkedin.com\/company\/infrasolution-ag"]}]}},"_links":{"self":[{"href":"http:\/\/www.infrasolution.ag\/en\/wp-json\/wp\/v2\/pages\/2222","targetHints":{"allow":["GET"]}}],"collection":[{"href":"http:\/\/www.infrasolution.ag\/en\/wp-json\/wp\/v2\/pages"}],"about":[{"href":"http:\/\/www.infrasolution.ag\/en\/wp-json\/wp\/v2\/types\/page"}],"author":[{"embeddable":true,"href":"http:\/\/www.infrasolution.ag\/en\/wp-json\/wp\/v2\/users\/1"}],"replies":[{"embeddable":true,"href":"http:\/\/www.infrasolution.ag\/en\/wp-json\/wp\/v2\/comments?post=2222"}],"version-history":[{"count":0,"href":"http:\/\/www.infrasolution.ag\/en\/wp-json\/wp\/v2\/pages\/2222\/revisions"}],"wp:attachment":[{"href":"http:\/\/www.infrasolution.ag\/en\/wp-json\/wp\/v2\/media?parent=2222"}],"curies":[{"name":"wp","href":"https:\/\/api.w.org\/{rel}","templated":true}]}}