{"id":2226,"date":"2024-08-04T23:38:27","date_gmt":"2024-08-04T21:38:27","guid":{"rendered":"http:\/\/www.infrasolution.ag\/en\/?page_id=2226"},"modified":"2025-05-20T00:40:24","modified_gmt":"2025-05-19T22:40:24","slug":"losungen-fur-gebaude","status":"publish","type":"page","link":"http:\/\/www.infrasolution.ag\/en\/de\/losungen-fur-gebaude\/","title":{"rendered":"L\u00f6sungen f\u00fcr Geb\u00e4ude"},"content":{"rendered":"\n<p class=\"has-text-color has-link-color wp-elements-ba4f859bf2c35d3bb917b7fb5940faa5\" style=\"color:#7fc31c;font-size:30px\">L\u00f6sungen f\u00fcr Geb\u00e4ude<\/p>\n\n\n\n<p class=\"has-text-color has-link-color has-medium-font-size wp-elements-c8b84010bd414c2c82c11fe05b313ee6\" style=\"color:#7fc31c\"><strong>Individuelle Klimatechnik f\u00fcr B\u00fcro- und Gewerbegeb\u00e4ude<\/strong><\/p>\n\n\n\n<p>B\u00fcro- und Gewerbegeb\u00e4ude m\u00fcssen heute einerseits vielfache Anforderungen erf\u00fcllen, um als optimale Grundlage f\u00fcr Wohlbefinden und Gesundheit am Arbeitsplatz und damit einhergehende gute Leistungsbereitschaft wahrgenommen zu werden. Gerade die Klima- und K\u00e4ltetechnik spielt dabei eine wesentliche Rolle.<\/p>\n\n\n\n<p>Die InfraSolution AG ist ein f\u00fchrender Technologieanbieter von Klimatechnik f\u00fcr jeden Einsatzbereich. Unsere erfahrenen Ingenieure und Techniker planen und bauen individuelle Klimaanlagen passend zu Ihren Anforderungen. Kunden aus dem gewerblichen und industriellen Umfeld sowie der \u00f6ffentlichen Hand vertrauen seit vielen Jahren auf unsere Kompetenz. Und dies mit gro\u00dfem Erfolg.  <\/p>\n\n\n\n<p>Wir \u00fcbernehmen f\u00fcr Sie alle Schritte bei der Installation einer Anlage. Angefangen von der Planung abgestimmt auf Ihre Geb\u00e4udegegebenheiten, \u00fcber den Bau bis hin zur Wartung und dem Service ist die InfraSolution AG Ihr Partner. Die tiefe Wertsch\u00f6pfungskette versetzt uns in die Lage, termingerecht hochkomplexe technische Anlagen herzustellen.<\/p>\n\n\n\n<p>Von Anfang an legen wir ein besonderes Augenmerk auf die Nachhaltigkeit Ihrer Investitionen. Durch den Einbau von Qualit\u00e4tskomponeneten unterschiedlicher Hersteller, wirken wir einem schnellen Verschlei\u00df und damit einhergehender Fehlerhaftigkeit entgegen. Zudem begleiten wir unsere Kunden \u00fcber den ganzen Lebenszyklus einer Anlage und bieten professionelle Wartung und zuverl\u00e4ssigen Support.<\/p>\n\n\n\n<p>Die Zufriedenheit unserer Kunden steht bei uns im Mittelpunkt unseres Handelns. Gerade ein guter und schneller Kundendienst spielt dabei eine wichtige Rolle. In der IT-Technik ist oftmals, wie biespielsweise in Serverr\u00e4umen, eine schnelle Reaktionszeit unabdingbar. Deshalb leisten unsere hochspezialisierten Mitarbeitern nach Bedarf f\u00fcr sie eine Rund-um-die-Uhr-Betreuung 24 Stunden am Tag, 7 Tage die Woche, um eine einwandfreie Funktion zu sichern. Ihre Investition ist bei uns in den besten H\u00e4nden!<\/p>\n","protected":false},"excerpt":{"rendered":"<p>L\u00f6sungen f\u00fcr Geb\u00e4ude Individuelle Klimatechnik f\u00fcr B\u00fcro- und Gewerbegeb\u00e4ude B\u00fcro- und Gewerbegeb\u00e4ude m\u00fcssen heute einerseits vielfache Anforderungen erf\u00fcllen, um als optimale Grundlage f\u00fcr Wohlbefinden und Gesundheit am Arbeitsplatz und damit einhergehende gute Leistungsbereitschaft wahrgenommen zu werden. Gerade die Klima- und K\u00e4ltetechnik spielt dabei eine wesentliche Rolle. Die InfraSolution AG ist ein f\u00fchrender Technologieanbieter von Klimatechnik [&hellip;]<\/p>\n","protected":false},"author":1,"featured_media":0,"parent":0,"menu_order":0,"comment_status":"closed","ping_status":"closed","template":"","meta":{"site-sidebar-layout":"default","site-content-layout":"","ast-site-content-layout":"default","site-content-style":"default","site-sidebar-style":"default","ast-global-header-display":"","ast-banner-title-visibility":"","ast-main-header-display":"","ast-hfb-above-header-display":"","ast-hfb-below-header-display":"","ast-hfb-mobile-header-display":"","site-post-title":"disabled","ast-breadcrumbs-content":"","ast-featured-img":"","footer-sml-layout":"","theme-transparent-header-meta":"","adv-header-id-meta":"","stick-header-meta":"","header-above-stick-meta":"","header-main-stick-meta":"","header-below-stick-meta":"","astra-migrate-meta-layouts":"set","ast-page-background-enabled":"default","ast-page-background-meta":{"desktop":{"background-color":"var(--ast-global-color-4)","background-image":"","background-repeat":"repeat","background-position":"center center","background-size":"auto","background-attachment":"scroll","background-type":"","background-media":"","overlay-type":"","overlay-color":"","overlay-opacity":"","overlay-gradient":""},"tablet":{"background-color":"","background-image":"","background-repeat":"repeat","background-position":"center center","background-size":"auto","background-attachment":"scroll","background-type":"","background-media":"","overlay-type":"","overlay-color":"","overlay-opacity":"","overlay-gradient":""},"mobile":{"background-color":"","background-image":"","background-repeat":"repeat","background-position":"center center","background-size":"auto","background-attachment":"scroll","background-type":"","background-media":"","overlay-type":"","overlay-color":"","overlay-opacity":"","overlay-gradient":""}},"ast-content-background-meta":{"desktop":{"background-color":"var(--ast-global-color-5)","background-image":"","background-repeat":"repeat","background-position":"center center","background-size":"auto","background-attachment":"scroll","background-type":"","background-media":"","overlay-type":"","overlay-color":"","overlay-opacity":"","overlay-gradient":""},"tablet":{"background-color":"var(--ast-global-color-5)","background-image":"","background-repeat":"repeat","background-position":"center center","background-size":"auto","background-attachment":"scroll","background-type":"","background-media":"","overlay-type":"","overlay-color":"","overlay-opacity":"","overlay-gradient":""},"mobile":{"background-color":"var(--ast-global-color-5)","background-image":"","background-repeat":"repeat","background-position":"center center","background-size":"auto","background-attachment":"scroll","background-type":"","background-media":"","overlay-type":"","overlay-color":"","overlay-opacity":"","overlay-gradient":""}},"footnotes":""},"class_list":["post-2226","page","type-page","status-publish","hentry"],"yoast_head":"<!-- This site is optimized with the Yoast SEO plugin v25.3.1 - https:\/\/yoast.com\/wordpress\/plugins\/seo\/ -->\n<title>L\u00f6sungen f\u00fcr Geb\u00e4ude - InfraSolution AG<\/title>\n<meta name=\"description\" content=\"B\u00fcro- und Gewerbegeb\u00e4ude m\u00fcssen heute einerseits vielfache Anforderungen erf\u00fcllen, um als optimale Grundlage f\u00fcr Wohlbefinden und Gesundheit am Arbeitsplatz und damit einhergehende gute Leistungsbereitschaft wahrgenommen zu werden. Gerade die Klima- und K\u00e4ltetechnik spielt dabei eine wesentliche Rolle.\" \/>\n<meta name=\"robots\" content=\"index, follow, max-snippet:-1, max-image-preview:large, max-video-preview:-1\" \/>\n<link rel=\"canonical\" href=\"http:\/\/www.infrasolution.ag\/en\/de\/losungen-fur-gebaude\/\" \/>\n<meta property=\"og:locale\" content=\"en_US\" \/>\n<meta property=\"og:type\" content=\"article\" \/>\n<meta property=\"og:title\" content=\"L\u00f6sungen f\u00fcr Geb\u00e4ude - InfraSolution AG\" \/>\n<meta property=\"og:description\" content=\"B\u00fcro- und Gewerbegeb\u00e4ude m\u00fcssen heute einerseits vielfache Anforderungen erf\u00fcllen, um als optimale Grundlage f\u00fcr Wohlbefinden und Gesundheit am Arbeitsplatz und damit einhergehende gute Leistungsbereitschaft wahrgenommen zu werden. Gerade die Klima- und K\u00e4ltetechnik spielt dabei eine wesentliche Rolle.\" \/>\n<meta property=\"og:url\" content=\"http:\/\/www.infrasolution.ag\/en\/de\/losungen-fur-gebaude\/\" \/>\n<meta property=\"og:site_name\" content=\"InfraSolution AG\" \/>\n<meta property=\"article:publisher\" content=\"https:\/\/www.facebook.com\/InfraSolutionAG\/\" \/>\n<meta property=\"article:modified_time\" content=\"2025-05-19T22:40:24+00:00\" \/>\n<meta name=\"twitter:card\" content=\"summary_large_image\" \/>\n<meta name=\"twitter:label1\" content=\"Est. reading time\" \/>\n\t<meta name=\"twitter:data1\" content=\"2 minutes\" \/>\n<script type=\"application\/ld+json\" class=\"yoast-schema-graph\">{\"@context\":\"https:\/\/schema.org\",\"@graph\":[{\"@type\":\"WebPage\",\"@id\":\"http:\/\/www.infrasolution.ag\/en\/de\/losungen-fur-gebaude\/\",\"url\":\"http:\/\/www.infrasolution.ag\/en\/de\/losungen-fur-gebaude\/\",\"name\":\"L\u00f6sungen f\u00fcr Geb\u00e4ude - InfraSolution AG\",\"isPartOf\":{\"@id\":\"http:\/\/www.infrasolution.ag\/en\/#website\"},\"datePublished\":\"2024-08-04T21:38:27+00:00\",\"dateModified\":\"2025-05-19T22:40:24+00:00\",\"description\":\"B\u00fcro- und Gewerbegeb\u00e4ude m\u00fcssen heute einerseits vielfache Anforderungen erf\u00fcllen, um als optimale Grundlage f\u00fcr Wohlbefinden und Gesundheit am Arbeitsplatz und damit einhergehende gute Leistungsbereitschaft wahrgenommen zu werden. Gerade die Klima- und K\u00e4ltetechnik spielt dabei eine wesentliche Rolle.\",\"breadcrumb\":{\"@id\":\"http:\/\/www.infrasolution.ag\/en\/de\/losungen-fur-gebaude\/#breadcrumb\"},\"inLanguage\":\"en-US\",\"potentialAction\":[{\"@type\":\"ReadAction\",\"target\":[\"http:\/\/www.infrasolution.ag\/en\/de\/losungen-fur-gebaude\/\"]}]},{\"@type\":\"BreadcrumbList\",\"@id\":\"http:\/\/www.infrasolution.ag\/en\/de\/losungen-fur-gebaude\/#breadcrumb\",\"itemListElement\":[{\"@type\":\"ListItem\",\"position\":1,\"name\":\"Home\",\"item\":\"https:\/\/www.infrasolution.ag\/en\/en\/home\/\"},{\"@type\":\"ListItem\",\"position\":2,\"name\":\"L\u00f6sungen f\u00fcr Geb\u00e4ude\"}]},{\"@type\":\"WebSite\",\"@id\":\"http:\/\/www.infrasolution.ag\/en\/#website\",\"url\":\"http:\/\/www.infrasolution.ag\/en\/\",\"name\":\"InfraSolution AG\",\"description\":\"Unternehmensgruppe\",\"publisher\":{\"@id\":\"http:\/\/www.infrasolution.ag\/en\/#organization\"},\"potentialAction\":[{\"@type\":\"SearchAction\",\"target\":{\"@type\":\"EntryPoint\",\"urlTemplate\":\"http:\/\/www.infrasolution.ag\/en\/?s={search_term_string}\"},\"query-input\":{\"@type\":\"PropertyValueSpecification\",\"valueRequired\":true,\"valueName\":\"search_term_string\"}}],\"inLanguage\":\"en-US\"},{\"@type\":\"Organization\",\"@id\":\"http:\/\/www.infrasolution.ag\/en\/#organization\",\"name\":\"InfraSolution AG\",\"url\":\"http:\/\/www.infrasolution.ag\/en\/\",\"logo\":{\"@type\":\"ImageObject\",\"inLanguage\":\"en-US\",\"@id\":\"http:\/\/www.infrasolution.ag\/en\/#\/schema\/logo\/image\/\",\"url\":\"http:\/\/www.infrasolution.ag\/en\/wp-content\/uploads\/2024\/08\/infrasolution-ag-logo.png\",\"contentUrl\":\"http:\/\/www.infrasolution.ag\/en\/wp-content\/uploads\/2024\/08\/infrasolution-ag-logo.png\",\"width\":300,\"height\":124,\"caption\":\"InfraSolution AG\"},\"image\":{\"@id\":\"http:\/\/www.infrasolution.ag\/en\/#\/schema\/logo\/image\/\"},\"sameAs\":[\"https:\/\/www.facebook.com\/InfraSolutionAG\/\",\"https:\/\/de.linkedin.com\/company\/infrasolution-ag\"]}]}<\/script>\n<!-- \/ Yoast SEO plugin. -->","yoast_head_json":{"title":"L\u00f6sungen f\u00fcr Geb\u00e4ude - InfraSolution AG","description":"B\u00fcro- und Gewerbegeb\u00e4ude m\u00fcssen heute einerseits vielfache Anforderungen erf\u00fcllen, um als optimale Grundlage f\u00fcr Wohlbefinden und Gesundheit am Arbeitsplatz und damit einhergehende gute Leistungsbereitschaft wahrgenommen zu werden. Gerade die Klima- und K\u00e4ltetechnik spielt dabei eine wesentliche Rolle.","robots":{"index":"index","follow":"follow","max-snippet":"max-snippet:-1","max-image-preview":"max-image-preview:large","max-video-preview":"max-video-preview:-1"},"canonical":"http:\/\/www.infrasolution.ag\/en\/de\/losungen-fur-gebaude\/","og_locale":"en_US","og_type":"article","og_title":"L\u00f6sungen f\u00fcr Geb\u00e4ude - InfraSolution AG","og_description":"B\u00fcro- und Gewerbegeb\u00e4ude m\u00fcssen heute einerseits vielfache Anforderungen erf\u00fcllen, um als optimale Grundlage f\u00fcr Wohlbefinden und Gesundheit am Arbeitsplatz und damit einhergehende gute Leistungsbereitschaft wahrgenommen zu werden. Gerade die Klima- und K\u00e4ltetechnik spielt dabei eine wesentliche Rolle.","og_url":"http:\/\/www.infrasolution.ag\/en\/de\/losungen-fur-gebaude\/","og_site_name":"InfraSolution AG","article_publisher":"https:\/\/www.facebook.com\/InfraSolutionAG\/","article_modified_time":"2025-05-19T22:40:24+00:00","twitter_card":"summary_large_image","twitter_misc":{"Est. reading time":"2 minutes"},"schema":{"@context":"https:\/\/schema.org","@graph":[{"@type":"WebPage","@id":"http:\/\/www.infrasolution.ag\/en\/de\/losungen-fur-gebaude\/","url":"http:\/\/www.infrasolution.ag\/en\/de\/losungen-fur-gebaude\/","name":"L\u00f6sungen f\u00fcr Geb\u00e4ude - InfraSolution AG","isPartOf":{"@id":"http:\/\/www.infrasolution.ag\/en\/#website"},"datePublished":"2024-08-04T21:38:27+00:00","dateModified":"2025-05-19T22:40:24+00:00","description":"B\u00fcro- und Gewerbegeb\u00e4ude m\u00fcssen heute einerseits vielfache Anforderungen erf\u00fcllen, um als optimale Grundlage f\u00fcr Wohlbefinden und Gesundheit am Arbeitsplatz und damit einhergehende gute Leistungsbereitschaft wahrgenommen zu werden. Gerade die Klima- und K\u00e4ltetechnik spielt dabei eine wesentliche Rolle.","breadcrumb":{"@id":"http:\/\/www.infrasolution.ag\/en\/de\/losungen-fur-gebaude\/#breadcrumb"},"inLanguage":"en-US","potentialAction":[{"@type":"ReadAction","target":["http:\/\/www.infrasolution.ag\/en\/de\/losungen-fur-gebaude\/"]}]},{"@type":"BreadcrumbList","@id":"http:\/\/www.infrasolution.ag\/en\/de\/losungen-fur-gebaude\/#breadcrumb","itemListElement":[{"@type":"ListItem","position":1,"name":"Home","item":"https:\/\/www.infrasolution.ag\/en\/en\/home\/"},{"@type":"ListItem","position":2,"name":"L\u00f6sungen f\u00fcr Geb\u00e4ude"}]},{"@type":"WebSite","@id":"http:\/\/www.infrasolution.ag\/en\/#website","url":"http:\/\/www.infrasolution.ag\/en\/","name":"InfraSolution AG","description":"Unternehmensgruppe","publisher":{"@id":"http:\/\/www.infrasolution.ag\/en\/#organization"},"potentialAction":[{"@type":"SearchAction","target":{"@type":"EntryPoint","urlTemplate":"http:\/\/www.infrasolution.ag\/en\/?s={search_term_string}"},"query-input":{"@type":"PropertyValueSpecification","valueRequired":true,"valueName":"search_term_string"}}],"inLanguage":"en-US"},{"@type":"Organization","@id":"http:\/\/www.infrasolution.ag\/en\/#organization","name":"InfraSolution AG","url":"http:\/\/www.infrasolution.ag\/en\/","logo":{"@type":"ImageObject","inLanguage":"en-US","@id":"http:\/\/www.infrasolution.ag\/en\/#\/schema\/logo\/image\/","url":"http:\/\/www.infrasolution.ag\/en\/wp-content\/uploads\/2024\/08\/infrasolution-ag-logo.png","contentUrl":"http:\/\/www.infrasolution.ag\/en\/wp-content\/uploads\/2024\/08\/infrasolution-ag-logo.png","width":300,"height":124,"caption":"InfraSolution AG"},"image":{"@id":"http:\/\/www.infrasolution.ag\/en\/#\/schema\/logo\/image\/"},"sameAs":["https:\/\/www.facebook.com\/InfraSolutionAG\/","https:\/\/de.linkedin.com\/company\/infrasolution-ag"]}]}},"_links":{"self":[{"href":"http:\/\/www.infrasolution.ag\/en\/wp-json\/wp\/v2\/pages\/2226","targetHints":{"allow":["GET"]}}],"collection":[{"href":"http:\/\/www.infrasolution.ag\/en\/wp-json\/wp\/v2\/pages"}],"about":[{"href":"http:\/\/www.infrasolution.ag\/en\/wp-json\/wp\/v2\/types\/page"}],"author":[{"embeddable":true,"href":"http:\/\/www.infrasolution.ag\/en\/wp-json\/wp\/v2\/users\/1"}],"replies":[{"embeddable":true,"href":"http:\/\/www.infrasolution.ag\/en\/wp-json\/wp\/v2\/comments?post=2226"}],"version-history":[{"count":0,"href":"http:\/\/www.infrasolution.ag\/en\/wp-json\/wp\/v2\/pages\/2226\/revisions"}],"wp:attachment":[{"href":"http:\/\/www.infrasolution.ag\/en\/wp-json\/wp\/v2\/media?parent=2226"}],"curies":[{"name":"wp","href":"https:\/\/api.w.org\/{rel}","templated":true}]}}