{"id":2238,"date":"2024-08-05T00:08:01","date_gmt":"2024-08-04T22:08:01","guid":{"rendered":"http:\/\/www.infrasolution.ag\/en\/?page_id=2238"},"modified":"2025-05-20T00:43:16","modified_gmt":"2025-05-19T22:43:16","slug":"losungen-im-bereich-niederspannung","status":"publish","type":"page","link":"http:\/\/www.infrasolution.ag\/en\/de\/losungen-im-bereich-niederspannung\/","title":{"rendered":"L\u00f6sungen im Bereich Niederspannung"},"content":{"rendered":"\n<p class=\"has-text-color has-link-color wp-elements-136eeec23c8fb0c3138f15e029c62e07\" style=\"color:#7fc31c;font-size:30px\">L\u00f6sungen im Bereich Niederspannung<\/p>\n\n\n\n<p class=\"has-text-color has-link-color has-medium-font-size wp-elements-68660b7d8cc1638b1b42f9746b12d6a4\" style=\"color:#7fc31c\"><strong>Ihr Experte im Bereich Niederspannung<\/strong><\/p>\n\n\n\n<p>Die InfraSolution AG ist Ihr Ansprechpartner wenn es um Schaltanlagen im Bereich Niederspannung geht. Wir besitzen \u00fcber 30 Jahre Erfahrung in der Schaltschrankfertigung und setzen in der Planung und Fertigung modernste Methoden ein. F\u00fcr die Regelungs- und Steuerungsfunktionen unserer Anlagen verwenden wir DDC Regler der Fabrikate SBC, Siemens, SE-Elektronic, WAGO, Beckhoff sowie Delta-Controls, die von unseren hoch qualifizierten Technikern nach Ihren Anforderungen programmiert werden.<\/p>\n\n\n\n<p>Unsere Schaltschr\u00e4nke sind haupts\u00e4chlich in der K\u00e4lte-, Klima- und L\u00fcftungstechnik bei Industrie und Gewerbekunden im Einsatz. Zudem sind wir darauf spezialisiert, Schaltanlagen zur Steuerung der L\u00fcftungstechnik in Tiefgaragen zu produzieren. Dabei werden h\u00e4ufig auch Gaswarnger\u00e4te in Kombination mit unseren Schaltschr\u00e4nken eingesetzt. Unsere Anlagen entsprechen alle den Garagenverordnungen der Bundesl\u00e4nder sowie der VDI 2053.<\/p>\n\n\n\n<p>Auch im Bereich Niederspannung legen wir gro\u00dfes Augenmerk auf die Wirtschaftlichkeit und Nachhaltigkeit Ihrer Investition. Wir begleiten Sie \u00fcber den ganzen Lebenszyklus Ihrer Anlagen und sorgen mit unserem Kundendienst jederzeit f\u00fcr einen reibungslosen Betrieb. Neben dem Notdienst \u00fcbernehmen wir gerne auch die regelm\u00e4\u00dfige Wartung und Inspektion Ihrer Anlagen.<\/p>\n\n\n\n<p>Unsere spezialisierten Experten bilden sich st\u00e4ndig weiter, um Ihnen auch weiterhin ma\u00dfgeschneiderte und zukunftsf\u00e4hige L\u00f6sungen im Bereich der Niederspannungstechnik anbieten zu k\u00f6nnen.<\/p>\n","protected":false},"excerpt":{"rendered":"<p>L\u00f6sungen im Bereich Niederspannung Ihr Experte im Bereich Niederspannung Die InfraSolution AG ist Ihr Ansprechpartner wenn es um Schaltanlagen im Bereich Niederspannung geht. Wir besitzen \u00fcber 30 Jahre Erfahrung in der Schaltschrankfertigung und setzen in der Planung und Fertigung modernste Methoden ein. F\u00fcr die Regelungs- und Steuerungsfunktionen unserer Anlagen verwenden wir DDC Regler der Fabrikate [&hellip;]<\/p>\n","protected":false},"author":1,"featured_media":0,"parent":0,"menu_order":0,"comment_status":"closed","ping_status":"closed","template":"","meta":{"site-sidebar-layout":"default","site-content-layout":"","ast-site-content-layout":"default","site-content-style":"default","site-sidebar-style":"default","ast-global-header-display":"","ast-banner-title-visibility":"","ast-main-header-display":"","ast-hfb-above-header-display":"","ast-hfb-below-header-display":"","ast-hfb-mobile-header-display":"","site-post-title":"disabled","ast-breadcrumbs-content":"","ast-featured-img":"","footer-sml-layout":"","theme-transparent-header-meta":"","adv-header-id-meta":"","stick-header-meta":"","header-above-stick-meta":"","header-main-stick-meta":"","header-below-stick-meta":"","astra-migrate-meta-layouts":"set","ast-page-background-enabled":"default","ast-page-background-meta":{"desktop":{"background-color":"var(--ast-global-color-4)","background-image":"","background-repeat":"repeat","background-position":"center center","background-size":"auto","background-attachment":"scroll","background-type":"","background-media":"","overlay-type":"","overlay-color":"","overlay-opacity":"","overlay-gradient":""},"tablet":{"background-color":"","background-image":"","background-repeat":"repeat","background-position":"center center","background-size":"auto","background-attachment":"scroll","background-type":"","background-media":"","overlay-type":"","overlay-color":"","overlay-opacity":"","overlay-gradient":""},"mobile":{"background-color":"","background-image":"","background-repeat":"repeat","background-position":"center center","background-size":"auto","background-attachment":"scroll","background-type":"","background-media":"","overlay-type":"","overlay-color":"","overlay-opacity":"","overlay-gradient":""}},"ast-content-background-meta":{"desktop":{"background-color":"var(--ast-global-color-5)","background-image":"","background-repeat":"repeat","background-position":"center center","background-size":"auto","background-attachment":"scroll","background-type":"","background-media":"","overlay-type":"","overlay-color":"","overlay-opacity":"","overlay-gradient":""},"tablet":{"background-color":"var(--ast-global-color-5)","background-image":"","background-repeat":"repeat","background-position":"center center","background-size":"auto","background-attachment":"scroll","background-type":"","background-media":"","overlay-type":"","overlay-color":"","overlay-opacity":"","overlay-gradient":""},"mobile":{"background-color":"var(--ast-global-color-5)","background-image":"","background-repeat":"repeat","background-position":"center center","background-size":"auto","background-attachment":"scroll","background-type":"","background-media":"","overlay-type":"","overlay-color":"","overlay-opacity":"","overlay-gradient":""}},"footnotes":""},"class_list":["post-2238","page","type-page","status-publish","hentry"],"yoast_head":"<!-- This site is optimized with the Yoast SEO plugin v25.3.1 - https:\/\/yoast.com\/wordpress\/plugins\/seo\/ -->\n<title>L\u00f6sungen im Bereich Niederspannung - InfraSolution AG<\/title>\n<meta name=\"description\" content=\"Ihr Experte im Bereich Niederspannung. Die InfraSolution AG ist Ihr Ansprechpartner wenn es um Schaltanlagen im Bereich Niederspannung geht.\" \/>\n<meta name=\"robots\" content=\"index, follow, max-snippet:-1, max-image-preview:large, max-video-preview:-1\" \/>\n<link rel=\"canonical\" href=\"http:\/\/www.infrasolution.ag\/en\/de\/losungen-im-bereich-niederspannung\/\" \/>\n<meta property=\"og:locale\" content=\"en_US\" \/>\n<meta property=\"og:type\" content=\"article\" \/>\n<meta property=\"og:title\" content=\"L\u00f6sungen im Bereich Niederspannung - InfraSolution AG\" \/>\n<meta property=\"og:description\" content=\"Ihr Experte im Bereich Niederspannung. Die InfraSolution AG ist Ihr Ansprechpartner wenn es um Schaltanlagen im Bereich Niederspannung geht.\" \/>\n<meta property=\"og:url\" content=\"http:\/\/www.infrasolution.ag\/en\/de\/losungen-im-bereich-niederspannung\/\" \/>\n<meta property=\"og:site_name\" content=\"InfraSolution AG\" \/>\n<meta property=\"article:publisher\" content=\"https:\/\/www.facebook.com\/InfraSolutionAG\/\" \/>\n<meta property=\"article:modified_time\" content=\"2025-05-19T22:43:16+00:00\" \/>\n<meta name=\"twitter:card\" content=\"summary_large_image\" \/>\n<meta name=\"twitter:label1\" content=\"Est. reading time\" \/>\n\t<meta name=\"twitter:data1\" content=\"1 minute\" \/>\n<script type=\"application\/ld+json\" class=\"yoast-schema-graph\">{\"@context\":\"https:\/\/schema.org\",\"@graph\":[{\"@type\":\"WebPage\",\"@id\":\"http:\/\/www.infrasolution.ag\/en\/de\/losungen-im-bereich-niederspannung\/\",\"url\":\"http:\/\/www.infrasolution.ag\/en\/de\/losungen-im-bereich-niederspannung\/\",\"name\":\"L\u00f6sungen im Bereich Niederspannung - InfraSolution AG\",\"isPartOf\":{\"@id\":\"http:\/\/www.infrasolution.ag\/en\/#website\"},\"datePublished\":\"2024-08-04T22:08:01+00:00\",\"dateModified\":\"2025-05-19T22:43:16+00:00\",\"description\":\"Ihr Experte im Bereich Niederspannung. Die InfraSolution AG ist Ihr Ansprechpartner wenn es um Schaltanlagen im Bereich Niederspannung geht.\",\"breadcrumb\":{\"@id\":\"http:\/\/www.infrasolution.ag\/en\/de\/losungen-im-bereich-niederspannung\/#breadcrumb\"},\"inLanguage\":\"en-US\",\"potentialAction\":[{\"@type\":\"ReadAction\",\"target\":[\"http:\/\/www.infrasolution.ag\/en\/de\/losungen-im-bereich-niederspannung\/\"]}]},{\"@type\":\"BreadcrumbList\",\"@id\":\"http:\/\/www.infrasolution.ag\/en\/de\/losungen-im-bereich-niederspannung\/#breadcrumb\",\"itemListElement\":[{\"@type\":\"ListItem\",\"position\":1,\"name\":\"Home\",\"item\":\"https:\/\/www.infrasolution.ag\/en\/en\/home\/\"},{\"@type\":\"ListItem\",\"position\":2,\"name\":\"L\u00f6sungen im Bereich Niederspannung\"}]},{\"@type\":\"WebSite\",\"@id\":\"http:\/\/www.infrasolution.ag\/en\/#website\",\"url\":\"http:\/\/www.infrasolution.ag\/en\/\",\"name\":\"InfraSolution AG\",\"description\":\"Unternehmensgruppe\",\"publisher\":{\"@id\":\"http:\/\/www.infrasolution.ag\/en\/#organization\"},\"potentialAction\":[{\"@type\":\"SearchAction\",\"target\":{\"@type\":\"EntryPoint\",\"urlTemplate\":\"http:\/\/www.infrasolution.ag\/en\/?s={search_term_string}\"},\"query-input\":{\"@type\":\"PropertyValueSpecification\",\"valueRequired\":true,\"valueName\":\"search_term_string\"}}],\"inLanguage\":\"en-US\"},{\"@type\":\"Organization\",\"@id\":\"http:\/\/www.infrasolution.ag\/en\/#organization\",\"name\":\"InfraSolution AG\",\"url\":\"http:\/\/www.infrasolution.ag\/en\/\",\"logo\":{\"@type\":\"ImageObject\",\"inLanguage\":\"en-US\",\"@id\":\"http:\/\/www.infrasolution.ag\/en\/#\/schema\/logo\/image\/\",\"url\":\"http:\/\/www.infrasolution.ag\/en\/wp-content\/uploads\/2024\/08\/infrasolution-ag-logo.png\",\"contentUrl\":\"http:\/\/www.infrasolution.ag\/en\/wp-content\/uploads\/2024\/08\/infrasolution-ag-logo.png\",\"width\":300,\"height\":124,\"caption\":\"InfraSolution AG\"},\"image\":{\"@id\":\"http:\/\/www.infrasolution.ag\/en\/#\/schema\/logo\/image\/\"},\"sameAs\":[\"https:\/\/www.facebook.com\/InfraSolutionAG\/\",\"https:\/\/de.linkedin.com\/company\/infrasolution-ag\"]}]}<\/script>\n<!-- \/ Yoast SEO plugin. -->","yoast_head_json":{"title":"L\u00f6sungen im Bereich Niederspannung - InfraSolution AG","description":"Ihr Experte im Bereich Niederspannung. Die InfraSolution AG ist Ihr Ansprechpartner wenn es um Schaltanlagen im Bereich Niederspannung geht.","robots":{"index":"index","follow":"follow","max-snippet":"max-snippet:-1","max-image-preview":"max-image-preview:large","max-video-preview":"max-video-preview:-1"},"canonical":"http:\/\/www.infrasolution.ag\/en\/de\/losungen-im-bereich-niederspannung\/","og_locale":"en_US","og_type":"article","og_title":"L\u00f6sungen im Bereich Niederspannung - InfraSolution AG","og_description":"Ihr Experte im Bereich Niederspannung. Die InfraSolution AG ist Ihr Ansprechpartner wenn es um Schaltanlagen im Bereich Niederspannung geht.","og_url":"http:\/\/www.infrasolution.ag\/en\/de\/losungen-im-bereich-niederspannung\/","og_site_name":"InfraSolution AG","article_publisher":"https:\/\/www.facebook.com\/InfraSolutionAG\/","article_modified_time":"2025-05-19T22:43:16+00:00","twitter_card":"summary_large_image","twitter_misc":{"Est. reading time":"1 minute"},"schema":{"@context":"https:\/\/schema.org","@graph":[{"@type":"WebPage","@id":"http:\/\/www.infrasolution.ag\/en\/de\/losungen-im-bereich-niederspannung\/","url":"http:\/\/www.infrasolution.ag\/en\/de\/losungen-im-bereich-niederspannung\/","name":"L\u00f6sungen im Bereich Niederspannung - InfraSolution AG","isPartOf":{"@id":"http:\/\/www.infrasolution.ag\/en\/#website"},"datePublished":"2024-08-04T22:08:01+00:00","dateModified":"2025-05-19T22:43:16+00:00","description":"Ihr Experte im Bereich Niederspannung. Die InfraSolution AG ist Ihr Ansprechpartner wenn es um Schaltanlagen im Bereich Niederspannung geht.","breadcrumb":{"@id":"http:\/\/www.infrasolution.ag\/en\/de\/losungen-im-bereich-niederspannung\/#breadcrumb"},"inLanguage":"en-US","potentialAction":[{"@type":"ReadAction","target":["http:\/\/www.infrasolution.ag\/en\/de\/losungen-im-bereich-niederspannung\/"]}]},{"@type":"BreadcrumbList","@id":"http:\/\/www.infrasolution.ag\/en\/de\/losungen-im-bereich-niederspannung\/#breadcrumb","itemListElement":[{"@type":"ListItem","position":1,"name":"Home","item":"https:\/\/www.infrasolution.ag\/en\/en\/home\/"},{"@type":"ListItem","position":2,"name":"L\u00f6sungen im Bereich Niederspannung"}]},{"@type":"WebSite","@id":"http:\/\/www.infrasolution.ag\/en\/#website","url":"http:\/\/www.infrasolution.ag\/en\/","name":"InfraSolution AG","description":"Unternehmensgruppe","publisher":{"@id":"http:\/\/www.infrasolution.ag\/en\/#organization"},"potentialAction":[{"@type":"SearchAction","target":{"@type":"EntryPoint","urlTemplate":"http:\/\/www.infrasolution.ag\/en\/?s={search_term_string}"},"query-input":{"@type":"PropertyValueSpecification","valueRequired":true,"valueName":"search_term_string"}}],"inLanguage":"en-US"},{"@type":"Organization","@id":"http:\/\/www.infrasolution.ag\/en\/#organization","name":"InfraSolution AG","url":"http:\/\/www.infrasolution.ag\/en\/","logo":{"@type":"ImageObject","inLanguage":"en-US","@id":"http:\/\/www.infrasolution.ag\/en\/#\/schema\/logo\/image\/","url":"http:\/\/www.infrasolution.ag\/en\/wp-content\/uploads\/2024\/08\/infrasolution-ag-logo.png","contentUrl":"http:\/\/www.infrasolution.ag\/en\/wp-content\/uploads\/2024\/08\/infrasolution-ag-logo.png","width":300,"height":124,"caption":"InfraSolution AG"},"image":{"@id":"http:\/\/www.infrasolution.ag\/en\/#\/schema\/logo\/image\/"},"sameAs":["https:\/\/www.facebook.com\/InfraSolutionAG\/","https:\/\/de.linkedin.com\/company\/infrasolution-ag"]}]}},"_links":{"self":[{"href":"http:\/\/www.infrasolution.ag\/en\/wp-json\/wp\/v2\/pages\/2238","targetHints":{"allow":["GET"]}}],"collection":[{"href":"http:\/\/www.infrasolution.ag\/en\/wp-json\/wp\/v2\/pages"}],"about":[{"href":"http:\/\/www.infrasolution.ag\/en\/wp-json\/wp\/v2\/types\/page"}],"author":[{"embeddable":true,"href":"http:\/\/www.infrasolution.ag\/en\/wp-json\/wp\/v2\/users\/1"}],"replies":[{"embeddable":true,"href":"http:\/\/www.infrasolution.ag\/en\/wp-json\/wp\/v2\/comments?post=2238"}],"version-history":[{"count":0,"href":"http:\/\/www.infrasolution.ag\/en\/wp-json\/wp\/v2\/pages\/2238\/revisions"}],"wp:attachment":[{"href":"http:\/\/www.infrasolution.ag\/en\/wp-json\/wp\/v2\/media?parent=2238"}],"curies":[{"name":"wp","href":"https:\/\/api.w.org\/{rel}","templated":true}]}}