{"id":2245,"date":"2024-08-05T00:15:50","date_gmt":"2024-08-04T22:15:50","guid":{"rendered":"http:\/\/www.infrasolution.ag\/en\/?page_id=2245"},"modified":"2025-05-20T00:43:56","modified_gmt":"2025-05-19T22:43:56","slug":"dienstleistungslosungen","status":"publish","type":"page","link":"http:\/\/www.infrasolution.ag\/en\/de\/dienstleistungslosungen\/","title":{"rendered":"Dienstleistungsl\u00f6sungen"},"content":{"rendered":"\n<p class=\"has-text-color has-link-color wp-elements-a39ac1a78f4b53468ca30bbe9c794512\" style=\"color:#7fc31c;font-size:30px\">Dienstleistungsl\u00f6sungen<\/p>\n\n\n\n<p class=\"has-text-color has-link-color has-medium-font-size wp-elements-e62dac3b85873737ac65952385b1af70\" style=\"color:#7fc31c\"><strong>Flexibel und kompetent<\/strong><\/p>\n\n\n\n<p>Herausragender Kundendienst wird bei der InfraSolution AG gro\u00df geschrieben. Unser Serviceteam ist f\u00fcr unsere Wartungskunden 24 Stunden am Tag, 365 Tage im Jahr, einsatzbereit. Wir richten unser komplettes Handeln auf Ihre individuellen Anforderungen aus, da jede Zusammenarbeit mit neuen W\u00fcnschen und Bed\u00fcrfnissen einhergeht.<\/p>\n\n\n\n<p>Bereits bei der ersten Kontaktaufnahme besch\u00e4ftigen wir uns intensiv mit Ihren Prozessen und Anforderungen. Wir h\u00f6ren genau zu und entwickeln auf dieser Basis ein Konzept, das passgenau auf Sie abgestimmt ist. So erzielen Sie Klarheit f\u00fcr die Umsetzung und Transparenz in den Ergebnissen. Ihre Anforderungen setzen wir zuverl\u00e4ssig, effizient und termingerecht f\u00fcr Sie um. Wir suchen f\u00fcr Sie die optimale wirtschaftliche L\u00f6sung: Minimale Investitionskosten bei maximaler Leistung.<\/p>\n\n\n\n<p>Die Nachhaltigkeit Ihrer Investition in die Anlagentechnik hat f\u00fcr uns h\u00f6chste Priorit\u00e4t. Wir leisten deshalb professionelle Wartung, Inspektionen und zuverl\u00e4ssigen Support f\u00fcr Ihre Technik \u00fcber den ganzen Lebenszyklus. Dabei bieten wir Ihnen verschiedene Stufen eines Servicekonzeptes an. Im Blickpunkt steht einen optimalen Return-on-Invest und eine m\u00f6glichst lange Lebensdauer f\u00fcr Ihre Anlagen zu erzielen.<\/p>\n\n\n\n<p>Unsere Serviceleistungen umfassen die folgenden Bausteine:<\/p>\n\n\n\n<ul style=\"background-color:#f7f7f7\" class=\"wp-block-list has-background\">\n<li>Aufnahme Ihrer Bed\u00fcrfnisse und W\u00fcnsche<\/li>\n\n\n\n<li>Individuell auf Ihre Anforderungen und gesetzliche Bestimmungen abgestimmte Konzeptentwicklung<\/li>\n\n\n\n<li>Effiziente und termingerechte Umsetzung Ihrer Anlage<\/li>\n\n\n\n<li>Wartung und Inspektion von technischen Anlagen<\/li>\n\n\n\n<li>24 Stunden am Tag, 365 Tage im Jahr Notdienst<\/li>\n<\/ul>\n\n\n\n<p>Zudem ist die InfraSolution AG ein kompetenter Ansprechpartner f\u00fcr die Umsetzung Ihrer GMP-Anforderungen. Wir haben uns als Dienstleister f\u00fcr Qualifizierungs- und Validierungsma\u00dfnahmen in der Pharmaindustrie bei vielen Projekten bew\u00e4hrt. Nutzen Sie unser Spezial-Know-how und unsere langj\u00e4hrige Erfahrung f\u00fcr Ihren Erfolg!<\/p>\n\n\n\n<p>Unsere GMP-Services umfasst folgende Leistung:<\/p>\n\n\n\n<ul style=\"background-color:#f7f7f7\" class=\"wp-block-list has-background\">\n<li>Erstellung von Qualifizierungs- und Validierungs-Dokumenten<\/li>\n\n\n\n<li>Validierungsmasterplan<\/li>\n\n\n\n<li>Risikoanalysen<\/li>\n\n\n\n<li>Qualifizierungspl\u00e4ne<\/li>\n\n\n\n<li>Qualfizierungstestprotokolle<\/li>\n\n\n\n<li>Qualifizierungsberichte<\/li>\n\n\n\n<li>Umsetzung von Qualifizierungsma\u00dfnahmen (DQ, IQ, OQ, PQ)<\/li>\n\n\n\n<li>Durchf\u00fchrung von Messungen (Temperatur\/Druck\/Feuchte etc.) im Rahmen von Qualifizierungs- und Requalifizierungsma\u00dfnahmen<\/li>\n<\/ul>\n","protected":false},"excerpt":{"rendered":"<p>Dienstleistungsl\u00f6sungen Flexibel und kompetent Herausragender Kundendienst wird bei der InfraSolution AG gro\u00df geschrieben. Unser Serviceteam ist f\u00fcr unsere Wartungskunden 24 Stunden am Tag, 365 Tage im Jahr, einsatzbereit. Wir richten unser komplettes Handeln auf Ihre individuellen Anforderungen aus, da jede Zusammenarbeit mit neuen W\u00fcnschen und Bed\u00fcrfnissen einhergeht. Bereits bei der ersten Kontaktaufnahme besch\u00e4ftigen wir uns [&hellip;]<\/p>\n","protected":false},"author":1,"featured_media":0,"parent":0,"menu_order":0,"comment_status":"closed","ping_status":"closed","template":"","meta":{"site-sidebar-layout":"default","site-content-layout":"","ast-site-content-layout":"default","site-content-style":"default","site-sidebar-style":"default","ast-global-header-display":"","ast-banner-title-visibility":"","ast-main-header-display":"","ast-hfb-above-header-display":"","ast-hfb-below-header-display":"","ast-hfb-mobile-header-display":"","site-post-title":"disabled","ast-breadcrumbs-content":"","ast-featured-img":"","footer-sml-layout":"","theme-transparent-header-meta":"","adv-header-id-meta":"","stick-header-meta":"","header-above-stick-meta":"","header-main-stick-meta":"","header-below-stick-meta":"","astra-migrate-meta-layouts":"set","ast-page-background-enabled":"default","ast-page-background-meta":{"desktop":{"background-color":"var(--ast-global-color-4)","background-image":"","background-repeat":"repeat","background-position":"center center","background-size":"auto","background-attachment":"scroll","background-type":"","background-media":"","overlay-type":"","overlay-color":"","overlay-opacity":"","overlay-gradient":""},"tablet":{"background-color":"","background-image":"","background-repeat":"repeat","background-position":"center center","background-size":"auto","background-attachment":"scroll","background-type":"","background-media":"","overlay-type":"","overlay-color":"","overlay-opacity":"","overlay-gradient":""},"mobile":{"background-color":"","background-image":"","background-repeat":"repeat","background-position":"center center","background-size":"auto","background-attachment":"scroll","background-type":"","background-media":"","overlay-type":"","overlay-color":"","overlay-opacity":"","overlay-gradient":""}},"ast-content-background-meta":{"desktop":{"background-color":"var(--ast-global-color-5)","background-image":"","background-repeat":"repeat","background-position":"center center","background-size":"auto","background-attachment":"scroll","background-type":"","background-media":"","overlay-type":"","overlay-color":"","overlay-opacity":"","overlay-gradient":""},"tablet":{"background-color":"var(--ast-global-color-5)","background-image":"","background-repeat":"repeat","background-position":"center center","background-size":"auto","background-attachment":"scroll","background-type":"","background-media":"","overlay-type":"","overlay-color":"","overlay-opacity":"","overlay-gradient":""},"mobile":{"background-color":"var(--ast-global-color-5)","background-image":"","background-repeat":"repeat","background-position":"center center","background-size":"auto","background-attachment":"scroll","background-type":"","background-media":"","overlay-type":"","overlay-color":"","overlay-opacity":"","overlay-gradient":""}},"footnotes":""},"class_list":["post-2245","page","type-page","status-publish","hentry"],"yoast_head":"<!-- This site is optimized with the Yoast SEO plugin v25.3.1 - https:\/\/yoast.com\/wordpress\/plugins\/seo\/ -->\n<title>Dienstleistungsl\u00f6sungen - InfraSolution AG<\/title>\n<meta name=\"description\" content=\"Flexibel und kompetent. Herausragender Kundendienst wird bei der InfraSolution AG gro\u00df geschrieben.\" \/>\n<meta name=\"robots\" content=\"index, follow, max-snippet:-1, max-image-preview:large, max-video-preview:-1\" \/>\n<link rel=\"canonical\" href=\"http:\/\/www.infrasolution.ag\/en\/de\/dienstleistungslosungen\/\" \/>\n<meta property=\"og:locale\" content=\"en_US\" \/>\n<meta property=\"og:type\" content=\"article\" \/>\n<meta property=\"og:title\" content=\"Dienstleistungsl\u00f6sungen - InfraSolution AG\" \/>\n<meta property=\"og:description\" content=\"Flexibel und kompetent. Herausragender Kundendienst wird bei der InfraSolution AG gro\u00df geschrieben.\" \/>\n<meta property=\"og:url\" content=\"http:\/\/www.infrasolution.ag\/en\/de\/dienstleistungslosungen\/\" \/>\n<meta property=\"og:site_name\" content=\"InfraSolution AG\" \/>\n<meta property=\"article:publisher\" content=\"https:\/\/www.facebook.com\/InfraSolutionAG\/\" \/>\n<meta property=\"article:modified_time\" content=\"2025-05-19T22:43:56+00:00\" \/>\n<meta name=\"twitter:card\" content=\"summary_large_image\" \/>\n<meta name=\"twitter:label1\" content=\"Est. reading time\" \/>\n\t<meta name=\"twitter:data1\" content=\"2 minutes\" \/>\n<script type=\"application\/ld+json\" class=\"yoast-schema-graph\">{\"@context\":\"https:\/\/schema.org\",\"@graph\":[{\"@type\":\"WebPage\",\"@id\":\"http:\/\/www.infrasolution.ag\/en\/de\/dienstleistungslosungen\/\",\"url\":\"http:\/\/www.infrasolution.ag\/en\/de\/dienstleistungslosungen\/\",\"name\":\"Dienstleistungsl\u00f6sungen - InfraSolution AG\",\"isPartOf\":{\"@id\":\"http:\/\/www.infrasolution.ag\/en\/#website\"},\"datePublished\":\"2024-08-04T22:15:50+00:00\",\"dateModified\":\"2025-05-19T22:43:56+00:00\",\"description\":\"Flexibel und kompetent. Herausragender Kundendienst wird bei der InfraSolution AG gro\u00df geschrieben.\",\"breadcrumb\":{\"@id\":\"http:\/\/www.infrasolution.ag\/en\/de\/dienstleistungslosungen\/#breadcrumb\"},\"inLanguage\":\"en-US\",\"potentialAction\":[{\"@type\":\"ReadAction\",\"target\":[\"http:\/\/www.infrasolution.ag\/en\/de\/dienstleistungslosungen\/\"]}]},{\"@type\":\"BreadcrumbList\",\"@id\":\"http:\/\/www.infrasolution.ag\/en\/de\/dienstleistungslosungen\/#breadcrumb\",\"itemListElement\":[{\"@type\":\"ListItem\",\"position\":1,\"name\":\"Home\",\"item\":\"https:\/\/www.infrasolution.ag\/en\/en\/home\/\"},{\"@type\":\"ListItem\",\"position\":2,\"name\":\"Dienstleistungsl\u00f6sungen\"}]},{\"@type\":\"WebSite\",\"@id\":\"http:\/\/www.infrasolution.ag\/en\/#website\",\"url\":\"http:\/\/www.infrasolution.ag\/en\/\",\"name\":\"InfraSolution AG\",\"description\":\"Unternehmensgruppe\",\"publisher\":{\"@id\":\"http:\/\/www.infrasolution.ag\/en\/#organization\"},\"potentialAction\":[{\"@type\":\"SearchAction\",\"target\":{\"@type\":\"EntryPoint\",\"urlTemplate\":\"http:\/\/www.infrasolution.ag\/en\/?s={search_term_string}\"},\"query-input\":{\"@type\":\"PropertyValueSpecification\",\"valueRequired\":true,\"valueName\":\"search_term_string\"}}],\"inLanguage\":\"en-US\"},{\"@type\":\"Organization\",\"@id\":\"http:\/\/www.infrasolution.ag\/en\/#organization\",\"name\":\"InfraSolution AG\",\"url\":\"http:\/\/www.infrasolution.ag\/en\/\",\"logo\":{\"@type\":\"ImageObject\",\"inLanguage\":\"en-US\",\"@id\":\"http:\/\/www.infrasolution.ag\/en\/#\/schema\/logo\/image\/\",\"url\":\"http:\/\/www.infrasolution.ag\/en\/wp-content\/uploads\/2024\/08\/infrasolution-ag-logo.png\",\"contentUrl\":\"http:\/\/www.infrasolution.ag\/en\/wp-content\/uploads\/2024\/08\/infrasolution-ag-logo.png\",\"width\":300,\"height\":124,\"caption\":\"InfraSolution AG\"},\"image\":{\"@id\":\"http:\/\/www.infrasolution.ag\/en\/#\/schema\/logo\/image\/\"},\"sameAs\":[\"https:\/\/www.facebook.com\/InfraSolutionAG\/\",\"https:\/\/de.linkedin.com\/company\/infrasolution-ag\"]}]}<\/script>\n<!-- \/ Yoast SEO plugin. -->","yoast_head_json":{"title":"Dienstleistungsl\u00f6sungen - InfraSolution AG","description":"Flexibel und kompetent. Herausragender Kundendienst wird bei der InfraSolution AG gro\u00df geschrieben.","robots":{"index":"index","follow":"follow","max-snippet":"max-snippet:-1","max-image-preview":"max-image-preview:large","max-video-preview":"max-video-preview:-1"},"canonical":"http:\/\/www.infrasolution.ag\/en\/de\/dienstleistungslosungen\/","og_locale":"en_US","og_type":"article","og_title":"Dienstleistungsl\u00f6sungen - InfraSolution AG","og_description":"Flexibel und kompetent. Herausragender Kundendienst wird bei der InfraSolution AG gro\u00df geschrieben.","og_url":"http:\/\/www.infrasolution.ag\/en\/de\/dienstleistungslosungen\/","og_site_name":"InfraSolution AG","article_publisher":"https:\/\/www.facebook.com\/InfraSolutionAG\/","article_modified_time":"2025-05-19T22:43:56+00:00","twitter_card":"summary_large_image","twitter_misc":{"Est. reading time":"2 minutes"},"schema":{"@context":"https:\/\/schema.org","@graph":[{"@type":"WebPage","@id":"http:\/\/www.infrasolution.ag\/en\/de\/dienstleistungslosungen\/","url":"http:\/\/www.infrasolution.ag\/en\/de\/dienstleistungslosungen\/","name":"Dienstleistungsl\u00f6sungen - InfraSolution AG","isPartOf":{"@id":"http:\/\/www.infrasolution.ag\/en\/#website"},"datePublished":"2024-08-04T22:15:50+00:00","dateModified":"2025-05-19T22:43:56+00:00","description":"Flexibel und kompetent. Herausragender Kundendienst wird bei der InfraSolution AG gro\u00df geschrieben.","breadcrumb":{"@id":"http:\/\/www.infrasolution.ag\/en\/de\/dienstleistungslosungen\/#breadcrumb"},"inLanguage":"en-US","potentialAction":[{"@type":"ReadAction","target":["http:\/\/www.infrasolution.ag\/en\/de\/dienstleistungslosungen\/"]}]},{"@type":"BreadcrumbList","@id":"http:\/\/www.infrasolution.ag\/en\/de\/dienstleistungslosungen\/#breadcrumb","itemListElement":[{"@type":"ListItem","position":1,"name":"Home","item":"https:\/\/www.infrasolution.ag\/en\/en\/home\/"},{"@type":"ListItem","position":2,"name":"Dienstleistungsl\u00f6sungen"}]},{"@type":"WebSite","@id":"http:\/\/www.infrasolution.ag\/en\/#website","url":"http:\/\/www.infrasolution.ag\/en\/","name":"InfraSolution AG","description":"Unternehmensgruppe","publisher":{"@id":"http:\/\/www.infrasolution.ag\/en\/#organization"},"potentialAction":[{"@type":"SearchAction","target":{"@type":"EntryPoint","urlTemplate":"http:\/\/www.infrasolution.ag\/en\/?s={search_term_string}"},"query-input":{"@type":"PropertyValueSpecification","valueRequired":true,"valueName":"search_term_string"}}],"inLanguage":"en-US"},{"@type":"Organization","@id":"http:\/\/www.infrasolution.ag\/en\/#organization","name":"InfraSolution AG","url":"http:\/\/www.infrasolution.ag\/en\/","logo":{"@type":"ImageObject","inLanguage":"en-US","@id":"http:\/\/www.infrasolution.ag\/en\/#\/schema\/logo\/image\/","url":"http:\/\/www.infrasolution.ag\/en\/wp-content\/uploads\/2024\/08\/infrasolution-ag-logo.png","contentUrl":"http:\/\/www.infrasolution.ag\/en\/wp-content\/uploads\/2024\/08\/infrasolution-ag-logo.png","width":300,"height":124,"caption":"InfraSolution AG"},"image":{"@id":"http:\/\/www.infrasolution.ag\/en\/#\/schema\/logo\/image\/"},"sameAs":["https:\/\/www.facebook.com\/InfraSolutionAG\/","https:\/\/de.linkedin.com\/company\/infrasolution-ag"]}]}},"_links":{"self":[{"href":"http:\/\/www.infrasolution.ag\/en\/wp-json\/wp\/v2\/pages\/2245","targetHints":{"allow":["GET"]}}],"collection":[{"href":"http:\/\/www.infrasolution.ag\/en\/wp-json\/wp\/v2\/pages"}],"about":[{"href":"http:\/\/www.infrasolution.ag\/en\/wp-json\/wp\/v2\/types\/page"}],"author":[{"embeddable":true,"href":"http:\/\/www.infrasolution.ag\/en\/wp-json\/wp\/v2\/users\/1"}],"replies":[{"embeddable":true,"href":"http:\/\/www.infrasolution.ag\/en\/wp-json\/wp\/v2\/comments?post=2245"}],"version-history":[{"count":0,"href":"http:\/\/www.infrasolution.ag\/en\/wp-json\/wp\/v2\/pages\/2245\/revisions"}],"wp:attachment":[{"href":"http:\/\/www.infrasolution.ag\/en\/wp-json\/wp\/v2\/media?parent=2245"}],"curies":[{"name":"wp","href":"https:\/\/api.w.org\/{rel}","templated":true}]}}