{"id":2401,"date":"2024-08-06T03:10:54","date_gmt":"2024-08-06T01:10:54","guid":{"rendered":"http:\/\/www.infrasolution.ag\/en\/?page_id=2401"},"modified":"2024-08-22T06:30:26","modified_gmt":"2024-08-22T04:30:26","slug":"vorstand-2","status":"publish","type":"page","link":"http:\/\/www.infrasolution.ag\/en\/de\/vorstand-2\/","title":{"rendered":"Vorstand"},"content":{"rendered":"\n<p class=\"has-text-color has-link-color wp-elements-e68566b0ba3149f5b4ed8459ca2c98b0\" style=\"color:#7fc31c;font-size:30px\">Vorstand<\/p>\n\n\n\n<div style=\"height:50px\" aria-hidden=\"true\" class=\"wp-block-spacer\"><\/div>\n\n\n\n<div class=\"wp-block-columns is-layout-flex wp-container-core-columns-is-layout-28f84493 wp-block-columns-is-layout-flex\">\n<div class=\"wp-block-column is-layout-flow wp-block-column-is-layout-flow\">\n<figure class=\"wp-block-image size-full\"><img loading=\"lazy\" decoding=\"async\" width=\"205\" height=\"259\" src=\"http:\/\/www.infrasolution.ag\/en\/wp-content\/uploads\/2024\/08\/Heberer-Bastian-205x259-1.jpg\" alt=\"\" class=\"wp-image-2113\"\/><\/figure>\n\n\n\n<p><strong>Bastian Heberer<\/strong><\/p>\n\n\n\n<p>Herr Heberer ist Ingenieur f\u00fcr Energie- und W\u00e4rmetechnik. Vor seinem Studium absolvierte er eine Ausbildung zum Mechatroniker f\u00fcr K\u00e4ltetechnik. Im Jahr 2004 gr\u00fcndete er gemeinsam mit einem Partner die COMNOVA GmbH. Seit 2011 ist Herr Heberer ebenfalls Gesch\u00e4ftsf\u00fchrer der KKR Klima-K\u00e4lte-Reinraumtechnik GmbH. Nach Gr\u00fcndung der InfraSolution AG im Jahr 2012 und der damit verbundenen \u00dcbernahme der Firmen KKR GmbH, COMNOVA GmbH sowie der IBD GmbH, \u00fcbernahm Herr Heberer den Vorstandsvorsitz der neuen Gesellschaft.<\/p>\n<\/div>\n\n\n\n<div class=\"wp-block-column is-layout-flow wp-block-column-is-layout-flow\">\n<figure class=\"wp-block-image size-full\"><img loading=\"lazy\" decoding=\"async\" width=\"205\" height=\"259\" src=\"http:\/\/www.infrasolution.ag\/en\/wp-content\/uploads\/2024\/08\/gunter_205x259.jpg\" alt=\"\" class=\"wp-image-2114\"\/><\/figure>\n\n\n\n<p><strong>Gunter H\u00e4nel<\/strong><\/p>\n\n\n\n<p>Herr H\u00e4nel ist Bauingenieur. Nach Stationen in verschiedenen Ingenieurb\u00fcros, wechselte Herr H\u00e4nel 2007 zur COMNOVA GmbH. Hier baute er das Gesch\u00e4ft f\u00fcr GMP Dienstleistungen aus. Im Jahr 2011 wurde Herr H\u00e4nel Prokurist bei COMNOVA. Im Jahr 2013 wurde er zus\u00e4tzlich Gesch\u00e4ftsf\u00fchrer der Ingenieur-B\u00fcro Dorfner GmbH die ebenfalls zur InfraSolution AG geh\u00f6rt.<br>Als Vorstand der InfraSolution AG zeichnet Herr H\u00e4nel seit Juli 2014 f\u00fcr das operative Gesch\u00e4ft verantwortlich.<\/p>\n<\/div>\n\n\n\n<div class=\"wp-block-column is-layout-flow wp-block-column-is-layout-flow\"><\/div>\n<\/div>\n","protected":false},"excerpt":{"rendered":"<p>Vorstand Bastian Heberer Herr Heberer ist Ingenieur f\u00fcr Energie- und W\u00e4rmetechnik. Vor seinem Studium absolvierte er eine Ausbildung zum Mechatroniker f\u00fcr K\u00e4ltetechnik. Im Jahr 2004 gr\u00fcndete er gemeinsam mit einem Partner die COMNOVA GmbH. Seit 2011 ist Herr Heberer ebenfalls Gesch\u00e4ftsf\u00fchrer der KKR Klima-K\u00e4lte-Reinraumtechnik GmbH. Nach Gr\u00fcndung der InfraSolution AG im Jahr 2012 und der [&hellip;]<\/p>\n","protected":false},"author":1,"featured_media":0,"parent":0,"menu_order":0,"comment_status":"closed","ping_status":"closed","template":"","meta":{"site-sidebar-layout":"default","site-content-layout":"","ast-site-content-layout":"default","site-content-style":"default","site-sidebar-style":"default","ast-global-header-display":"","ast-banner-title-visibility":"","ast-main-header-display":"","ast-hfb-above-header-display":"","ast-hfb-below-header-display":"","ast-hfb-mobile-header-display":"","site-post-title":"disabled","ast-breadcrumbs-content":"","ast-featured-img":"","footer-sml-layout":"","theme-transparent-header-meta":"","adv-header-id-meta":"","stick-header-meta":"","header-above-stick-meta":"","header-main-stick-meta":"","header-below-stick-meta":"","astra-migrate-meta-layouts":"set","ast-page-background-enabled":"default","ast-page-background-meta":{"desktop":{"background-color":"var(--ast-global-color-4)","background-image":"","background-repeat":"repeat","background-position":"center center","background-size":"auto","background-attachment":"scroll","background-type":"","background-media":"","overlay-type":"","overlay-color":"","overlay-opacity":"","overlay-gradient":""},"tablet":{"background-color":"","background-image":"","background-repeat":"repeat","background-position":"center center","background-size":"auto","background-attachment":"scroll","background-type":"","background-media":"","overlay-type":"","overlay-color":"","overlay-opacity":"","overlay-gradient":""},"mobile":{"background-color":"","background-image":"","background-repeat":"repeat","background-position":"center center","background-size":"auto","background-attachment":"scroll","background-type":"","background-media":"","overlay-type":"","overlay-color":"","overlay-opacity":"","overlay-gradient":""}},"ast-content-background-meta":{"desktop":{"background-color":"var(--ast-global-color-5)","background-image":"","background-repeat":"repeat","background-position":"center center","background-size":"auto","background-attachment":"scroll","background-type":"","background-media":"","overlay-type":"","overlay-color":"","overlay-opacity":"","overlay-gradient":""},"tablet":{"background-color":"var(--ast-global-color-5)","background-image":"","background-repeat":"repeat","background-position":"center center","background-size":"auto","background-attachment":"scroll","background-type":"","background-media":"","overlay-type":"","overlay-color":"","overlay-opacity":"","overlay-gradient":""},"mobile":{"background-color":"var(--ast-global-color-5)","background-image":"","background-repeat":"repeat","background-position":"center center","background-size":"auto","background-attachment":"scroll","background-type":"","background-media":"","overlay-type":"","overlay-color":"","overlay-opacity":"","overlay-gradient":""}},"footnotes":""},"class_list":["post-2401","page","type-page","status-publish","hentry"],"yoast_head":"<!-- This site is optimized with the Yoast SEO plugin v25.3.1 - https:\/\/yoast.com\/wordpress\/plugins\/seo\/ -->\n<title>Vorstand - InfraSolution AG<\/title>\n<meta name=\"robots\" content=\"index, follow, max-snippet:-1, max-image-preview:large, max-video-preview:-1\" \/>\n<link rel=\"canonical\" href=\"http:\/\/www.infrasolution.ag\/en\/de\/vorstand-2\/\" \/>\n<meta property=\"og:locale\" content=\"en_US\" \/>\n<meta property=\"og:type\" content=\"article\" \/>\n<meta property=\"og:title\" content=\"Vorstand - InfraSolution AG\" \/>\n<meta property=\"og:description\" content=\"Vorstand Bastian Heberer Herr Heberer ist Ingenieur f\u00fcr Energie- und W\u00e4rmetechnik. Vor seinem Studium absolvierte er eine Ausbildung zum Mechatroniker f\u00fcr K\u00e4ltetechnik. Im Jahr 2004 gr\u00fcndete er gemeinsam mit einem Partner die COMNOVA GmbH. Seit 2011 ist Herr Heberer ebenfalls Gesch\u00e4ftsf\u00fchrer der KKR Klima-K\u00e4lte-Reinraumtechnik GmbH. Nach Gr\u00fcndung der InfraSolution AG im Jahr 2012 und der [&hellip;]\" \/>\n<meta property=\"og:url\" content=\"http:\/\/www.infrasolution.ag\/en\/de\/vorstand-2\/\" \/>\n<meta property=\"og:site_name\" content=\"InfraSolution AG\" \/>\n<meta property=\"article:publisher\" content=\"https:\/\/www.facebook.com\/InfraSolutionAG\/\" \/>\n<meta property=\"article:modified_time\" content=\"2024-08-22T04:30:26+00:00\" \/>\n<meta property=\"og:image\" content=\"http:\/\/www.infrasolution.ag\/en\/wp-content\/uploads\/2024\/08\/Heberer-Bastian-205x259-1.jpg\" \/>\n<meta name=\"twitter:card\" content=\"summary_large_image\" \/>\n<meta name=\"twitter:label1\" content=\"Est. reading time\" \/>\n\t<meta name=\"twitter:data1\" content=\"1 minute\" \/>\n<script type=\"application\/ld+json\" class=\"yoast-schema-graph\">{\"@context\":\"https:\/\/schema.org\",\"@graph\":[{\"@type\":\"WebPage\",\"@id\":\"http:\/\/www.infrasolution.ag\/en\/de\/vorstand-2\/\",\"url\":\"http:\/\/www.infrasolution.ag\/en\/de\/vorstand-2\/\",\"name\":\"Vorstand - InfraSolution AG\",\"isPartOf\":{\"@id\":\"http:\/\/www.infrasolution.ag\/en\/#website\"},\"primaryImageOfPage\":{\"@id\":\"http:\/\/www.infrasolution.ag\/en\/de\/vorstand-2\/#primaryimage\"},\"image\":{\"@id\":\"http:\/\/www.infrasolution.ag\/en\/de\/vorstand-2\/#primaryimage\"},\"thumbnailUrl\":\"http:\/\/www.infrasolution.ag\/en\/wp-content\/uploads\/2024\/08\/Heberer-Bastian-205x259-1.jpg\",\"datePublished\":\"2024-08-06T01:10:54+00:00\",\"dateModified\":\"2024-08-22T04:30:26+00:00\",\"breadcrumb\":{\"@id\":\"http:\/\/www.infrasolution.ag\/en\/de\/vorstand-2\/#breadcrumb\"},\"inLanguage\":\"en-US\",\"potentialAction\":[{\"@type\":\"ReadAction\",\"target\":[\"http:\/\/www.infrasolution.ag\/en\/de\/vorstand-2\/\"]}]},{\"@type\":\"ImageObject\",\"inLanguage\":\"en-US\",\"@id\":\"http:\/\/www.infrasolution.ag\/en\/de\/vorstand-2\/#primaryimage\",\"url\":\"http:\/\/www.infrasolution.ag\/en\/wp-content\/uploads\/2024\/08\/Heberer-Bastian-205x259-1.jpg\",\"contentUrl\":\"http:\/\/www.infrasolution.ag\/en\/wp-content\/uploads\/2024\/08\/Heberer-Bastian-205x259-1.jpg\",\"width\":205,\"height\":259},{\"@type\":\"BreadcrumbList\",\"@id\":\"http:\/\/www.infrasolution.ag\/en\/de\/vorstand-2\/#breadcrumb\",\"itemListElement\":[{\"@type\":\"ListItem\",\"position\":1,\"name\":\"Home\",\"item\":\"https:\/\/www.infrasolution.ag\/en\/en\/home\/\"},{\"@type\":\"ListItem\",\"position\":2,\"name\":\"Vorstand\"}]},{\"@type\":\"WebSite\",\"@id\":\"http:\/\/www.infrasolution.ag\/en\/#website\",\"url\":\"http:\/\/www.infrasolution.ag\/en\/\",\"name\":\"InfraSolution AG\",\"description\":\"Unternehmensgruppe\",\"publisher\":{\"@id\":\"http:\/\/www.infrasolution.ag\/en\/#organization\"},\"potentialAction\":[{\"@type\":\"SearchAction\",\"target\":{\"@type\":\"EntryPoint\",\"urlTemplate\":\"http:\/\/www.infrasolution.ag\/en\/?s={search_term_string}\"},\"query-input\":{\"@type\":\"PropertyValueSpecification\",\"valueRequired\":true,\"valueName\":\"search_term_string\"}}],\"inLanguage\":\"en-US\"},{\"@type\":\"Organization\",\"@id\":\"http:\/\/www.infrasolution.ag\/en\/#organization\",\"name\":\"InfraSolution AG\",\"url\":\"http:\/\/www.infrasolution.ag\/en\/\",\"logo\":{\"@type\":\"ImageObject\",\"inLanguage\":\"en-US\",\"@id\":\"http:\/\/www.infrasolution.ag\/en\/#\/schema\/logo\/image\/\",\"url\":\"http:\/\/www.infrasolution.ag\/en\/wp-content\/uploads\/2024\/08\/infrasolution-ag-logo.png\",\"contentUrl\":\"http:\/\/www.infrasolution.ag\/en\/wp-content\/uploads\/2024\/08\/infrasolution-ag-logo.png\",\"width\":300,\"height\":124,\"caption\":\"InfraSolution AG\"},\"image\":{\"@id\":\"http:\/\/www.infrasolution.ag\/en\/#\/schema\/logo\/image\/\"},\"sameAs\":[\"https:\/\/www.facebook.com\/InfraSolutionAG\/\",\"https:\/\/de.linkedin.com\/company\/infrasolution-ag\"]}]}<\/script>\n<!-- \/ Yoast SEO plugin. -->","yoast_head_json":{"title":"Vorstand - InfraSolution AG","robots":{"index":"index","follow":"follow","max-snippet":"max-snippet:-1","max-image-preview":"max-image-preview:large","max-video-preview":"max-video-preview:-1"},"canonical":"http:\/\/www.infrasolution.ag\/en\/de\/vorstand-2\/","og_locale":"en_US","og_type":"article","og_title":"Vorstand - InfraSolution AG","og_description":"Vorstand Bastian Heberer Herr Heberer ist Ingenieur f\u00fcr Energie- und W\u00e4rmetechnik. Vor seinem Studium absolvierte er eine Ausbildung zum Mechatroniker f\u00fcr K\u00e4ltetechnik. Im Jahr 2004 gr\u00fcndete er gemeinsam mit einem Partner die COMNOVA GmbH. Seit 2011 ist Herr Heberer ebenfalls Gesch\u00e4ftsf\u00fchrer der KKR Klima-K\u00e4lte-Reinraumtechnik GmbH. Nach Gr\u00fcndung der InfraSolution AG im Jahr 2012 und der [&hellip;]","og_url":"http:\/\/www.infrasolution.ag\/en\/de\/vorstand-2\/","og_site_name":"InfraSolution AG","article_publisher":"https:\/\/www.facebook.com\/InfraSolutionAG\/","article_modified_time":"2024-08-22T04:30:26+00:00","og_image":[{"url":"http:\/\/www.infrasolution.ag\/en\/wp-content\/uploads\/2024\/08\/Heberer-Bastian-205x259-1.jpg","type":"","width":"","height":""}],"twitter_card":"summary_large_image","twitter_misc":{"Est. reading time":"1 minute"},"schema":{"@context":"https:\/\/schema.org","@graph":[{"@type":"WebPage","@id":"http:\/\/www.infrasolution.ag\/en\/de\/vorstand-2\/","url":"http:\/\/www.infrasolution.ag\/en\/de\/vorstand-2\/","name":"Vorstand - InfraSolution AG","isPartOf":{"@id":"http:\/\/www.infrasolution.ag\/en\/#website"},"primaryImageOfPage":{"@id":"http:\/\/www.infrasolution.ag\/en\/de\/vorstand-2\/#primaryimage"},"image":{"@id":"http:\/\/www.infrasolution.ag\/en\/de\/vorstand-2\/#primaryimage"},"thumbnailUrl":"http:\/\/www.infrasolution.ag\/en\/wp-content\/uploads\/2024\/08\/Heberer-Bastian-205x259-1.jpg","datePublished":"2024-08-06T01:10:54+00:00","dateModified":"2024-08-22T04:30:26+00:00","breadcrumb":{"@id":"http:\/\/www.infrasolution.ag\/en\/de\/vorstand-2\/#breadcrumb"},"inLanguage":"en-US","potentialAction":[{"@type":"ReadAction","target":["http:\/\/www.infrasolution.ag\/en\/de\/vorstand-2\/"]}]},{"@type":"ImageObject","inLanguage":"en-US","@id":"http:\/\/www.infrasolution.ag\/en\/de\/vorstand-2\/#primaryimage","url":"http:\/\/www.infrasolution.ag\/en\/wp-content\/uploads\/2024\/08\/Heberer-Bastian-205x259-1.jpg","contentUrl":"http:\/\/www.infrasolution.ag\/en\/wp-content\/uploads\/2024\/08\/Heberer-Bastian-205x259-1.jpg","width":205,"height":259},{"@type":"BreadcrumbList","@id":"http:\/\/www.infrasolution.ag\/en\/de\/vorstand-2\/#breadcrumb","itemListElement":[{"@type":"ListItem","position":1,"name":"Home","item":"https:\/\/www.infrasolution.ag\/en\/en\/home\/"},{"@type":"ListItem","position":2,"name":"Vorstand"}]},{"@type":"WebSite","@id":"http:\/\/www.infrasolution.ag\/en\/#website","url":"http:\/\/www.infrasolution.ag\/en\/","name":"InfraSolution AG","description":"Unternehmensgruppe","publisher":{"@id":"http:\/\/www.infrasolution.ag\/en\/#organization"},"potentialAction":[{"@type":"SearchAction","target":{"@type":"EntryPoint","urlTemplate":"http:\/\/www.infrasolution.ag\/en\/?s={search_term_string}"},"query-input":{"@type":"PropertyValueSpecification","valueRequired":true,"valueName":"search_term_string"}}],"inLanguage":"en-US"},{"@type":"Organization","@id":"http:\/\/www.infrasolution.ag\/en\/#organization","name":"InfraSolution AG","url":"http:\/\/www.infrasolution.ag\/en\/","logo":{"@type":"ImageObject","inLanguage":"en-US","@id":"http:\/\/www.infrasolution.ag\/en\/#\/schema\/logo\/image\/","url":"http:\/\/www.infrasolution.ag\/en\/wp-content\/uploads\/2024\/08\/infrasolution-ag-logo.png","contentUrl":"http:\/\/www.infrasolution.ag\/en\/wp-content\/uploads\/2024\/08\/infrasolution-ag-logo.png","width":300,"height":124,"caption":"InfraSolution AG"},"image":{"@id":"http:\/\/www.infrasolution.ag\/en\/#\/schema\/logo\/image\/"},"sameAs":["https:\/\/www.facebook.com\/InfraSolutionAG\/","https:\/\/de.linkedin.com\/company\/infrasolution-ag"]}]}},"_links":{"self":[{"href":"http:\/\/www.infrasolution.ag\/en\/wp-json\/wp\/v2\/pages\/2401","targetHints":{"allow":["GET"]}}],"collection":[{"href":"http:\/\/www.infrasolution.ag\/en\/wp-json\/wp\/v2\/pages"}],"about":[{"href":"http:\/\/www.infrasolution.ag\/en\/wp-json\/wp\/v2\/types\/page"}],"author":[{"embeddable":true,"href":"http:\/\/www.infrasolution.ag\/en\/wp-json\/wp\/v2\/users\/1"}],"replies":[{"embeddable":true,"href":"http:\/\/www.infrasolution.ag\/en\/wp-json\/wp\/v2\/comments?post=2401"}],"version-history":[{"count":0,"href":"http:\/\/www.infrasolution.ag\/en\/wp-json\/wp\/v2\/pages\/2401\/revisions"}],"wp:attachment":[{"href":"http:\/\/www.infrasolution.ag\/en\/wp-json\/wp\/v2\/media?parent=2401"}],"curies":[{"name":"wp","href":"https:\/\/api.w.org\/{rel}","templated":true}]}}