{"id":2492,"date":"2024-08-08T19:01:08","date_gmt":"2024-08-08T17:01:08","guid":{"rendered":"http:\/\/www.infrasolution.ag\/en\/?page_id=2492"},"modified":"2026-03-06T12:53:29","modified_gmt":"2026-03-06T11:53:29","slug":"jobs-career","status":"publish","type":"page","link":"http:\/\/www.infrasolution.ag\/en\/de\/jobs-career\/","title":{"rendered":"jobs-career"},"content":{"rendered":"\n<p class=\"has-text-color has-link-color has-medium-font-size wp-elements-df7b2e8e0b1487add525b6ea5873834c\" style=\"color:#7fc31c\">Jobs | Career<\/p>\n\n\n\n<figure class=\"wp-block-image size-full\"><img loading=\"lazy\" decoding=\"async\" width=\"743\" height=\"246\" src=\"http:\/\/www.infrasolution.ag\/en\/wp-content\/uploads\/2024\/08\/is-group-jobs.png\" alt=\"\" class=\"wp-image-2493\" srcset=\"http:\/\/www.infrasolution.ag\/en\/wp-content\/uploads\/2024\/08\/is-group-jobs.png 743w, http:\/\/www.infrasolution.ag\/en\/wp-content\/uploads\/2024\/08\/is-group-jobs-300x99.png 300w\" sizes=\"auto, (max-width: 743px) 100vw, 743px\" \/><\/figure>\n\n\n\n<p class=\"has-text-color has-link-color wp-elements-4a3eb2c3ef7d7961043e27c40e339090\" style=\"color:#7fc31c;font-size:25px\">Freie Stellen | Ausbildungsberufe | Infrasolution Gruppe<\/p>\n\n\n\n<div style=\"height:50px\" aria-hidden=\"true\" class=\"wp-block-spacer\"><\/div>\n\n\n\n<div class=\"wp-block-columns is-layout-flex wp-container-core-columns-is-layout-28f84493 wp-block-columns-is-layout-flex\">\n<div class=\"wp-block-column is-layout-flow wp-block-column-is-layout-flow\">\n<figure class=\"wp-block-image size-full\"><img loading=\"lazy\" decoding=\"async\" width=\"300\" height=\"124\" src=\"http:\/\/www.infrasolution.ag\/en\/wp-content\/uploads\/2024\/08\/infrasolution-ag-logo.png\" alt=\"\" class=\"wp-image-2461\"\/><\/figure>\n<\/div>\n\n\n\n<div class=\"wp-block-column is-vertically-aligned-center is-layout-flow wp-block-column-is-layout-flow\">\n<p class=\"has-small-font-size\">Infrasolution AG<\/p>\n<\/div>\n\n\n\n<div class=\"wp-block-column is-vertically-aligned-center is-layout-flow wp-block-column-is-layout-flow\">\n<p class=\"has-text-align-center has-small-font-size\"><a href=\"http:\/\/www.infrasolution.ag\/\" target=\"_blank\" rel=\"noreferrer noopener\">Website<\/a><\/p>\n<\/div>\n<\/div>\n\n\n\n<div style=\"height:50px\" aria-hidden=\"true\" class=\"wp-block-spacer\"><\/div>\n\n\n\n<figure class=\"wp-block-table is-style-regular\"><table class=\"has-text-color has-link-color has-border-color has-cyan-bluish-gray-border-color has-fixed-layout\" style=\"color:#7fc31c;border-style:dotted;border-width:1px\"><tbody><tr><td><strong>Freie Stellen<\/strong><\/td><\/tr><\/tbody><\/table><\/figure>\n\n\n\n<figure class=\"wp-block-table\"><table class=\"has-border-color has-cyan-bluish-gray-border-color has-fixed-layout\" style=\"border-style:dotted;border-width:1px\"><tbody><tr><td><a href=\"http:\/\/www.infrasolution.ag\/en\/de\/vertriebsingenieur-m-w-d-tga\/\">Vertriebsingenieur (m\/w\/d) &#8211; TGA<\/a><\/td><\/tr><tr><td><a href=\"https:\/\/www.infrasolution.ag\/en\/de\/kaufmaennische-sacharbeiterin\/\">Kaufm\u00e4nnische\/r Sachbearbeiter\/in (m\/w\/d)<\/a><\/td><\/tr><\/tbody><\/table><\/figure>\n\n\n\n<figure class=\"wp-block-table is-style-regular\"><table class=\"has-text-color has-link-color has-border-color has-cyan-bluish-gray-border-color has-fixed-layout\" style=\"color:#7fc31c;border-style:dotted;border-width:1px\"><tbody><tr><td><strong>Ausbildungsberufe<\/strong><\/td><\/tr><\/tbody><\/table><\/figure>\n\n\n\n<figure class=\"wp-block-table\"><table class=\"has-border-color has-cyan-bluish-gray-border-color has-fixed-layout\" style=\"border-style:dotted;border-width:1px\"><tbody><tr><td><a href=\"http:\/\/www.infrasolution.ag\/en\/de\/ausbildung-zum-zur-kaufmann-frau-fur-buromanagement-m-w-d\/\">Ausbildung zum\/zur Kaufmann\/-frau f\u00fcr B\u00fcromanagement (m\/w\/d)<\/a><\/td><\/tr><\/tbody><\/table><\/figure>\n\n\n\n<div style=\"height:50px\" aria-hidden=\"true\" class=\"wp-block-spacer\"><\/div>\n\n\n\n<div class=\"wp-block-columns is-layout-flex wp-container-core-columns-is-layout-28f84493 wp-block-columns-is-layout-flex\">\n<div class=\"wp-block-column is-layout-flow wp-block-column-is-layout-flow\">\n<figure class=\"wp-block-image size-full\"><img loading=\"lazy\" decoding=\"async\" width=\"300\" height=\"124\" src=\"http:\/\/www.infrasolution.ag\/en\/wp-content\/uploads\/2024\/08\/kkr-gmbh-logo.png\" alt=\"\" class=\"wp-image-2102\"\/><\/figure>\n<\/div>\n\n\n\n<div class=\"wp-block-column is-vertically-aligned-center is-layout-flow wp-block-column-is-layout-flow\">\n<p class=\"has-small-font-size\">KKR Klima-K\u00e4lte-Reinraumtechnik GmbH<\/p>\n<\/div>\n\n\n\n<div class=\"wp-block-column is-vertically-aligned-center is-layout-flow wp-block-column-is-layout-flow\">\n<p class=\"has-text-align-center has-small-font-size\"><a href=\"http:\/\/www.kkr-gmbh.com\/de\/\" target=\"_blank\" rel=\"noreferrer noopener\">Website<\/a><\/p>\n<\/div>\n<\/div>\n\n\n\n<div style=\"height:50px\" aria-hidden=\"true\" class=\"wp-block-spacer\"><\/div>\n\n\n\n<figure class=\"wp-block-table is-style-regular\"><table class=\"has-text-color has-link-color has-border-color has-cyan-bluish-gray-border-color has-fixed-layout\" style=\"color:#7fc31c;border-style:dotted;border-width:1px\"><tbody><tr><td><strong>Freie Stellen<\/strong><\/td><\/tr><\/tbody><\/table><\/figure>\n\n\n\n<figure class=\"wp-block-table\"><table class=\"has-border-color has-cyan-bluish-gray-border-color has-fixed-layout\" style=\"border-style:dotted;border-width:1px\"><tbody><tr><td><a data-type=\"page\" data-id=\"2508\" href=\"http:\/\/www.infrasolution.ag\/en\/en\/elektriker-mechatroniker-elektroniker-automatisierungstechnik-inbetriebnahmetechniker-m-w-d\/\">Elektriker \/ Mechatroniker \/ Elektroniker-Automatisierungstechnik \/ Inbetriebnahmetechniker (m\/w\/d)<\/a><\/td><\/tr><tr><td><a href=\"https:\/\/www.infrasolution.ag\/en\/de\/jobs-career\/technischer-systemplaner\/\">Technischen Systemplaner (m\/w\/d) in der Fachrichtung L\u00fcftung \/ K\u00e4lte<\/a><\/td><\/tr><tr><td><a href=\"http:\/\/www.infrasolution.ag\/en\/de\/mechatroniker-fur-kaltetechnik-m-w-d\/\" data-type=\"page\" data-id=\"2528\">Mechatroniker f\u00fcr K\u00e4ltetechnik (m\/w\/d)<\/a><\/td><\/tr><tr><td><a href=\"http:\/\/www.infrasolution.ag\/en\/de\/obermonteur-luftung-m-w-d\/\">Obermonteur L\u00fcftung (m\/w\/d)<\/a><\/td><\/tr><tr><td><a href=\"https:\/\/www.infrasolution.ag\/en\/de\/jobs-career\/lueftungsmonteur\/\">L\u00fcftungsmonteur (m\/w\/d)<\/a><\/td><\/tr><tr><td><a data-type=\"page\" data-id=\"2535\" href=\"http:\/\/www.infrasolution.ag\/en\/en\/projektleiter-in-fur-luftungs-und-klimatechnik-m-w\/\">Projektleiter\/in f\u00fcr L\u00fcftungs- und Klimatechnik (m\/w\/d)<\/a><\/td><\/tr><tr><td><a href=\"https:\/\/www.infrasolution.ag\/en\/de\/elektrike-inbetriebnahmetechnik\/\">Elektriker f\u00fcr Inbetriebnahmetechnik (m\/w\/d)<\/a><\/td><\/tr><tr><td><a href=\"https:\/\/www.infrasolution.ag\/en\/de\/jobs-career\/kaufmaennischer-mitarbeiter-tga\/\">Kaufm\u00e4nnischer Mitarbeiter (m\/w\/d) &#8211; Schwerpunkt Projektierung &amp; Kalkulation TGA<\/a><\/td><\/tr><\/tbody><\/table><\/figure>\n\n\n\n<figure class=\"wp-block-table is-style-regular\"><table class=\"has-text-color has-link-color has-border-color has-cyan-bluish-gray-border-color has-fixed-layout\" style=\"color:#7fc31c;border-style:dotted;border-width:1px\"><tbody><tr><td><strong>Ausbildungsberufe<\/strong><\/td><\/tr><\/tbody><\/table><\/figure>\n\n\n\n<figure class=\"wp-block-table\"><table class=\"has-border-color has-cyan-bluish-gray-border-color has-fixed-layout\" style=\"border-style:dotted;border-width:1px\"><tbody><tr><td><a href=\"http:\/\/www.infrasolution.ag\/en\/de\/mechatroniker-fur-kaltetechnik-m-w-d-2\/\" data-type=\"page\" data-id=\"2541\">Mechatroniker f\u00fcr K\u00e4ltetechnik<\/a><\/td><\/tr><\/tbody><\/table><\/figure>\n\n\n\n<div style=\"height:50px\" aria-hidden=\"true\" class=\"wp-block-spacer\"><\/div>\n\n\n\n<div class=\"wp-block-columns is-layout-flex wp-container-core-columns-is-layout-28f84493 wp-block-columns-is-layout-flex\">\n<div class=\"wp-block-column is-layout-flow wp-block-column-is-layout-flow\">\n<figure class=\"wp-block-image size-full\"><img loading=\"lazy\" decoding=\"async\" width=\"300\" height=\"124\" src=\"http:\/\/www.infrasolution.ag\/en\/wp-content\/uploads\/2024\/08\/comnova-gmbh-logo.png\" alt=\"\" class=\"wp-image-2104\"\/><\/figure>\n<\/div>\n\n\n\n<div class=\"wp-block-column is-vertically-aligned-center is-layout-flow wp-block-column-is-layout-flow\">\n<p class=\"has-text-align-center has-small-font-size\">COMNOVA GmbH<\/p>\n<\/div>\n\n\n\n<div class=\"wp-block-column is-vertically-aligned-center is-layout-flow wp-block-column-is-layout-flow\">\n<p class=\"has-text-align-center has-small-font-size\"><a href=\"http:\/\/comnova.info\" target=\"_blank\" rel=\"noreferrer noopener\">Website<\/a><\/p>\n<\/div>\n<\/div>\n\n\n\n<div style=\"height:50px\" aria-hidden=\"true\" class=\"wp-block-spacer\"><\/div>\n\n\n\n<figure class=\"wp-block-table is-style-regular\"><table class=\"has-text-color has-link-color has-border-color has-cyan-bluish-gray-border-color has-fixed-layout\" style=\"color:#7fc31c;border-style:dotted;border-width:1px\"><tbody><tr><td><strong>Freie Stellen<\/strong><\/td><\/tr><\/tbody><\/table><\/figure>\n\n\n\n<figure class=\"wp-block-table\"><table class=\"has-border-color has-cyan-bluish-gray-border-color has-fixed-layout\" style=\"border-style:dotted;border-width:1px\"><tbody><tr><td><a href=\"http:\/\/www.infrasolution.ag\/en\/de\/eplan-wscad-konstrukteur-zeichner-m-w-d\/\">EPLAN \/ WSCAD Konstrukteur\/Zeichner (m\/w\/d)<\/a><\/td><\/tr><tr><td><a href=\"http:\/\/www.infrasolution.ag\/en\/de\/sps-programmierer-automatisierungstechniker-elektroniker-sps-m-w-d\/\" data-type=\"page\" data-id=\"2546\">SPS Programmierer \/ Automatisierungstechniker \/ Elektroniker SPS ( m\/w\/d )<\/a><\/td><\/tr><tr><td><a href=\"http:\/\/www.infrasolution.ag\/en\/de\/projektleiter-msr-technik-m-w-d\/\" data-type=\"page\" data-id=\"2550\">Projektleiter MSR-Technik (m\/w\/d)<\/a><\/td><\/tr><tr><td><a href=\"https:\/\/www.infrasolution.ag\/en\/de\/jobs-career\/elektroniker-msr\/\">Elektroniker MSR (m\/w\/d)<\/a><\/td><\/tr><tr><td><a href=\"https:\/\/www.infrasolution.ag\/en\/de\/jobs-career\/elektroniker-monteur-energie-gebaeudetechnik\/\">Elektroniker\/Monteur f\u00fcr Energie- und Geb\u00e4udetechnik (m\/w\/d)<\/a><\/td><\/tr><\/tbody><\/table><\/figure>\n\n\n\n<figure class=\"wp-block-table is-style-regular\"><table class=\"has-text-color has-link-color has-border-color has-cyan-bluish-gray-border-color has-fixed-layout\" style=\"color:#7fc31c;border-style:dotted;border-width:1px\"><tbody><tr><td><strong>Ausbildungsberufe<\/strong><\/td><\/tr><\/tbody><\/table><\/figure>\n\n\n\n<figure class=\"wp-block-table\"><table class=\"has-border-color has-cyan-bluish-gray-border-color has-fixed-layout\" style=\"border-style:dotted;border-width:1px\"><tbody><tr><td><a href=\"http:\/\/www.infrasolution.ag\/en\/de\/elektroniker-fur-automatisierungstechnik-m-w-d\/\" data-type=\"page\" data-id=\"2556\">Elektroniker f\u00fcr Automatisierungstechnik (Langen)<\/a><\/td><\/tr><\/tbody><\/table><\/figure>\n\n\n\n<div style=\"height:50px\" aria-hidden=\"true\" class=\"wp-block-spacer\"><\/div>\n\n\n\n<div class=\"wp-block-columns is-layout-flex wp-container-core-columns-is-layout-28f84493 wp-block-columns-is-layout-flex\">\n<div class=\"wp-block-column is-layout-flow wp-block-column-is-layout-flow\">\n<figure class=\"wp-block-image size-full\"><img loading=\"lazy\" decoding=\"async\" width=\"300\" height=\"124\" src=\"http:\/\/www.infrasolution.ag\/en\/wp-content\/uploads\/2024\/08\/sh-regeltechnik-gmbh-logo.png\" alt=\"\" class=\"wp-image-2106\"\/><\/figure>\n<\/div>\n\n\n\n<div class=\"wp-block-column is-vertically-aligned-center is-layout-flow wp-block-column-is-layout-flow\">\n<p class=\"has-text-align-center has-small-font-size\">SH-Regeltechnik GmbH<\/p>\n<\/div>\n\n\n\n<div class=\"wp-block-column is-vertically-aligned-center is-layout-flow wp-block-column-is-layout-flow\">\n<p class=\"has-text-align-center has-small-font-size\"><a href=\"https:\/\/sh-regeltechnik.de\/\" target=\"_blank\" rel=\"noreferrer noopener\">Website<\/a><\/p>\n<\/div>\n<\/div>\n\n\n\n<div style=\"height:50px\" aria-hidden=\"true\" class=\"wp-block-spacer\"><\/div>\n\n\n\n<figure class=\"wp-block-table is-style-regular\"><table class=\"has-text-color has-link-color has-border-color has-cyan-bluish-gray-border-color has-fixed-layout\" style=\"color:#7fc31c;border-style:dotted;border-width:1px\"><tbody><tr><td><strong>Freie Stellen<\/strong><\/td><\/tr><\/tbody><\/table><\/figure>\n\n\n\n<figure class=\"wp-block-table\"><table class=\"has-border-color has-cyan-bluish-gray-border-color has-fixed-layout\" style=\"border-style:dotted;border-width:1px\"><tbody><tr><td><a href=\"http:\/\/www.infrasolution.ag\/en\/en\/elektriker-mechatroniker-elektroniker-automatisierungstechnik-inbetriebnahmetechniker-sh-regeltechnik\">Elektriker \/ Mechatroniker \/ Elektroniker-Automatisierungstechnik \/ Inbetriebnahmetechniker (m\/w\/d)<\/a><\/td><\/tr><\/tbody><\/table><\/figure>\n\n\n\n<p><\/p>\n","protected":false},"excerpt":{"rendered":"<p>Jobs | Career Freie Stellen | Ausbildungsberufe | Infrasolution Gruppe Infrasolution AG Website Freie Stellen Vertriebsingenieur (m\/w\/d) &#8211; TGA Kaufm\u00e4nnische\/r Sachbearbeiter\/in (m\/w\/d) Ausbildungsberufe Ausbildung zum\/zur Kaufmann\/-frau f\u00fcr B\u00fcromanagement (m\/w\/d) KKR Klima-K\u00e4lte-Reinraumtechnik GmbH Website Freie Stellen Elektriker \/ Mechatroniker \/ Elektroniker-Automatisierungstechnik \/ Inbetriebnahmetechniker (m\/w\/d) Technischen Systemplaner (m\/w\/d) in der Fachrichtung L\u00fcftung \/ K\u00e4lte Mechatroniker f\u00fcr K\u00e4ltetechnik [&hellip;]<\/p>\n","protected":false},"author":1,"featured_media":0,"parent":0,"menu_order":0,"comment_status":"closed","ping_status":"closed","template":"","meta":{"site-sidebar-layout":"default","site-content-layout":"","ast-site-content-layout":"default","site-content-style":"default","site-sidebar-style":"default","ast-global-header-display":"","ast-banner-title-visibility":"","ast-main-header-display":"","ast-hfb-above-header-display":"","ast-hfb-below-header-display":"","ast-hfb-mobile-header-display":"","site-post-title":"disabled","ast-breadcrumbs-content":"","ast-featured-img":"","footer-sml-layout":"","theme-transparent-header-meta":"","adv-header-id-meta":"","stick-header-meta":"","header-above-stick-meta":"","header-main-stick-meta":"","header-below-stick-meta":"","astra-migrate-meta-layouts":"set","ast-page-background-enabled":"default","ast-page-background-meta":{"desktop":{"background-color":"var(--ast-global-color-4)","background-image":"","background-repeat":"repeat","background-position":"center center","background-size":"auto","background-attachment":"scroll","background-type":"","background-media":"","overlay-type":"","overlay-color":"","overlay-opacity":"","overlay-gradient":""},"tablet":{"background-color":"","background-image":"","background-repeat":"repeat","background-position":"center center","background-size":"auto","background-attachment":"scroll","background-type":"","background-media":"","overlay-type":"","overlay-color":"","overlay-opacity":"","overlay-gradient":""},"mobile":{"background-color":"","background-image":"","background-repeat":"repeat","background-position":"center center","background-size":"auto","background-attachment":"scroll","background-type":"","background-media":"","overlay-type":"","overlay-color":"","overlay-opacity":"","overlay-gradient":""}},"ast-content-background-meta":{"desktop":{"background-color":"var(--ast-global-color-5)","background-image":"","background-repeat":"repeat","background-position":"center center","background-size":"auto","background-attachment":"scroll","background-type":"","background-media":"","overlay-type":"","overlay-color":"","overlay-opacity":"","overlay-gradient":""},"tablet":{"background-color":"var(--ast-global-color-5)","background-image":"","background-repeat":"repeat","background-position":"center center","background-size":"auto","background-attachment":"scroll","background-type":"","background-media":"","overlay-type":"","overlay-color":"","overlay-opacity":"","overlay-gradient":""},"mobile":{"background-color":"var(--ast-global-color-5)","background-image":"","background-repeat":"repeat","background-position":"center center","background-size":"auto","background-attachment":"scroll","background-type":"","background-media":"","overlay-type":"","overlay-color":"","overlay-opacity":"","overlay-gradient":""}},"footnotes":""},"class_list":["post-2492","page","type-page","status-publish","hentry"],"yoast_head":"<!-- This site is optimized with the Yoast SEO plugin v25.3.1 - https:\/\/yoast.com\/wordpress\/plugins\/seo\/ -->\n<title>jobs-career - InfraSolution AG<\/title>\n<meta name=\"description\" content=\"Freie Stellen | Ausbildungsberufe | Infrasolution Gruppe\" \/>\n<meta name=\"robots\" content=\"index, follow, max-snippet:-1, max-image-preview:large, max-video-preview:-1\" \/>\n<link rel=\"canonical\" href=\"http:\/\/www.infrasolution.ag\/en\/de\/jobs-career\/\" \/>\n<meta property=\"og:locale\" content=\"en_US\" \/>\n<meta property=\"og:type\" content=\"article\" \/>\n<meta property=\"og:title\" content=\"jobs-career - InfraSolution AG\" \/>\n<meta property=\"og:description\" content=\"Freie Stellen | Ausbildungsberufe | Infrasolution Gruppe\" \/>\n<meta property=\"og:url\" content=\"http:\/\/www.infrasolution.ag\/en\/de\/jobs-career\/\" \/>\n<meta property=\"og:site_name\" content=\"InfraSolution AG\" \/>\n<meta property=\"article:publisher\" content=\"https:\/\/www.facebook.com\/InfraSolutionAG\/\" \/>\n<meta property=\"article:modified_time\" content=\"2026-03-06T11:53:29+00:00\" \/>\n<meta property=\"og:image\" content=\"http:\/\/www.infrasolution.ag\/en\/wp-content\/uploads\/2024\/08\/is-group-jobs.png\" \/>\n<meta name=\"twitter:card\" content=\"summary_large_image\" \/>\n<meta name=\"twitter:label1\" content=\"Est. reading time\" \/>\n\t<meta name=\"twitter:data1\" content=\"2 minutes\" \/>\n<script type=\"application\/ld+json\" class=\"yoast-schema-graph\">{\"@context\":\"https:\/\/schema.org\",\"@graph\":[{\"@type\":\"WebPage\",\"@id\":\"http:\/\/www.infrasolution.ag\/en\/de\/jobs-career\/\",\"url\":\"http:\/\/www.infrasolution.ag\/en\/de\/jobs-career\/\",\"name\":\"jobs-career - InfraSolution AG\",\"isPartOf\":{\"@id\":\"http:\/\/www.infrasolution.ag\/en\/#website\"},\"primaryImageOfPage\":{\"@id\":\"http:\/\/www.infrasolution.ag\/en\/de\/jobs-career\/#primaryimage\"},\"image\":{\"@id\":\"http:\/\/www.infrasolution.ag\/en\/de\/jobs-career\/#primaryimage\"},\"thumbnailUrl\":\"http:\/\/www.infrasolution.ag\/en\/wp-content\/uploads\/2024\/08\/is-group-jobs.png\",\"datePublished\":\"2024-08-08T17:01:08+00:00\",\"dateModified\":\"2026-03-06T11:53:29+00:00\",\"description\":\"Freie Stellen | Ausbildungsberufe | Infrasolution Gruppe\",\"breadcrumb\":{\"@id\":\"http:\/\/www.infrasolution.ag\/en\/de\/jobs-career\/#breadcrumb\"},\"inLanguage\":\"en-US\",\"potentialAction\":[{\"@type\":\"ReadAction\",\"target\":[\"http:\/\/www.infrasolution.ag\/en\/de\/jobs-career\/\"]}]},{\"@type\":\"ImageObject\",\"inLanguage\":\"en-US\",\"@id\":\"http:\/\/www.infrasolution.ag\/en\/de\/jobs-career\/#primaryimage\",\"url\":\"http:\/\/www.infrasolution.ag\/en\/wp-content\/uploads\/2024\/08\/is-group-jobs.png\",\"contentUrl\":\"http:\/\/www.infrasolution.ag\/en\/wp-content\/uploads\/2024\/08\/is-group-jobs.png\",\"width\":743,\"height\":246},{\"@type\":\"BreadcrumbList\",\"@id\":\"http:\/\/www.infrasolution.ag\/en\/de\/jobs-career\/#breadcrumb\",\"itemListElement\":[{\"@type\":\"ListItem\",\"position\":1,\"name\":\"Home\",\"item\":\"https:\/\/www.infrasolution.ag\/en\/en\/home\/\"},{\"@type\":\"ListItem\",\"position\":2,\"name\":\"jobs-career\"}]},{\"@type\":\"WebSite\",\"@id\":\"http:\/\/www.infrasolution.ag\/en\/#website\",\"url\":\"http:\/\/www.infrasolution.ag\/en\/\",\"name\":\"InfraSolution AG\",\"description\":\"Unternehmensgruppe\",\"publisher\":{\"@id\":\"http:\/\/www.infrasolution.ag\/en\/#organization\"},\"potentialAction\":[{\"@type\":\"SearchAction\",\"target\":{\"@type\":\"EntryPoint\",\"urlTemplate\":\"http:\/\/www.infrasolution.ag\/en\/?s={search_term_string}\"},\"query-input\":{\"@type\":\"PropertyValueSpecification\",\"valueRequired\":true,\"valueName\":\"search_term_string\"}}],\"inLanguage\":\"en-US\"},{\"@type\":\"Organization\",\"@id\":\"http:\/\/www.infrasolution.ag\/en\/#organization\",\"name\":\"InfraSolution AG\",\"url\":\"http:\/\/www.infrasolution.ag\/en\/\",\"logo\":{\"@type\":\"ImageObject\",\"inLanguage\":\"en-US\",\"@id\":\"http:\/\/www.infrasolution.ag\/en\/#\/schema\/logo\/image\/\",\"url\":\"http:\/\/www.infrasolution.ag\/en\/wp-content\/uploads\/2024\/08\/infrasolution-ag-logo.png\",\"contentUrl\":\"http:\/\/www.infrasolution.ag\/en\/wp-content\/uploads\/2024\/08\/infrasolution-ag-logo.png\",\"width\":300,\"height\":124,\"caption\":\"InfraSolution AG\"},\"image\":{\"@id\":\"http:\/\/www.infrasolution.ag\/en\/#\/schema\/logo\/image\/\"},\"sameAs\":[\"https:\/\/www.facebook.com\/InfraSolutionAG\/\",\"https:\/\/de.linkedin.com\/company\/infrasolution-ag\"]}]}<\/script>\n<!-- \/ Yoast SEO plugin. -->","yoast_head_json":{"title":"jobs-career - InfraSolution AG","description":"Freie Stellen | Ausbildungsberufe | Infrasolution Gruppe","robots":{"index":"index","follow":"follow","max-snippet":"max-snippet:-1","max-image-preview":"max-image-preview:large","max-video-preview":"max-video-preview:-1"},"canonical":"http:\/\/www.infrasolution.ag\/en\/de\/jobs-career\/","og_locale":"en_US","og_type":"article","og_title":"jobs-career - InfraSolution AG","og_description":"Freie Stellen | Ausbildungsberufe | Infrasolution Gruppe","og_url":"http:\/\/www.infrasolution.ag\/en\/de\/jobs-career\/","og_site_name":"InfraSolution AG","article_publisher":"https:\/\/www.facebook.com\/InfraSolutionAG\/","article_modified_time":"2026-03-06T11:53:29+00:00","og_image":[{"url":"http:\/\/www.infrasolution.ag\/en\/wp-content\/uploads\/2024\/08\/is-group-jobs.png","type":"","width":"","height":""}],"twitter_card":"summary_large_image","twitter_misc":{"Est. reading time":"2 minutes"},"schema":{"@context":"https:\/\/schema.org","@graph":[{"@type":"WebPage","@id":"http:\/\/www.infrasolution.ag\/en\/de\/jobs-career\/","url":"http:\/\/www.infrasolution.ag\/en\/de\/jobs-career\/","name":"jobs-career - InfraSolution AG","isPartOf":{"@id":"http:\/\/www.infrasolution.ag\/en\/#website"},"primaryImageOfPage":{"@id":"http:\/\/www.infrasolution.ag\/en\/de\/jobs-career\/#primaryimage"},"image":{"@id":"http:\/\/www.infrasolution.ag\/en\/de\/jobs-career\/#primaryimage"},"thumbnailUrl":"http:\/\/www.infrasolution.ag\/en\/wp-content\/uploads\/2024\/08\/is-group-jobs.png","datePublished":"2024-08-08T17:01:08+00:00","dateModified":"2026-03-06T11:53:29+00:00","description":"Freie Stellen | Ausbildungsberufe | Infrasolution Gruppe","breadcrumb":{"@id":"http:\/\/www.infrasolution.ag\/en\/de\/jobs-career\/#breadcrumb"},"inLanguage":"en-US","potentialAction":[{"@type":"ReadAction","target":["http:\/\/www.infrasolution.ag\/en\/de\/jobs-career\/"]}]},{"@type":"ImageObject","inLanguage":"en-US","@id":"http:\/\/www.infrasolution.ag\/en\/de\/jobs-career\/#primaryimage","url":"http:\/\/www.infrasolution.ag\/en\/wp-content\/uploads\/2024\/08\/is-group-jobs.png","contentUrl":"http:\/\/www.infrasolution.ag\/en\/wp-content\/uploads\/2024\/08\/is-group-jobs.png","width":743,"height":246},{"@type":"BreadcrumbList","@id":"http:\/\/www.infrasolution.ag\/en\/de\/jobs-career\/#breadcrumb","itemListElement":[{"@type":"ListItem","position":1,"name":"Home","item":"https:\/\/www.infrasolution.ag\/en\/en\/home\/"},{"@type":"ListItem","position":2,"name":"jobs-career"}]},{"@type":"WebSite","@id":"http:\/\/www.infrasolution.ag\/en\/#website","url":"http:\/\/www.infrasolution.ag\/en\/","name":"InfraSolution AG","description":"Unternehmensgruppe","publisher":{"@id":"http:\/\/www.infrasolution.ag\/en\/#organization"},"potentialAction":[{"@type":"SearchAction","target":{"@type":"EntryPoint","urlTemplate":"http:\/\/www.infrasolution.ag\/en\/?s={search_term_string}"},"query-input":{"@type":"PropertyValueSpecification","valueRequired":true,"valueName":"search_term_string"}}],"inLanguage":"en-US"},{"@type":"Organization","@id":"http:\/\/www.infrasolution.ag\/en\/#organization","name":"InfraSolution AG","url":"http:\/\/www.infrasolution.ag\/en\/","logo":{"@type":"ImageObject","inLanguage":"en-US","@id":"http:\/\/www.infrasolution.ag\/en\/#\/schema\/logo\/image\/","url":"http:\/\/www.infrasolution.ag\/en\/wp-content\/uploads\/2024\/08\/infrasolution-ag-logo.png","contentUrl":"http:\/\/www.infrasolution.ag\/en\/wp-content\/uploads\/2024\/08\/infrasolution-ag-logo.png","width":300,"height":124,"caption":"InfraSolution AG"},"image":{"@id":"http:\/\/www.infrasolution.ag\/en\/#\/schema\/logo\/image\/"},"sameAs":["https:\/\/www.facebook.com\/InfraSolutionAG\/","https:\/\/de.linkedin.com\/company\/infrasolution-ag"]}]}},"_links":{"self":[{"href":"http:\/\/www.infrasolution.ag\/en\/wp-json\/wp\/v2\/pages\/2492","targetHints":{"allow":["GET"]}}],"collection":[{"href":"http:\/\/www.infrasolution.ag\/en\/wp-json\/wp\/v2\/pages"}],"about":[{"href":"http:\/\/www.infrasolution.ag\/en\/wp-json\/wp\/v2\/types\/page"}],"author":[{"embeddable":true,"href":"http:\/\/www.infrasolution.ag\/en\/wp-json\/wp\/v2\/users\/1"}],"replies":[{"embeddable":true,"href":"http:\/\/www.infrasolution.ag\/en\/wp-json\/wp\/v2\/comments?post=2492"}],"version-history":[{"count":0,"href":"http:\/\/www.infrasolution.ag\/en\/wp-json\/wp\/v2\/pages\/2492\/revisions"}],"wp:attachment":[{"href":"http:\/\/www.infrasolution.ag\/en\/wp-json\/wp\/v2\/media?parent=2492"}],"curies":[{"name":"wp","href":"https:\/\/api.w.org\/{rel}","templated":true}]}}