{"id":2535,"date":"2024-08-09T17:30:08","date_gmt":"2024-08-09T15:30:08","guid":{"rendered":"http:\/\/www.infrasolution.ag\/en\/?page_id=2535"},"modified":"2026-03-06T12:12:14","modified_gmt":"2026-03-06T11:12:14","slug":"projektleiter-in-fur-luftungs-und-klimatechnik-m-w-d","status":"publish","type":"page","link":"http:\/\/www.infrasolution.ag\/en\/de\/projektleiter-in-fur-luftungs-und-klimatechnik-m-w-d\/","title":{"rendered":"Projektleiter\/in f\u00fcr L\u00fcftungs- und Klimatechnik (m\/w\/d)"},"content":{"rendered":"\n<p>F\u00fcr die zur Infrasolution Unternehmensgruppe geh\u00f6rende Gesellschaft <strong>KKR GmbH <\/strong>mit Sitz in <strong>63225 Langen<\/strong> suchen wir in Festanstellung eine\/n<\/p>\n\n\n\n<p class=\"has-background has-medium-font-size\" style=\"background-color:#ececec\"><strong>Projektleiter\/in f\u00fcr L\u00fcftungs- und Klimatechnik (m\/w\/d)<\/strong><\/p>\n\n\n\n<p>Die KKR GmbH ist ein zukunftsweisendes Technologieunternehmen mit den Schwerpunkten Klimatechnik, K\u00e4ltetechnik, Reinraumtechnik und MSR-Technik (Mess-, Steuer- und Regelungstechnik). Mit einem Team von hoch qualifizierten Spezialisten setzen wir komplexe technische Aufgabenstellungen um. Dank unserer fundierten technologischen Expertise in der Pharmabranche haben wir uns zudem als Dienstleister f\u00fcr GMP-Services in vielen Projekten bew\u00e4hrt.<\/p>\n\n\n\n<p><strong>Deine Aufgaben:<\/strong><\/p>\n\n\n\n<ul style=\"background-color:#f7f7f7\" class=\"wp-block-list has-background\">\n<li>Erstellung von Angeboten anhand eines Leistungsverzeichnisses<\/li>\n\n\n\n<li>Betreuung von Bauvorhaben von der Auftragsvergabe bis zu Abnahme<\/li>\n\n\n\n<li>Verantwortung f\u00fcr die Erreichung der Projektziele hinsichtlich Rentabilit\u00e4t, Qualit\u00e4t, Kosten und Termintreue<\/li>\n\n\n\n<li>Koordination und Steuerung aller am Projekt beteiligten Architekten, Fachplaner, ausf\u00fchrenden Firmen und Mitarbeiter<\/li>\n\n\n\n<li>\u00dcberwachung, Steuerung und Einhaltung gesetzlicher und regulativer Anforderungen im Verantwortungsbereich, z.B. VOB<\/li>\n\n\n\n<li>Erstellung und Pflege der technischen Dokumentation<\/li>\n\n\n\n<li>Abstimmung von Anforderungen und Spezifikationen mit dem Kunden sowie innerhalb eines interdisziplin\u00e4ren Projektteams<\/li>\n\n\n\n<li>Erstellen von Funktionspl\u00e4nen<\/li>\n<\/ul>\n\n\n\n<p><strong>Dein Profil:<\/strong><\/p>\n\n\n\n<ul style=\"background-color:#f7f7f7\" class=\"wp-block-list has-background\">\n<li>Abgeschlossenes Studium der Fachrichtung Versorgungstechnik oder Luft- und Klimatechnik, oder staatl. gepr\u00fcfter Techniker (m\/w) oder Meister (m\/w) mit Berufserfahrung im Bereich L\u00fcftungstechnik<\/li>\n\n\n\n<li>Berufserfahrung in der Projektabwicklung<\/li>\n\n\n\n<li>Umgang mit Schalt- und Stromlaufpl\u00e4nen<\/li>\n\n\n\n<li>F\u00fchrerschein Klasse B (ehemals Klasse 3)<\/li>\n\n\n\n<li>Zuverl\u00e4ssigkeit, Eigeninitiative und Kommunikationsf\u00e4higkeit runden Ihr Profil ab<\/li>\n\n\n\n<li>Sie sind organisations- und teamf\u00e4hig, arbeiten selbstst\u00e4ndig, strukturiert und ergebnisorientiert<\/li>\n\n\n\n<li>CAD Kenntnisse von Vorteil<\/li>\n<\/ul>\n\n\n\n<div style=\"height:50px\" aria-hidden=\"true\" class=\"wp-block-spacer\"><\/div>\n\n\n\n<p><strong>Deine Benefits<\/strong><\/p>\n\n\n\n<p><strong>Sicherheit und modernes Arbeiten<\/strong><br>Ein unbefristeter Arbeitsplatz in einem zukunftsorientierten Unternehmen, ausgestattet mit zeitgem\u00e4\u00dfen Tools und Technologien. Bei uns arbeitest Du mit professionellem Equipment statt mit Workarounds.<\/p>\n\n\n\n<p><strong>Gestaltungsfreiheit und Entwicklung<\/strong><br>Ob spezialisierte Schulungen, zertifizierte Fortbildungen oder gezielte Karrierepfade. Wir f\u00f6rdern Dich fachlich und pers\u00f6nlich \u2013 individuell statt nach Katalog.<\/p>\n\n\n\n<p><strong>Flexibilit\u00e4t, die wirklich gelebt wird<\/strong><br>Keine Pr\u00e4senzpflicht um der Pr\u00e4senz willen: Wir bieten flexible Arbeitszeiten und je nach Position die M\u00f6glichkeit zum mobilen Arbeiten, angepasst an Deine Rolle und Deine Lebensphase.<\/p>\n\n\n\n<p><strong>30 Tage Urlaub und Raum zum Abschalten<\/strong><br>Erholung ist bei uns keine Nebensache.<\/p>\n\n\n\n<p><strong>Faire Verg\u00fctung, die zu Dir passt<\/strong><br>Transparente und leistungsgerechte Bezahlung, mit klaren Entwicklungsm\u00f6glichkeiten statt leerer Versprechen oder Pauschalen ohne Perspektive.<\/p>\n\n\n\n<p><strong>Dienstrad-Leasing \u00fcber BusinessBike<\/strong><br>F\u00fcr alle, die nachhaltig unterwegs sein m\u00f6chten: Du kannst Dein Wunschrad einfach und kosteng\u00fcnstig \u00fcber uns leasen, auch zur privaten Nutzung.<\/p>\n\n\n\n<p><strong>Echte Teamkultur<\/strong><br>Teamevents, bei denen Du wirklich gerne dabei bist, weil sie nicht verpflichtend sind und Raum f\u00fcr Begegnung schaffen.<\/p>\n\n\n\n<p><strong>Mehrwert im Alltag<\/strong><br>Von der Fitnessclub-Mitgliedschaft bis zu attraktiven Mitarbeiterkonditionen bei zahlreichen Lieferanten, kleine Extras, die im Alltag wirklich helfen.<\/p>\n\n\n\n<p><strong>Kostenlose Getr\u00e4nke<\/strong>&nbsp;\u2013 selbstverst\u00e4ndlich. Und nicht unser gr\u00f6\u00dfter Benefit.<\/p>\n\n\n\n<div style=\"height:50px\" aria-hidden=\"true\" class=\"wp-block-spacer\"><\/div>\n\n\n\n<p><strong>Jetzt bewerben<\/strong><\/p>\n\n\n\n<p>Klingt nach dem passenden n\u00e4chsten Schritt f\u00fcr Dich? Dann freuen wir uns auf Deine Bewerbung per E-Mail an&nbsp;<strong>Bewerbung@infrasolution.ag<\/strong>.<\/p>\n\n\n\n<p>Dein pers\u00f6nlicher Ansprechpartner freut sich auf Deine Fragen. Melde Dich jederzeit gerne<\/p>\n\n\n\n<div style=\"height:50px\" aria-hidden=\"true\" class=\"wp-block-spacer\"><\/div>\n\n\n\n<div style=\"height:2px\" aria-hidden=\"true\" class=\"wp-block-spacer\"><\/div>\n\n\n\n<hr class=\"wp-block-separator has-alpha-channel-opacity is-style-wide\"\/>\n\n\n\n<div class=\"wp-block-columns is-layout-flex wp-container-core-columns-is-layout-28f84493 wp-block-columns-is-layout-flex\">\n<div class=\"wp-block-column is-layout-flow wp-block-column-is-layout-flow\" style=\"flex-basis:33.33%\">\n<p class=\"has-ast-global-color-4-color has-text-color has-background has-link-color has-medium-font-size wp-elements-5a9bb780bb45ae7df8d46619c34b3d94\" style=\"background-color:#7fc31c;font-style:normal;font-weight:700\"><strong>Wir freuen uns auf Ihre Bewerbung!<\/strong><\/p>\n\n\n\n<p class=\"has-background\" style=\"background-color:#ececec\">Bitte senden Sie diese an unten stehende Adresse, per <a href=\"mailto:Bewerbung@infrasolution.ag\" target=\"_blank\" rel=\"noreferrer noopener\"><strong>E-Mail <\/strong><\/a>oder mit dem untenstehenden Formular:<\/p>\n\n\n\n<p><strong>InfraSolution AG<\/strong><br>Robert-Bosch-Stra\u00dfe 13<br>D-63225 Langen<br><\/p>\n<\/div>\n\n\n\n<div class=\"wp-block-column is-layout-flow wp-block-column-is-layout-flow\" style=\"flex-basis:66.66%\">\n<div class=\"wp-block-contact-form-7-contact-form-selector\">\n<div class=\"wpcf7 no-js\" id=\"wpcf7-f2505-o1\" lang=\"en-US\" dir=\"ltr\" data-wpcf7-id=\"2505\">\n<div class=\"screen-reader-response\"><p role=\"status\" aria-live=\"polite\" aria-atomic=\"true\"><\/p> <ul><\/ul><\/div>\n<form action=\"\/en\/wp-json\/wp\/v2\/pages\/2535#wpcf7-f2505-o1\" method=\"post\" class=\"wpcf7-form init\" aria-label=\"Contact form\" enctype=\"multipart\/form-data\" novalidate=\"novalidate\" data-status=\"init\">\n<div style=\"display: none;\">\n<input type=\"hidden\" name=\"_wpcf7\" value=\"2505\" \/>\n<input type=\"hidden\" name=\"_wpcf7_version\" value=\"6.0.6\" \/>\n<input type=\"hidden\" name=\"_wpcf7_locale\" value=\"en_US\" \/>\n<input type=\"hidden\" name=\"_wpcf7_unit_tag\" value=\"wpcf7-f2505-o1\" \/>\n<input type=\"hidden\" name=\"_wpcf7_container_post\" value=\"0\" \/>\n<input type=\"hidden\" name=\"_wpcf7_posted_data_hash\" value=\"\" \/>\n<\/div>\n<p><label> Vorname:<br \/>\n<span class=\"wpcf7-form-control-wrap\" data-name=\"text-107\"><input size=\"40\" maxlength=\"400\" class=\"wpcf7-form-control wpcf7-text\" aria-invalid=\"false\" value=\"\" type=\"text\" name=\"text-107\" \/><\/span> <\/label>\n<\/p>\n<p><label> Nachname: (erforderlich)<br \/>\n<span class=\"wpcf7-form-control-wrap\" data-name=\"your-name\"><input size=\"40\" maxlength=\"400\" class=\"wpcf7-form-control wpcf7-text wpcf7-validates-as-required\" aria-required=\"true\" aria-invalid=\"false\" value=\"\" type=\"text\" name=\"your-name\" \/><\/span> <\/label>\n<\/p>\n<p><label> Telefon:<br \/>\n<span class=\"wpcf7-form-control-wrap\" data-name=\"text-109\"><input size=\"40\" maxlength=\"400\" class=\"wpcf7-form-control wpcf7-text\" aria-invalid=\"false\" value=\"\" type=\"text\" name=\"text-109\" \/><\/span> <\/label>\n<\/p>\n<p><label> E-mail: (erforderlich)<br \/>\n<span class=\"wpcf7-form-control-wrap\" data-name=\"your-email\"><input size=\"40\" maxlength=\"400\" class=\"wpcf7-form-control wpcf7-email wpcf7-validates-as-required wpcf7-text wpcf7-validates-as-email\" aria-required=\"true\" aria-invalid=\"false\" value=\"\" type=\"email\" name=\"your-email\" \/><\/span> <\/label>\n<\/p>\n<p><label> Anmerkung:<br \/>\n<span class=\"wpcf7-form-control-wrap\" data-name=\"your-message\"><textarea cols=\"40\" rows=\"10\" maxlength=\"2000\" class=\"wpcf7-form-control wpcf7-textarea\" aria-invalid=\"false\" name=\"your-message\"><\/textarea><\/span> <\/label>\n<\/p>\n<p><label> PDF-Datei anh\u00e4ngen (Sie k\u00f6nnen zwei Dateien mit einer max. Gr\u00f6\u00dfe von jeweils 5 MB anh\u00e4ngen) <\/label><br \/>\n<span class=\"wpcf7-form-control-wrap\" data-name=\"file1\"><input size=\"40\" class=\"wpcf7-form-control wpcf7-file\" accept=\".pdf\" aria-invalid=\"false\" type=\"file\" name=\"file1\" \/><\/span><span class=\"wpcf7-form-control-wrap\" data-name=\"file2\"><input size=\"40\" class=\"wpcf7-form-control wpcf7-file\" accept=\".pdf\" aria-invalid=\"false\" type=\"file\" name=\"file2\" \/><\/span>\n<\/p>\n<p><input class=\"wpcf7-form-control wpcf7-submit has-spinner\" type=\"submit\" value=\"Absenden\" \/>\n<\/p><div class=\"wpcf7-response-output\" aria-hidden=\"true\"><\/div>\n<\/form>\n<\/div>\n<\/div>\n<\/div>\n<\/div>\n","protected":false},"excerpt":{"rendered":"<p>F\u00fcr die zur Infrasolution Unternehmensgruppe geh\u00f6rende Gesellschaft KKR GmbH mit Sitz in 63225 Langen suchen wir in Festanstellung eine\/n Projektleiter\/in f\u00fcr L\u00fcftungs- und Klimatechnik (m\/w\/d) Die KKR GmbH ist ein zukunftsweisendes Technologieunternehmen mit den Schwerpunkten Klimatechnik, K\u00e4ltetechnik, Reinraumtechnik und MSR-Technik (Mess-, Steuer- und Regelungstechnik). Mit einem Team von hoch qualifizierten Spezialisten setzen wir komplexe technische [&hellip;]<\/p>\n","protected":false},"author":1,"featured_media":0,"parent":0,"menu_order":0,"comment_status":"closed","ping_status":"closed","template":"","meta":{"site-sidebar-layout":"default","site-content-layout":"","ast-site-content-layout":"default","site-content-style":"default","site-sidebar-style":"default","ast-global-header-display":"","ast-banner-title-visibility":"","ast-main-header-display":"","ast-hfb-above-header-display":"","ast-hfb-below-header-display":"","ast-hfb-mobile-header-display":"","site-post-title":"","ast-breadcrumbs-content":"","ast-featured-img":"","footer-sml-layout":"","theme-transparent-header-meta":"","adv-header-id-meta":"","stick-header-meta":"","header-above-stick-meta":"","header-main-stick-meta":"","header-below-stick-meta":"","astra-migrate-meta-layouts":"set","ast-page-background-enabled":"default","ast-page-background-meta":{"desktop":{"background-color":"var(--ast-global-color-4)","background-image":"","background-repeat":"repeat","background-position":"center center","background-size":"auto","background-attachment":"scroll","background-type":"","background-media":"","overlay-type":"","overlay-color":"","overlay-opacity":"","overlay-gradient":""},"tablet":{"background-color":"","background-image":"","background-repeat":"repeat","background-position":"center center","background-size":"auto","background-attachment":"scroll","background-type":"","background-media":"","overlay-type":"","overlay-color":"","overlay-opacity":"","overlay-gradient":""},"mobile":{"background-color":"","background-image":"","background-repeat":"repeat","background-position":"center center","background-size":"auto","background-attachment":"scroll","background-type":"","background-media":"","overlay-type":"","overlay-color":"","overlay-opacity":"","overlay-gradient":""}},"ast-content-background-meta":{"desktop":{"background-color":"var(--ast-global-color-5)","background-image":"","background-repeat":"repeat","background-position":"center center","background-size":"auto","background-attachment":"scroll","background-type":"","background-media":"","overlay-type":"","overlay-color":"","overlay-opacity":"","overlay-gradient":""},"tablet":{"background-color":"var(--ast-global-color-5)","background-image":"","background-repeat":"repeat","background-position":"center center","background-size":"auto","background-attachment":"scroll","background-type":"","background-media":"","overlay-type":"","overlay-color":"","overlay-opacity":"","overlay-gradient":""},"mobile":{"background-color":"var(--ast-global-color-5)","background-image":"","background-repeat":"repeat","background-position":"center center","background-size":"auto","background-attachment":"scroll","background-type":"","background-media":"","overlay-type":"","overlay-color":"","overlay-opacity":"","overlay-gradient":""}},"footnotes":""},"class_list":["post-2535","page","type-page","status-publish","hentry"],"yoast_head":"<!-- This site is optimized with the Yoast SEO plugin v25.3.1 - https:\/\/yoast.com\/wordpress\/plugins\/seo\/ -->\n<title>Projektleiter\/in f\u00fcr L\u00fcftungs- und Klimatechnik (m\/w\/d) - InfraSolution AG<\/title>\n<meta name=\"robots\" content=\"index, follow, max-snippet:-1, max-image-preview:large, max-video-preview:-1\" \/>\n<link rel=\"canonical\" href=\"http:\/\/www.infrasolution.ag\/en\/de\/projektleiter-in-fur-luftungs-und-klimatechnik-m-w-d\/\" \/>\n<meta property=\"og:locale\" content=\"en_US\" \/>\n<meta property=\"og:type\" content=\"article\" \/>\n<meta property=\"og:title\" content=\"Projektleiter\/in f\u00fcr L\u00fcftungs- und Klimatechnik (m\/w\/d) - InfraSolution AG\" \/>\n<meta property=\"og:description\" content=\"F\u00fcr die zur Infrasolution Unternehmensgruppe geh\u00f6rende Gesellschaft KKR GmbH mit Sitz in 63225 Langen suchen wir in Festanstellung eine\/n Projektleiter\/in f\u00fcr L\u00fcftungs- und Klimatechnik (m\/w\/d) Die KKR GmbH ist ein zukunftsweisendes Technologieunternehmen mit den Schwerpunkten Klimatechnik, K\u00e4ltetechnik, Reinraumtechnik und MSR-Technik (Mess-, Steuer- und Regelungstechnik). Mit einem Team von hoch qualifizierten Spezialisten setzen wir komplexe technische [&hellip;]\" \/>\n<meta property=\"og:url\" content=\"http:\/\/www.infrasolution.ag\/en\/de\/projektleiter-in-fur-luftungs-und-klimatechnik-m-w-d\/\" \/>\n<meta property=\"og:site_name\" content=\"InfraSolution AG\" \/>\n<meta property=\"article:publisher\" content=\"https:\/\/www.facebook.com\/InfraSolutionAG\/\" \/>\n<meta property=\"article:modified_time\" content=\"2026-03-06T11:12:14+00:00\" \/>\n<meta name=\"twitter:card\" content=\"summary_large_image\" \/>\n<meta name=\"twitter:label1\" content=\"Est. reading time\" \/>\n\t<meta name=\"twitter:data1\" content=\"3 minutes\" \/>\n<script type=\"application\/ld+json\" class=\"yoast-schema-graph\">{\"@context\":\"https:\/\/schema.org\",\"@graph\":[{\"@type\":\"WebPage\",\"@id\":\"http:\/\/www.infrasolution.ag\/en\/de\/projektleiter-in-fur-luftungs-und-klimatechnik-m-w-d\/\",\"url\":\"http:\/\/www.infrasolution.ag\/en\/de\/projektleiter-in-fur-luftungs-und-klimatechnik-m-w-d\/\",\"name\":\"Projektleiter\/in f\u00fcr L\u00fcftungs- und Klimatechnik (m\/w\/d) - InfraSolution AG\",\"isPartOf\":{\"@id\":\"http:\/\/www.infrasolution.ag\/en\/#website\"},\"datePublished\":\"2024-08-09T15:30:08+00:00\",\"dateModified\":\"2026-03-06T11:12:14+00:00\",\"breadcrumb\":{\"@id\":\"http:\/\/www.infrasolution.ag\/en\/de\/projektleiter-in-fur-luftungs-und-klimatechnik-m-w-d\/#breadcrumb\"},\"inLanguage\":\"en-US\",\"potentialAction\":[{\"@type\":\"ReadAction\",\"target\":[\"http:\/\/www.infrasolution.ag\/en\/de\/projektleiter-in-fur-luftungs-und-klimatechnik-m-w-d\/\"]}]},{\"@type\":\"BreadcrumbList\",\"@id\":\"http:\/\/www.infrasolution.ag\/en\/de\/projektleiter-in-fur-luftungs-und-klimatechnik-m-w-d\/#breadcrumb\",\"itemListElement\":[{\"@type\":\"ListItem\",\"position\":1,\"name\":\"Home\",\"item\":\"https:\/\/www.infrasolution.ag\/en\/en\/home\/\"},{\"@type\":\"ListItem\",\"position\":2,\"name\":\"Projektleiter\/in f\u00fcr L\u00fcftungs- und Klimatechnik (m\/w\/d)\"}]},{\"@type\":\"WebSite\",\"@id\":\"http:\/\/www.infrasolution.ag\/en\/#website\",\"url\":\"http:\/\/www.infrasolution.ag\/en\/\",\"name\":\"InfraSolution AG\",\"description\":\"Unternehmensgruppe\",\"publisher\":{\"@id\":\"http:\/\/www.infrasolution.ag\/en\/#organization\"},\"potentialAction\":[{\"@type\":\"SearchAction\",\"target\":{\"@type\":\"EntryPoint\",\"urlTemplate\":\"http:\/\/www.infrasolution.ag\/en\/?s={search_term_string}\"},\"query-input\":{\"@type\":\"PropertyValueSpecification\",\"valueRequired\":true,\"valueName\":\"search_term_string\"}}],\"inLanguage\":\"en-US\"},{\"@type\":\"Organization\",\"@id\":\"http:\/\/www.infrasolution.ag\/en\/#organization\",\"name\":\"InfraSolution AG\",\"url\":\"http:\/\/www.infrasolution.ag\/en\/\",\"logo\":{\"@type\":\"ImageObject\",\"inLanguage\":\"en-US\",\"@id\":\"http:\/\/www.infrasolution.ag\/en\/#\/schema\/logo\/image\/\",\"url\":\"http:\/\/www.infrasolution.ag\/en\/wp-content\/uploads\/2024\/08\/infrasolution-ag-logo.png\",\"contentUrl\":\"http:\/\/www.infrasolution.ag\/en\/wp-content\/uploads\/2024\/08\/infrasolution-ag-logo.png\",\"width\":300,\"height\":124,\"caption\":\"InfraSolution AG\"},\"image\":{\"@id\":\"http:\/\/www.infrasolution.ag\/en\/#\/schema\/logo\/image\/\"},\"sameAs\":[\"https:\/\/www.facebook.com\/InfraSolutionAG\/\",\"https:\/\/de.linkedin.com\/company\/infrasolution-ag\"]}]}<\/script>\n<!-- \/ Yoast SEO plugin. -->","yoast_head_json":{"title":"Projektleiter\/in f\u00fcr L\u00fcftungs- und Klimatechnik (m\/w\/d) - InfraSolution AG","robots":{"index":"index","follow":"follow","max-snippet":"max-snippet:-1","max-image-preview":"max-image-preview:large","max-video-preview":"max-video-preview:-1"},"canonical":"http:\/\/www.infrasolution.ag\/en\/de\/projektleiter-in-fur-luftungs-und-klimatechnik-m-w-d\/","og_locale":"en_US","og_type":"article","og_title":"Projektleiter\/in f\u00fcr L\u00fcftungs- und Klimatechnik (m\/w\/d) - InfraSolution AG","og_description":"F\u00fcr die zur Infrasolution Unternehmensgruppe geh\u00f6rende Gesellschaft KKR GmbH mit Sitz in 63225 Langen suchen wir in Festanstellung eine\/n Projektleiter\/in f\u00fcr L\u00fcftungs- und Klimatechnik (m\/w\/d) Die KKR GmbH ist ein zukunftsweisendes Technologieunternehmen mit den Schwerpunkten Klimatechnik, K\u00e4ltetechnik, Reinraumtechnik und MSR-Technik (Mess-, Steuer- und Regelungstechnik). Mit einem Team von hoch qualifizierten Spezialisten setzen wir komplexe technische [&hellip;]","og_url":"http:\/\/www.infrasolution.ag\/en\/de\/projektleiter-in-fur-luftungs-und-klimatechnik-m-w-d\/","og_site_name":"InfraSolution AG","article_publisher":"https:\/\/www.facebook.com\/InfraSolutionAG\/","article_modified_time":"2026-03-06T11:12:14+00:00","twitter_card":"summary_large_image","twitter_misc":{"Est. reading time":"3 minutes"},"schema":{"@context":"https:\/\/schema.org","@graph":[{"@type":"WebPage","@id":"http:\/\/www.infrasolution.ag\/en\/de\/projektleiter-in-fur-luftungs-und-klimatechnik-m-w-d\/","url":"http:\/\/www.infrasolution.ag\/en\/de\/projektleiter-in-fur-luftungs-und-klimatechnik-m-w-d\/","name":"Projektleiter\/in f\u00fcr L\u00fcftungs- und Klimatechnik (m\/w\/d) - InfraSolution AG","isPartOf":{"@id":"http:\/\/www.infrasolution.ag\/en\/#website"},"datePublished":"2024-08-09T15:30:08+00:00","dateModified":"2026-03-06T11:12:14+00:00","breadcrumb":{"@id":"http:\/\/www.infrasolution.ag\/en\/de\/projektleiter-in-fur-luftungs-und-klimatechnik-m-w-d\/#breadcrumb"},"inLanguage":"en-US","potentialAction":[{"@type":"ReadAction","target":["http:\/\/www.infrasolution.ag\/en\/de\/projektleiter-in-fur-luftungs-und-klimatechnik-m-w-d\/"]}]},{"@type":"BreadcrumbList","@id":"http:\/\/www.infrasolution.ag\/en\/de\/projektleiter-in-fur-luftungs-und-klimatechnik-m-w-d\/#breadcrumb","itemListElement":[{"@type":"ListItem","position":1,"name":"Home","item":"https:\/\/www.infrasolution.ag\/en\/en\/home\/"},{"@type":"ListItem","position":2,"name":"Projektleiter\/in f\u00fcr L\u00fcftungs- und Klimatechnik (m\/w\/d)"}]},{"@type":"WebSite","@id":"http:\/\/www.infrasolution.ag\/en\/#website","url":"http:\/\/www.infrasolution.ag\/en\/","name":"InfraSolution AG","description":"Unternehmensgruppe","publisher":{"@id":"http:\/\/www.infrasolution.ag\/en\/#organization"},"potentialAction":[{"@type":"SearchAction","target":{"@type":"EntryPoint","urlTemplate":"http:\/\/www.infrasolution.ag\/en\/?s={search_term_string}"},"query-input":{"@type":"PropertyValueSpecification","valueRequired":true,"valueName":"search_term_string"}}],"inLanguage":"en-US"},{"@type":"Organization","@id":"http:\/\/www.infrasolution.ag\/en\/#organization","name":"InfraSolution AG","url":"http:\/\/www.infrasolution.ag\/en\/","logo":{"@type":"ImageObject","inLanguage":"en-US","@id":"http:\/\/www.infrasolution.ag\/en\/#\/schema\/logo\/image\/","url":"http:\/\/www.infrasolution.ag\/en\/wp-content\/uploads\/2024\/08\/infrasolution-ag-logo.png","contentUrl":"http:\/\/www.infrasolution.ag\/en\/wp-content\/uploads\/2024\/08\/infrasolution-ag-logo.png","width":300,"height":124,"caption":"InfraSolution AG"},"image":{"@id":"http:\/\/www.infrasolution.ag\/en\/#\/schema\/logo\/image\/"},"sameAs":["https:\/\/www.facebook.com\/InfraSolutionAG\/","https:\/\/de.linkedin.com\/company\/infrasolution-ag"]}]}},"_links":{"self":[{"href":"http:\/\/www.infrasolution.ag\/en\/wp-json\/wp\/v2\/pages\/2535","targetHints":{"allow":["GET"]}}],"collection":[{"href":"http:\/\/www.infrasolution.ag\/en\/wp-json\/wp\/v2\/pages"}],"about":[{"href":"http:\/\/www.infrasolution.ag\/en\/wp-json\/wp\/v2\/types\/page"}],"author":[{"embeddable":true,"href":"http:\/\/www.infrasolution.ag\/en\/wp-json\/wp\/v2\/users\/1"}],"replies":[{"embeddable":true,"href":"http:\/\/www.infrasolution.ag\/en\/wp-json\/wp\/v2\/comments?post=2535"}],"version-history":[{"count":0,"href":"http:\/\/www.infrasolution.ag\/en\/wp-json\/wp\/v2\/pages\/2535\/revisions"}],"wp:attachment":[{"href":"http:\/\/www.infrasolution.ag\/en\/wp-json\/wp\/v2\/media?parent=2535"}],"curies":[{"name":"wp","href":"https:\/\/api.w.org\/{rel}","templated":true}]}}