{"id":2541,"date":"2024-08-09T17:36:18","date_gmt":"2024-08-09T15:36:18","guid":{"rendered":"http:\/\/www.infrasolution.ag\/en\/?page_id=2541"},"modified":"2024-08-18T21:31:43","modified_gmt":"2024-08-18T19:31:43","slug":"mechatroniker-fur-kaltetechnik-m-w-d-2","status":"publish","type":"page","link":"http:\/\/www.infrasolution.ag\/en\/de\/mechatroniker-fur-kaltetechnik-m-w-d-2\/","title":{"rendered":"Mechatroniker f\u00fcr K\u00e4ltetechnik (m\/w\/d)"},"content":{"rendered":"\n<p>Die <strong>KKR GmbH<\/strong> ist ein zukunftsweisendes Technologieunternehmen mit den Schwerpunkten Klimatechnik, K\u00e4ltetechnik, Reinraumtechnik und MSR-Technik (Mess-, Steuer- und Regelungstechnik). Mit einem Team von hoch qualifizierten Spezialisten setzen wir komplexe technische Aufgabenstellungen um. Dank unserer fundierten technologischen Expertise in der Pharmabranche haben wir uns zudem als Dienstleister f\u00fcr GMP-Services in vielen Projekten bew\u00e4hrt.<\/p>\n\n\n\n<p>Wir suchen Auszubildende zum<\/p>\n\n\n\n<p class=\"has-background has-medium-font-size\" style=\"background-color:#ececec\">Mechatroniker f\u00fcr K\u00e4ltetechnik (m\/w\/d)<\/p>\n\n\n\n<p><strong>Ihr Aufgabengebiet:<\/strong><\/p>\n\n\n\n<p><strong>Was Sie erwartet:<\/strong><\/p>\n\n\n\n<p>W\u00e4hrend Ihrer 3,5-j\u00e4hrigen Ausbildung erlernen Sie das<\/p>\n\n\n\n<ul style=\"background-color:#f7f7f7\" class=\"wp-block-list has-background\">\n<li>Planen und montieren von Anlagen und Systeme der K\u00e4lte- und Klimatechnik einschlie\u00dflich der elektrotechnischen und elektronischen Bauteile<\/li>\n\n\n\n<li>Wartung von Anlagen und Umbau bei Bedarf<\/li>\n<\/ul>\n\n\n\n<p><strong>Was wir erwarten:<\/strong><\/p>\n\n\n\n<ul style=\"background-color:#f7f7f7\" class=\"wp-block-list has-background\">\n<li>Mittlere Reife oder Abitur mit guten Noten in Mathematik, Physik und Chemie<\/li>\n\n\n\n<li>Zuverl\u00e4ssigkeit<\/li>\n\n\n\n<li>Teamf\u00e4higkeit<\/li>\n\n\n\n<li>Schnelle Auffassungsgabe<\/li>\n\n\n\n<li>Leistungsbereitschaft<\/li>\n\n\n\n<li>Teamf\u00e4higkeit<\/li>\n<\/ul>\n\n\n\n<p><strong>Wir bieten Ihnen:<\/strong><\/p>\n\n\n\n<ul style=\"background-color:#f7f7f7\" class=\"wp-block-list has-background\">\n<li>Eine interessante Ausbildung mit Aufgaben in anspruchsvollen Projekten und in einem engagierten Team, sowie nach der Ausbildung die Aussicht auf eine Festanstellung und Entwicklungsm\u00f6glichkeiten mit leistungsgerechter Bezahlung<\/li>\n\n\n\n<li>Moderne und zukunftsorientierte Arbeitspl\u00e4tze<\/li>\n\n\n\n<li>Qualifizierte Weiterbildungsm\u00f6glichkeiten<\/li>\n\n\n\n<li>Ein angenehmes Arbeitsumfeld und ein gutes Betriebsklima<\/li>\n<\/ul>\n\n\n\n<div style=\"height:50px\" aria-hidden=\"true\" class=\"wp-block-spacer\"><\/div>\n\n\n\n<hr class=\"wp-block-separator has-alpha-channel-opacity is-style-wide\"\/>\n\n\n\n<p class=\"has-text-color has-link-color wp-elements-b53a8d094e49c240046c14569806acb6\" style=\"color:#7fc31c\"><strong>Download PDF<\/strong><\/p>\n\n\n\n<div style=\"height:10px\" aria-hidden=\"true\" class=\"wp-block-spacer\"><\/div>\n\n\n\n<div class=\"wp-block-file alignleft\"><a id=\"wp-block-file--media-317e3af8-7080-42f1-a33d-e497664ef637\" href=\"http:\/\/www.infrasolution.ag\/en\/wp-content\/uploads\/2024\/08\/Ausbildung-Mechatroniker-Kaltetechnik.pdf\" target=\"_blank\" rel=\"noreferrer noopener\">Ausbildung-Mechatroniker-K\u00e4ltetechnik<\/a><a href=\"http:\/\/www.infrasolution.ag\/en\/wp-content\/uploads\/2024\/08\/Ausbildung-Mechatroniker-Kaltetechnik.pdf\" class=\"wp-block-file__button wp-element-button\" download aria-describedby=\"wp-block-file--media-317e3af8-7080-42f1-a33d-e497664ef637\">Download<\/a><\/div>\n\n\n\n<div style=\"height:2px\" aria-hidden=\"true\" class=\"wp-block-spacer\"><\/div>\n\n\n\n<hr class=\"wp-block-separator has-alpha-channel-opacity is-style-wide\"\/>\n\n\n\n<div class=\"wp-block-columns is-layout-flex wp-container-core-columns-is-layout-28f84493 wp-block-columns-is-layout-flex\">\n<div class=\"wp-block-column is-layout-flow wp-block-column-is-layout-flow\" style=\"flex-basis:33.33%\">\n<p class=\"has-ast-global-color-4-color has-text-color has-background has-link-color has-medium-font-size wp-elements-5a9bb780bb45ae7df8d46619c34b3d94\" style=\"background-color:#7fc31c;font-style:normal;font-weight:700\"><strong>Wir freuen uns auf Ihre Bewerbung!<\/strong><\/p>\n\n\n\n<p class=\"has-background\" style=\"background-color:#ececec\">Bitte senden Sie diese an unten stehende Adresse, per <a href=\"mailto:Bewerbung@infrasolution.ag\" target=\"_blank\" rel=\"noreferrer noopener\"><strong>E-Mail <\/strong><\/a>oder mit dem untenstehenden Formular:<\/p>\n\n\n\n<p><strong>InfraSolution AG<\/strong><br>Robert-Bosch-Stra\u00dfe 13<br>D-63225 Langen<br><\/p>\n<\/div>\n\n\n\n<div class=\"wp-block-column is-layout-flow wp-block-column-is-layout-flow\" style=\"flex-basis:66.66%\">\n<div class=\"wp-block-contact-form-7-contact-form-selector\">\n<div class=\"wpcf7 no-js\" id=\"wpcf7-f2505-o1\" lang=\"en-US\" dir=\"ltr\" data-wpcf7-id=\"2505\">\n<div class=\"screen-reader-response\"><p role=\"status\" aria-live=\"polite\" aria-atomic=\"true\"><\/p> <ul><\/ul><\/div>\n<form action=\"\/en\/wp-json\/wp\/v2\/pages\/2541#wpcf7-f2505-o1\" method=\"post\" class=\"wpcf7-form init\" aria-label=\"Contact form\" enctype=\"multipart\/form-data\" novalidate=\"novalidate\" data-status=\"init\">\n<div style=\"display: none;\">\n<input type=\"hidden\" name=\"_wpcf7\" value=\"2505\" \/>\n<input type=\"hidden\" name=\"_wpcf7_version\" value=\"6.0.6\" \/>\n<input type=\"hidden\" name=\"_wpcf7_locale\" value=\"en_US\" \/>\n<input type=\"hidden\" name=\"_wpcf7_unit_tag\" value=\"wpcf7-f2505-o1\" \/>\n<input type=\"hidden\" name=\"_wpcf7_container_post\" value=\"0\" \/>\n<input type=\"hidden\" name=\"_wpcf7_posted_data_hash\" value=\"\" \/>\n<\/div>\n<p><label> Vorname:<br \/>\n<span class=\"wpcf7-form-control-wrap\" data-name=\"text-107\"><input size=\"40\" maxlength=\"400\" class=\"wpcf7-form-control wpcf7-text\" aria-invalid=\"false\" value=\"\" type=\"text\" name=\"text-107\" \/><\/span> <\/label>\n<\/p>\n<p><label> Nachname: (erforderlich)<br \/>\n<span class=\"wpcf7-form-control-wrap\" data-name=\"your-name\"><input size=\"40\" maxlength=\"400\" class=\"wpcf7-form-control wpcf7-text wpcf7-validates-as-required\" aria-required=\"true\" aria-invalid=\"false\" value=\"\" type=\"text\" name=\"your-name\" \/><\/span> <\/label>\n<\/p>\n<p><label> Telefon:<br \/>\n<span class=\"wpcf7-form-control-wrap\" data-name=\"text-109\"><input size=\"40\" maxlength=\"400\" class=\"wpcf7-form-control wpcf7-text\" aria-invalid=\"false\" value=\"\" type=\"text\" name=\"text-109\" \/><\/span> <\/label>\n<\/p>\n<p><label> E-mail: (erforderlich)<br \/>\n<span class=\"wpcf7-form-control-wrap\" data-name=\"your-email\"><input size=\"40\" maxlength=\"400\" class=\"wpcf7-form-control wpcf7-email wpcf7-validates-as-required wpcf7-text wpcf7-validates-as-email\" aria-required=\"true\" aria-invalid=\"false\" value=\"\" type=\"email\" name=\"your-email\" \/><\/span> <\/label>\n<\/p>\n<p><label> Anmerkung:<br \/>\n<span class=\"wpcf7-form-control-wrap\" data-name=\"your-message\"><textarea cols=\"40\" rows=\"10\" maxlength=\"2000\" class=\"wpcf7-form-control wpcf7-textarea\" aria-invalid=\"false\" name=\"your-message\"><\/textarea><\/span> <\/label>\n<\/p>\n<p><label> PDF-Datei anh\u00e4ngen (Sie k\u00f6nnen zwei Dateien mit einer max. Gr\u00f6\u00dfe von jeweils 5 MB anh\u00e4ngen) <\/label><br \/>\n<span class=\"wpcf7-form-control-wrap\" data-name=\"file1\"><input size=\"40\" class=\"wpcf7-form-control wpcf7-file\" accept=\".pdf\" aria-invalid=\"false\" type=\"file\" name=\"file1\" \/><\/span><span class=\"wpcf7-form-control-wrap\" data-name=\"file2\"><input size=\"40\" class=\"wpcf7-form-control wpcf7-file\" accept=\".pdf\" aria-invalid=\"false\" type=\"file\" name=\"file2\" \/><\/span>\n<\/p>\n<p><input class=\"wpcf7-form-control wpcf7-submit has-spinner\" type=\"submit\" value=\"Absenden\" \/>\n<\/p><div class=\"wpcf7-response-output\" aria-hidden=\"true\"><\/div>\n<\/form>\n<\/div>\n<\/div>\n<\/div>\n<\/div>\n","protected":false},"excerpt":{"rendered":"<p>Die KKR GmbH ist ein zukunftsweisendes Technologieunternehmen mit den Schwerpunkten Klimatechnik, K\u00e4ltetechnik, Reinraumtechnik und MSR-Technik (Mess-, Steuer- und Regelungstechnik). Mit einem Team von hoch qualifizierten Spezialisten setzen wir komplexe technische Aufgabenstellungen um. Dank unserer fundierten technologischen Expertise in der Pharmabranche haben wir uns zudem als Dienstleister f\u00fcr GMP-Services in vielen Projekten bew\u00e4hrt. Wir suchen Auszubildende [&hellip;]<\/p>\n","protected":false},"author":1,"featured_media":0,"parent":0,"menu_order":0,"comment_status":"closed","ping_status":"closed","template":"","meta":{"site-sidebar-layout":"default","site-content-layout":"","ast-site-content-layout":"default","site-content-style":"default","site-sidebar-style":"default","ast-global-header-display":"","ast-banner-title-visibility":"","ast-main-header-display":"","ast-hfb-above-header-display":"","ast-hfb-below-header-display":"","ast-hfb-mobile-header-display":"","site-post-title":"","ast-breadcrumbs-content":"","ast-featured-img":"","footer-sml-layout":"","theme-transparent-header-meta":"","adv-header-id-meta":"","stick-header-meta":"","header-above-stick-meta":"","header-main-stick-meta":"","header-below-stick-meta":"","astra-migrate-meta-layouts":"set","ast-page-background-enabled":"default","ast-page-background-meta":{"desktop":{"background-color":"var(--ast-global-color-4)","background-image":"","background-repeat":"repeat","background-position":"center center","background-size":"auto","background-attachment":"scroll","background-type":"","background-media":"","overlay-type":"","overlay-color":"","overlay-opacity":"","overlay-gradient":""},"tablet":{"background-color":"","background-image":"","background-repeat":"repeat","background-position":"center center","background-size":"auto","background-attachment":"scroll","background-type":"","background-media":"","overlay-type":"","overlay-color":"","overlay-opacity":"","overlay-gradient":""},"mobile":{"background-color":"","background-image":"","background-repeat":"repeat","background-position":"center center","background-size":"auto","background-attachment":"scroll","background-type":"","background-media":"","overlay-type":"","overlay-color":"","overlay-opacity":"","overlay-gradient":""}},"ast-content-background-meta":{"desktop":{"background-color":"var(--ast-global-color-5)","background-image":"","background-repeat":"repeat","background-position":"center center","background-size":"auto","background-attachment":"scroll","background-type":"","background-media":"","overlay-type":"","overlay-color":"","overlay-opacity":"","overlay-gradient":""},"tablet":{"background-color":"var(--ast-global-color-5)","background-image":"","background-repeat":"repeat","background-position":"center center","background-size":"auto","background-attachment":"scroll","background-type":"","background-media":"","overlay-type":"","overlay-color":"","overlay-opacity":"","overlay-gradient":""},"mobile":{"background-color":"var(--ast-global-color-5)","background-image":"","background-repeat":"repeat","background-position":"center center","background-size":"auto","background-attachment":"scroll","background-type":"","background-media":"","overlay-type":"","overlay-color":"","overlay-opacity":"","overlay-gradient":""}},"footnotes":""},"class_list":["post-2541","page","type-page","status-publish","hentry"],"yoast_head":"<!-- This site is optimized with the Yoast SEO plugin v25.3.1 - https:\/\/yoast.com\/wordpress\/plugins\/seo\/ -->\n<title>Mechatroniker f\u00fcr K\u00e4ltetechnik (m\/w\/d) - InfraSolution AG<\/title>\n<meta name=\"robots\" content=\"index, follow, max-snippet:-1, max-image-preview:large, max-video-preview:-1\" \/>\n<link rel=\"canonical\" href=\"http:\/\/www.infrasolution.ag\/en\/de\/mechatroniker-fur-kaltetechnik-m-w-d-2\/\" \/>\n<meta property=\"og:locale\" content=\"en_US\" \/>\n<meta property=\"og:type\" content=\"article\" \/>\n<meta property=\"og:title\" content=\"Mechatroniker f\u00fcr K\u00e4ltetechnik (m\/w\/d) - InfraSolution AG\" \/>\n<meta property=\"og:description\" content=\"Die KKR GmbH ist ein zukunftsweisendes Technologieunternehmen mit den Schwerpunkten Klimatechnik, K\u00e4ltetechnik, Reinraumtechnik und MSR-Technik (Mess-, Steuer- und Regelungstechnik). Mit einem Team von hoch qualifizierten Spezialisten setzen wir komplexe technische Aufgabenstellungen um. Dank unserer fundierten technologischen Expertise in der Pharmabranche haben wir uns zudem als Dienstleister f\u00fcr GMP-Services in vielen Projekten bew\u00e4hrt. Wir suchen Auszubildende [&hellip;]\" \/>\n<meta property=\"og:url\" content=\"http:\/\/www.infrasolution.ag\/en\/de\/mechatroniker-fur-kaltetechnik-m-w-d-2\/\" \/>\n<meta property=\"og:site_name\" content=\"InfraSolution AG\" \/>\n<meta property=\"article:publisher\" content=\"https:\/\/www.facebook.com\/InfraSolutionAG\/\" \/>\n<meta property=\"article:modified_time\" content=\"2024-08-18T19:31:43+00:00\" \/>\n<meta name=\"twitter:card\" content=\"summary_large_image\" \/>\n<meta name=\"twitter:label1\" content=\"Est. reading time\" \/>\n\t<meta name=\"twitter:data1\" content=\"1 minute\" \/>\n<script type=\"application\/ld+json\" class=\"yoast-schema-graph\">{\"@context\":\"https:\/\/schema.org\",\"@graph\":[{\"@type\":\"WebPage\",\"@id\":\"http:\/\/www.infrasolution.ag\/en\/de\/mechatroniker-fur-kaltetechnik-m-w-d-2\/\",\"url\":\"http:\/\/www.infrasolution.ag\/en\/de\/mechatroniker-fur-kaltetechnik-m-w-d-2\/\",\"name\":\"Mechatroniker f\u00fcr K\u00e4ltetechnik (m\/w\/d) - InfraSolution AG\",\"isPartOf\":{\"@id\":\"http:\/\/www.infrasolution.ag\/en\/#website\"},\"datePublished\":\"2024-08-09T15:36:18+00:00\",\"dateModified\":\"2024-08-18T19:31:43+00:00\",\"breadcrumb\":{\"@id\":\"http:\/\/www.infrasolution.ag\/en\/de\/mechatroniker-fur-kaltetechnik-m-w-d-2\/#breadcrumb\"},\"inLanguage\":\"en-US\",\"potentialAction\":[{\"@type\":\"ReadAction\",\"target\":[\"http:\/\/www.infrasolution.ag\/en\/de\/mechatroniker-fur-kaltetechnik-m-w-d-2\/\"]}]},{\"@type\":\"BreadcrumbList\",\"@id\":\"http:\/\/www.infrasolution.ag\/en\/de\/mechatroniker-fur-kaltetechnik-m-w-d-2\/#breadcrumb\",\"itemListElement\":[{\"@type\":\"ListItem\",\"position\":1,\"name\":\"Home\",\"item\":\"https:\/\/www.infrasolution.ag\/en\/en\/home\/\"},{\"@type\":\"ListItem\",\"position\":2,\"name\":\"Mechatroniker f\u00fcr K\u00e4ltetechnik (m\/w\/d)\"}]},{\"@type\":\"WebSite\",\"@id\":\"http:\/\/www.infrasolution.ag\/en\/#website\",\"url\":\"http:\/\/www.infrasolution.ag\/en\/\",\"name\":\"InfraSolution AG\",\"description\":\"Unternehmensgruppe\",\"publisher\":{\"@id\":\"http:\/\/www.infrasolution.ag\/en\/#organization\"},\"potentialAction\":[{\"@type\":\"SearchAction\",\"target\":{\"@type\":\"EntryPoint\",\"urlTemplate\":\"http:\/\/www.infrasolution.ag\/en\/?s={search_term_string}\"},\"query-input\":{\"@type\":\"PropertyValueSpecification\",\"valueRequired\":true,\"valueName\":\"search_term_string\"}}],\"inLanguage\":\"en-US\"},{\"@type\":\"Organization\",\"@id\":\"http:\/\/www.infrasolution.ag\/en\/#organization\",\"name\":\"InfraSolution AG\",\"url\":\"http:\/\/www.infrasolution.ag\/en\/\",\"logo\":{\"@type\":\"ImageObject\",\"inLanguage\":\"en-US\",\"@id\":\"http:\/\/www.infrasolution.ag\/en\/#\/schema\/logo\/image\/\",\"url\":\"http:\/\/www.infrasolution.ag\/en\/wp-content\/uploads\/2024\/08\/infrasolution-ag-logo.png\",\"contentUrl\":\"http:\/\/www.infrasolution.ag\/en\/wp-content\/uploads\/2024\/08\/infrasolution-ag-logo.png\",\"width\":300,\"height\":124,\"caption\":\"InfraSolution AG\"},\"image\":{\"@id\":\"http:\/\/www.infrasolution.ag\/en\/#\/schema\/logo\/image\/\"},\"sameAs\":[\"https:\/\/www.facebook.com\/InfraSolutionAG\/\",\"https:\/\/de.linkedin.com\/company\/infrasolution-ag\"]}]}<\/script>\n<!-- \/ Yoast SEO plugin. -->","yoast_head_json":{"title":"Mechatroniker f\u00fcr K\u00e4ltetechnik (m\/w\/d) - InfraSolution AG","robots":{"index":"index","follow":"follow","max-snippet":"max-snippet:-1","max-image-preview":"max-image-preview:large","max-video-preview":"max-video-preview:-1"},"canonical":"http:\/\/www.infrasolution.ag\/en\/de\/mechatroniker-fur-kaltetechnik-m-w-d-2\/","og_locale":"en_US","og_type":"article","og_title":"Mechatroniker f\u00fcr K\u00e4ltetechnik (m\/w\/d) - InfraSolution AG","og_description":"Die KKR GmbH ist ein zukunftsweisendes Technologieunternehmen mit den Schwerpunkten Klimatechnik, K\u00e4ltetechnik, Reinraumtechnik und MSR-Technik (Mess-, Steuer- und Regelungstechnik). Mit einem Team von hoch qualifizierten Spezialisten setzen wir komplexe technische Aufgabenstellungen um. Dank unserer fundierten technologischen Expertise in der Pharmabranche haben wir uns zudem als Dienstleister f\u00fcr GMP-Services in vielen Projekten bew\u00e4hrt. Wir suchen Auszubildende [&hellip;]","og_url":"http:\/\/www.infrasolution.ag\/en\/de\/mechatroniker-fur-kaltetechnik-m-w-d-2\/","og_site_name":"InfraSolution AG","article_publisher":"https:\/\/www.facebook.com\/InfraSolutionAG\/","article_modified_time":"2024-08-18T19:31:43+00:00","twitter_card":"summary_large_image","twitter_misc":{"Est. reading time":"1 minute"},"schema":{"@context":"https:\/\/schema.org","@graph":[{"@type":"WebPage","@id":"http:\/\/www.infrasolution.ag\/en\/de\/mechatroniker-fur-kaltetechnik-m-w-d-2\/","url":"http:\/\/www.infrasolution.ag\/en\/de\/mechatroniker-fur-kaltetechnik-m-w-d-2\/","name":"Mechatroniker f\u00fcr K\u00e4ltetechnik (m\/w\/d) - InfraSolution AG","isPartOf":{"@id":"http:\/\/www.infrasolution.ag\/en\/#website"},"datePublished":"2024-08-09T15:36:18+00:00","dateModified":"2024-08-18T19:31:43+00:00","breadcrumb":{"@id":"http:\/\/www.infrasolution.ag\/en\/de\/mechatroniker-fur-kaltetechnik-m-w-d-2\/#breadcrumb"},"inLanguage":"en-US","potentialAction":[{"@type":"ReadAction","target":["http:\/\/www.infrasolution.ag\/en\/de\/mechatroniker-fur-kaltetechnik-m-w-d-2\/"]}]},{"@type":"BreadcrumbList","@id":"http:\/\/www.infrasolution.ag\/en\/de\/mechatroniker-fur-kaltetechnik-m-w-d-2\/#breadcrumb","itemListElement":[{"@type":"ListItem","position":1,"name":"Home","item":"https:\/\/www.infrasolution.ag\/en\/en\/home\/"},{"@type":"ListItem","position":2,"name":"Mechatroniker f\u00fcr K\u00e4ltetechnik (m\/w\/d)"}]},{"@type":"WebSite","@id":"http:\/\/www.infrasolution.ag\/en\/#website","url":"http:\/\/www.infrasolution.ag\/en\/","name":"InfraSolution AG","description":"Unternehmensgruppe","publisher":{"@id":"http:\/\/www.infrasolution.ag\/en\/#organization"},"potentialAction":[{"@type":"SearchAction","target":{"@type":"EntryPoint","urlTemplate":"http:\/\/www.infrasolution.ag\/en\/?s={search_term_string}"},"query-input":{"@type":"PropertyValueSpecification","valueRequired":true,"valueName":"search_term_string"}}],"inLanguage":"en-US"},{"@type":"Organization","@id":"http:\/\/www.infrasolution.ag\/en\/#organization","name":"InfraSolution AG","url":"http:\/\/www.infrasolution.ag\/en\/","logo":{"@type":"ImageObject","inLanguage":"en-US","@id":"http:\/\/www.infrasolution.ag\/en\/#\/schema\/logo\/image\/","url":"http:\/\/www.infrasolution.ag\/en\/wp-content\/uploads\/2024\/08\/infrasolution-ag-logo.png","contentUrl":"http:\/\/www.infrasolution.ag\/en\/wp-content\/uploads\/2024\/08\/infrasolution-ag-logo.png","width":300,"height":124,"caption":"InfraSolution AG"},"image":{"@id":"http:\/\/www.infrasolution.ag\/en\/#\/schema\/logo\/image\/"},"sameAs":["https:\/\/www.facebook.com\/InfraSolutionAG\/","https:\/\/de.linkedin.com\/company\/infrasolution-ag"]}]}},"_links":{"self":[{"href":"http:\/\/www.infrasolution.ag\/en\/wp-json\/wp\/v2\/pages\/2541","targetHints":{"allow":["GET"]}}],"collection":[{"href":"http:\/\/www.infrasolution.ag\/en\/wp-json\/wp\/v2\/pages"}],"about":[{"href":"http:\/\/www.infrasolution.ag\/en\/wp-json\/wp\/v2\/types\/page"}],"author":[{"embeddable":true,"href":"http:\/\/www.infrasolution.ag\/en\/wp-json\/wp\/v2\/users\/1"}],"replies":[{"embeddable":true,"href":"http:\/\/www.infrasolution.ag\/en\/wp-json\/wp\/v2\/comments?post=2541"}],"version-history":[{"count":0,"href":"http:\/\/www.infrasolution.ag\/en\/wp-json\/wp\/v2\/pages\/2541\/revisions"}],"wp:attachment":[{"href":"http:\/\/www.infrasolution.ag\/en\/wp-json\/wp\/v2\/media?parent=2541"}],"curies":[{"name":"wp","href":"https:\/\/api.w.org\/{rel}","templated":true}]}}