{"id":1406,"date":"2024-07-01T23:14:55","date_gmt":"2024-07-01T21:14:55","guid":{"rendered":"http:\/\/www.infrasolution.ag\/scs\/?page_id=1406"},"modified":"2024-08-15T04:12:33","modified_gmt":"2024-08-15T02:12:33","slug":"customers","status":"publish","type":"page","link":"http:\/\/www.infrasolution.ag\/scs\/customers\/","title":{"rendered":"Customers"},"content":{"rendered":"\n<p class=\"has-text-color has-link-color has-medium-font-size wp-elements-e4de7098627fd9b4fb4bd30e35036f93\" style=\"color:#00a4fd\">CUSTOMERS<\/p>\n\n\n\n<div style=\"height:50px\" aria-hidden=\"true\" class=\"wp-block-spacer\"><\/div>\n\n\n\n<div class=\"wp-block-columns is-layout-flex wp-container-core-columns-is-layout-28f84493 wp-block-columns-is-layout-flex\">\n<div class=\"wp-block-column is-layout-flow wp-block-column-is-layout-flow\">\n<figure class=\"wp-block-image aligncenter size-full\"><a href=\"https:\/\/www.syntegon.com\/de\/\" target=\"_blank\" rel=\"noreferrer noopener\"><img loading=\"lazy\" decoding=\"async\" width=\"249\" height=\"105\" src=\"http:\/\/www.infrasolution.ag\/scs\/wp-content\/uploads\/2024\/07\/syntegon-logo.jpg\" alt=\"\" class=\"wp-image-1641\" style=\"box-shadow:var(--wp--preset--shadow--natural)\"\/><\/a><\/figure>\n<\/div>\n\n\n\n<div class=\"wp-block-column is-layout-flow wp-block-column-is-layout-flow\">\n<figure class=\"wp-block-image aligncenter size-full\"><a href=\"https:\/\/www.optima-packaging.com\/de\" target=\"_blank\" rel=\"noreferrer noopener\"><img loading=\"lazy\" decoding=\"async\" width=\"249\" height=\"105\" src=\"http:\/\/www.infrasolution.ag\/scs\/wp-content\/uploads\/2024\/07\/optima-logo.jpg\" alt=\"\" class=\"wp-image-1642\" style=\"box-shadow:var(--wp--preset--shadow--natural)\"\/><\/a><\/figure>\n<\/div>\n\n\n\n<div class=\"wp-block-column is-layout-flow wp-block-column-is-layout-flow\">\n<figure class=\"wp-block-image aligncenter size-full\"><a href=\"https:\/\/skan.com\" target=\"_blank\" rel=\"noreferrer noopener\"><img loading=\"lazy\" decoding=\"async\" width=\"249\" height=\"105\" src=\"http:\/\/www.infrasolution.ag\/scs\/wp-content\/uploads\/2024\/07\/skan-logo.jpg\" alt=\"\" class=\"wp-image-1643\" style=\"box-shadow:var(--wp--preset--shadow--natural)\"\/><\/a><\/figure>\n<\/div>\n<\/div>\n\n\n\n<div style=\"height:50px\" aria-hidden=\"true\" class=\"wp-block-spacer\"><\/div>\n\n\n\n<div class=\"wp-block-columns is-layout-flex wp-container-core-columns-is-layout-28f84493 wp-block-columns-is-layout-flex\">\n<div class=\"wp-block-column is-layout-flow wp-block-column-is-layout-flow\">\n<figure class=\"wp-block-image aligncenter size-full\"><a href=\"http:\/\/www.biotest.de\" target=\"_blank\" rel=\"noreferrer noopener\"><img loading=\"lazy\" decoding=\"async\" width=\"249\" height=\"105\" src=\"http:\/\/www.infrasolution.ag\/scs\/wp-content\/uploads\/2024\/07\/biotest-logo.jpg\" alt=\"\" class=\"wp-image-1644\" style=\"box-shadow:var(--wp--preset--shadow--natural)\"\/><\/a><\/figure>\n<\/div>\n\n\n\n<div class=\"wp-block-column is-layout-flow wp-block-column-is-layout-flow\">\n<figure class=\"wp-block-image aligncenter size-full\"><a href=\"http:\/\/www.bausch-stroebel.com\" target=\"_blank\" rel=\"noreferrer noopener\"><img loading=\"lazy\" decoding=\"async\" width=\"249\" height=\"105\" src=\"http:\/\/www.infrasolution.ag\/scs\/wp-content\/uploads\/2024\/07\/bausch-stroebel-logo.jpg\" alt=\"\" class=\"wp-image-1645\" style=\"box-shadow:var(--wp--preset--shadow--natural)\"\/><\/a><\/figure>\n<\/div>\n\n\n\n<div class=\"wp-block-column is-layout-flow wp-block-column-is-layout-flow\">\n<figure class=\"wp-block-image aligncenter size-full\"><a href=\"https:\/\/www.scanair-plus.ch\/\" target=\"_blank\" rel=\"noreferrer noopener\"><img loading=\"lazy\" decoding=\"async\" width=\"249\" height=\"105\" src=\"http:\/\/www.infrasolution.ag\/scs\/wp-content\/uploads\/2024\/07\/scanair-logo.jpg\" alt=\"\" class=\"wp-image-1646\" style=\"box-shadow:var(--wp--preset--shadow--natural)\"\/><\/a><\/figure>\n<\/div>\n<\/div>\n\n\n\n<div style=\"height:50px\" aria-hidden=\"true\" class=\"wp-block-spacer\"><\/div>\n\n\n\n<p class=\"has-text-color has-link-color has-medium-font-size wp-elements-edc35b9a63533539f7e030b755d7a378\" style=\"color:#00a4fd\">TESTIMONIALS<\/p>\n\n\n\n<div style=\"height:50px\" aria-hidden=\"true\" class=\"wp-block-spacer\"><\/div>\n\n\n\n<p class=\"has-ast-global-color-4-background-color has-background\">\u201eBei der Biotest AG wird das System RobotScanFlex (RSF) der InfraSolution AG zur automatischen DEHS Filterint egrit\u00e4tsmessung eingesetzt. Die Messmethode ist in der Biotest SOP dokumentiert und die RSF Protokolle entsprechen den aktuellen GMP und FDA Guidelines. Wir empfehlen RobotScanFlex daher uneingeschr\u00e4nkt weiter.\u201c<\/p>\n\n\n\n<p class=\"has-text-align-right\"><strong>Bernd Schrickel<\/strong> &#8211; Abteilungsleiter Technische Qualifizierung , <strong>Biotest AG<\/strong>, Dreieich<\/p>\n\n\n\n<div style=\"height:30px\" aria-hidden=\"true\" class=\"wp-block-spacer\"><\/div>\n\n\n\n<p class=\"has-ast-global-color-4-background-color has-background\">\u201eAls schweizer Dienstleister im Bereich Klima- Reinraum \u2013 und Messtechnik setzten wir den Robotscanflex bei unseren Grosskunden mit grossem Erfolg ein. ScanAir plus setzt auf neuste Technologien und Innovationen f\u00fcr die Zukunft.\u201c<\/p>\n\n\n\n<p class=\"has-text-align-right\"><strong>Ernesto Piscitelli<\/strong> &#8211; CEO, <strong>ScanAir plus GmbH<\/strong>, Hitzkirch \/ Luzern<\/p>\n\n\n\n<div style=\"height:30px\" aria-hidden=\"true\" class=\"wp-block-spacer\"><\/div>\n\n\n\n<p class=\"has-ast-global-color-4-background-color has-background\">\u201eDie Vorteile von RobotScanFlex liegen klar auf der Hand: Die Genauigkeit der Messung ist nicht mehr abh\u00e4ngig von der Sorgfalt und Erfahrung des Bedieners, die Messergebnisse sind deshalb verl\u00e4sslicher, genauer und reproduzierbar. Dar\u00fcber hinaus liegen am Ende alle Daten in digitaler Form vor. Mit diesem neuen Messverfahren wurde ein neuer Standard gesetzt.\u201c<\/p>\n\n\n\n<p class=\"has-text-align-right\"><strong>Thomas Seiffer<\/strong> &#8211; Leiter Forschung &amp; Technologie, <strong>Bausch+Str\u00f6bel GmbH+Co.<\/strong> KG<\/p>\n\n\n\n<div style=\"height:30px\" aria-hidden=\"true\" class=\"wp-block-spacer\"><\/div>\n\n\n\n<p class=\"has-ast-global-color-4-background-color has-background\">\u201eAls Serviceexperte verfolge ich den Automatisierungstrend seit 25 Jahren genau. Angefangen mit automatischer Test-Protokollierung kommt nun endlich die automatische HEPA-Filtermessung dazu, das hat uns bisher immer gefehlt. Ich bin sicher, dass Roboter-Scanning viele Vorteile bringt. Wegen der Arbeitserleichterung und der deutlich h\u00f6heren Pr\u00e4zision wird es bald f\u00fcr Routine-HEPA-Filtermessungen der neue Pr\u00fcf-Standard sein.\u201c<\/p>\n\n\n\n<p class=\"has-text-align-right\"><strong>Matthias Bittner<\/strong> \u2013 Serviceexperte, <strong>SKAN AG<\/strong>, Allschwil<\/p>\n","protected":false},"excerpt":{"rendered":"<p>CUSTOMERS TESTIMONIALS \u201eBei der Biotest AG wird das System RobotScanFlex (RSF) der InfraSolution AG zur automatischen DEHS Filterint egrit\u00e4tsmessung eingesetzt. Die Messmethode ist in der Biotest SOP dokumentiert und die RSF Protokolle entsprechen den aktuellen GMP und FDA Guidelines. Wir empfehlen RobotScanFlex daher uneingeschr\u00e4nkt weiter.\u201c Bernd Schrickel &#8211; Abteilungsleiter Technische Qualifizierung , Biotest AG, Dreieich [&hellip;]<\/p>\n","protected":false},"author":1,"featured_media":0,"parent":0,"menu_order":0,"comment_status":"closed","ping_status":"closed","template":"","meta":{"site-sidebar-layout":"default","site-content-layout":"","ast-site-content-layout":"default","site-content-style":"default","site-sidebar-style":"default","ast-global-header-display":"","ast-banner-title-visibility":"","ast-main-header-display":"","ast-hfb-above-header-display":"","ast-hfb-below-header-display":"","ast-hfb-mobile-header-display":"","site-post-title":"disabled","ast-breadcrumbs-content":"","ast-featured-img":"","footer-sml-layout":"","theme-transparent-header-meta":"","adv-header-id-meta":"","stick-header-meta":"","header-above-stick-meta":"","header-main-stick-meta":"","header-below-stick-meta":"","astra-migrate-meta-layouts":"set","ast-page-background-enabled":"default","ast-page-background-meta":{"desktop":{"background-color":"var(--ast-global-color-4)","background-image":"","background-repeat":"repeat","background-position":"center center","background-size":"auto","background-attachment":"scroll","background-type":"","background-media":"","overlay-type":"","overlay-color":"","overlay-opacity":"","overlay-gradient":""},"tablet":{"background-color":"","background-image":"","background-repeat":"repeat","background-position":"center center","background-size":"auto","background-attachment":"scroll","background-type":"","background-media":"","overlay-type":"","overlay-color":"","overlay-opacity":"","overlay-gradient":""},"mobile":{"background-color":"","background-image":"","background-repeat":"repeat","background-position":"center center","background-size":"auto","background-attachment":"scroll","background-type":"","background-media":"","overlay-type":"","overlay-color":"","overlay-opacity":"","overlay-gradient":""}},"ast-content-background-meta":{"desktop":{"background-color":"var(--ast-global-color-5)","background-image":"","background-repeat":"repeat","background-position":"center center","background-size":"auto","background-attachment":"scroll","background-type":"","background-media":"","overlay-type":"","overlay-color":"","overlay-opacity":"","overlay-gradient":""},"tablet":{"background-color":"var(--ast-global-color-5)","background-image":"","background-repeat":"repeat","background-position":"center center","background-size":"auto","background-attachment":"scroll","background-type":"","background-media":"","overlay-type":"","overlay-color":"","overlay-opacity":"","overlay-gradient":""},"mobile":{"background-color":"var(--ast-global-color-5)","background-image":"","background-repeat":"repeat","background-position":"center center","background-size":"auto","background-attachment":"scroll","background-type":"","background-media":"","overlay-type":"","overlay-color":"","overlay-opacity":"","overlay-gradient":""}},"footnotes":""},"class_list":["post-1406","page","type-page","status-publish","hentry"],"yoast_head":"<!-- This site is optimized with the Yoast SEO plugin v25.3 - https:\/\/yoast.com\/wordpress\/plugins\/seo\/ -->\n<title>Customers - SCS<\/title>\n<meta name=\"robots\" content=\"index, follow, max-snippet:-1, max-image-preview:large, max-video-preview:-1\" \/>\n<link rel=\"canonical\" href=\"http:\/\/www.infrasolution.ag\/scs\/customers\/\" \/>\n<meta property=\"og:locale\" content=\"en_US\" \/>\n<meta property=\"og:type\" content=\"article\" \/>\n<meta property=\"og:title\" content=\"Customers - SCS\" \/>\n<meta property=\"og:description\" content=\"CUSTOMERS TESTIMONIALS \u201eBei der Biotest AG wird das System RobotScanFlex (RSF) der InfraSolution AG zur automatischen DEHS Filterint egrit\u00e4tsmessung eingesetzt. Die Messmethode ist in der Biotest SOP dokumentiert und die RSF Protokolle entsprechen den aktuellen GMP und FDA Guidelines. Wir empfehlen RobotScanFlex daher uneingeschr\u00e4nkt weiter.\u201c Bernd Schrickel &#8211; Abteilungsleiter Technische Qualifizierung , Biotest AG, Dreieich [&hellip;]\" \/>\n<meta property=\"og:url\" content=\"http:\/\/www.infrasolution.ag\/scs\/customers\/\" \/>\n<meta property=\"og:site_name\" content=\"SCS\" \/>\n<meta property=\"article:modified_time\" content=\"2024-08-15T02:12:33+00:00\" \/>\n<meta property=\"og:image\" content=\"http:\/\/www.infrasolution.ag\/scs\/wp-content\/uploads\/2024\/07\/syntegon-logo.jpg\" \/>\n<meta name=\"twitter:card\" content=\"summary_large_image\" \/>\n<meta name=\"twitter:label1\" content=\"Est. reading time\" \/>\n\t<meta name=\"twitter:data1\" content=\"1 minute\" \/>\n<script type=\"application\/ld+json\" class=\"yoast-schema-graph\">{\"@context\":\"https:\/\/schema.org\",\"@graph\":[{\"@type\":\"WebPage\",\"@id\":\"http:\/\/www.infrasolution.ag\/scs\/customers\/\",\"url\":\"http:\/\/www.infrasolution.ag\/scs\/customers\/\",\"name\":\"Customers - SCS\",\"isPartOf\":{\"@id\":\"http:\/\/www.infrasolution.ag\/scs\/#website\"},\"primaryImageOfPage\":{\"@id\":\"http:\/\/www.infrasolution.ag\/scs\/customers\/#primaryimage\"},\"image\":{\"@id\":\"http:\/\/www.infrasolution.ag\/scs\/customers\/#primaryimage\"},\"thumbnailUrl\":\"http:\/\/www.infrasolution.ag\/scs\/wp-content\/uploads\/2024\/07\/syntegon-logo.jpg\",\"datePublished\":\"2024-07-01T21:14:55+00:00\",\"dateModified\":\"2024-08-15T02:12:33+00:00\",\"breadcrumb\":{\"@id\":\"http:\/\/www.infrasolution.ag\/scs\/customers\/#breadcrumb\"},\"inLanguage\":\"en-US\",\"potentialAction\":[{\"@type\":\"ReadAction\",\"target\":[\"http:\/\/www.infrasolution.ag\/scs\/customers\/\"]}]},{\"@type\":\"ImageObject\",\"inLanguage\":\"en-US\",\"@id\":\"http:\/\/www.infrasolution.ag\/scs\/customers\/#primaryimage\",\"url\":\"http:\/\/www.infrasolution.ag\/scs\/wp-content\/uploads\/2024\/07\/syntegon-logo.jpg\",\"contentUrl\":\"http:\/\/www.infrasolution.ag\/scs\/wp-content\/uploads\/2024\/07\/syntegon-logo.jpg\",\"width\":249,\"height\":105},{\"@type\":\"BreadcrumbList\",\"@id\":\"http:\/\/www.infrasolution.ag\/scs\/customers\/#breadcrumb\",\"itemListElement\":[{\"@type\":\"ListItem\",\"position\":1,\"name\":\"Home\",\"item\":\"http:\/\/www.infrasolution.ag\/scs\/\"},{\"@type\":\"ListItem\",\"position\":2,\"name\":\"Customers\"}]},{\"@type\":\"WebSite\",\"@id\":\"http:\/\/www.infrasolution.ag\/scs\/#website\",\"url\":\"http:\/\/www.infrasolution.ag\/scs\/\",\"name\":\"SCS\",\"description\":\"Smart Cleanroom Solutions GmbH\",\"publisher\":{\"@id\":\"http:\/\/www.infrasolution.ag\/scs\/#organization\"},\"potentialAction\":[{\"@type\":\"SearchAction\",\"target\":{\"@type\":\"EntryPoint\",\"urlTemplate\":\"http:\/\/www.infrasolution.ag\/scs\/?s={search_term_string}\"},\"query-input\":{\"@type\":\"PropertyValueSpecification\",\"valueRequired\":true,\"valueName\":\"search_term_string\"}}],\"inLanguage\":\"en-US\"},{\"@type\":\"Organization\",\"@id\":\"http:\/\/www.infrasolution.ag\/scs\/#organization\",\"name\":\"Smart Cleanroom Solutions GmbH\",\"url\":\"http:\/\/www.infrasolution.ag\/scs\/\",\"logo\":{\"@type\":\"ImageObject\",\"inLanguage\":\"en-US\",\"@id\":\"http:\/\/www.infrasolution.ag\/scs\/#\/schema\/logo\/image\/\",\"url\":\"http:\/\/www.infrasolution.ag\/scs\/wp-content\/uploads\/2024\/07\/SCS-Logo.png\",\"contentUrl\":\"http:\/\/www.infrasolution.ag\/scs\/wp-content\/uploads\/2024\/07\/SCS-Logo.png\",\"width\":600,\"height\":266,\"caption\":\"Smart Cleanroom Solutions GmbH\"},\"image\":{\"@id\":\"http:\/\/www.infrasolution.ag\/scs\/#\/schema\/logo\/image\/\"}}]}<\/script>\n<!-- \/ Yoast SEO plugin. -->","yoast_head_json":{"title":"Customers - SCS","robots":{"index":"index","follow":"follow","max-snippet":"max-snippet:-1","max-image-preview":"max-image-preview:large","max-video-preview":"max-video-preview:-1"},"canonical":"http:\/\/www.infrasolution.ag\/scs\/customers\/","og_locale":"en_US","og_type":"article","og_title":"Customers - SCS","og_description":"CUSTOMERS TESTIMONIALS \u201eBei der Biotest AG wird das System RobotScanFlex (RSF) der InfraSolution AG zur automatischen DEHS Filterint egrit\u00e4tsmessung eingesetzt. Die Messmethode ist in der Biotest SOP dokumentiert und die RSF Protokolle entsprechen den aktuellen GMP und FDA Guidelines. Wir empfehlen RobotScanFlex daher uneingeschr\u00e4nkt weiter.\u201c Bernd Schrickel &#8211; Abteilungsleiter Technische Qualifizierung , Biotest AG, Dreieich [&hellip;]","og_url":"http:\/\/www.infrasolution.ag\/scs\/customers\/","og_site_name":"SCS","article_modified_time":"2024-08-15T02:12:33+00:00","og_image":[{"url":"http:\/\/www.infrasolution.ag\/scs\/wp-content\/uploads\/2024\/07\/syntegon-logo.jpg","type":"","width":"","height":""}],"twitter_card":"summary_large_image","twitter_misc":{"Est. reading time":"1 minute"},"schema":{"@context":"https:\/\/schema.org","@graph":[{"@type":"WebPage","@id":"http:\/\/www.infrasolution.ag\/scs\/customers\/","url":"http:\/\/www.infrasolution.ag\/scs\/customers\/","name":"Customers - SCS","isPartOf":{"@id":"http:\/\/www.infrasolution.ag\/scs\/#website"},"primaryImageOfPage":{"@id":"http:\/\/www.infrasolution.ag\/scs\/customers\/#primaryimage"},"image":{"@id":"http:\/\/www.infrasolution.ag\/scs\/customers\/#primaryimage"},"thumbnailUrl":"http:\/\/www.infrasolution.ag\/scs\/wp-content\/uploads\/2024\/07\/syntegon-logo.jpg","datePublished":"2024-07-01T21:14:55+00:00","dateModified":"2024-08-15T02:12:33+00:00","breadcrumb":{"@id":"http:\/\/www.infrasolution.ag\/scs\/customers\/#breadcrumb"},"inLanguage":"en-US","potentialAction":[{"@type":"ReadAction","target":["http:\/\/www.infrasolution.ag\/scs\/customers\/"]}]},{"@type":"ImageObject","inLanguage":"en-US","@id":"http:\/\/www.infrasolution.ag\/scs\/customers\/#primaryimage","url":"http:\/\/www.infrasolution.ag\/scs\/wp-content\/uploads\/2024\/07\/syntegon-logo.jpg","contentUrl":"http:\/\/www.infrasolution.ag\/scs\/wp-content\/uploads\/2024\/07\/syntegon-logo.jpg","width":249,"height":105},{"@type":"BreadcrumbList","@id":"http:\/\/www.infrasolution.ag\/scs\/customers\/#breadcrumb","itemListElement":[{"@type":"ListItem","position":1,"name":"Home","item":"http:\/\/www.infrasolution.ag\/scs\/"},{"@type":"ListItem","position":2,"name":"Customers"}]},{"@type":"WebSite","@id":"http:\/\/www.infrasolution.ag\/scs\/#website","url":"http:\/\/www.infrasolution.ag\/scs\/","name":"SCS","description":"Smart Cleanroom Solutions GmbH","publisher":{"@id":"http:\/\/www.infrasolution.ag\/scs\/#organization"},"potentialAction":[{"@type":"SearchAction","target":{"@type":"EntryPoint","urlTemplate":"http:\/\/www.infrasolution.ag\/scs\/?s={search_term_string}"},"query-input":{"@type":"PropertyValueSpecification","valueRequired":true,"valueName":"search_term_string"}}],"inLanguage":"en-US"},{"@type":"Organization","@id":"http:\/\/www.infrasolution.ag\/scs\/#organization","name":"Smart Cleanroom Solutions GmbH","url":"http:\/\/www.infrasolution.ag\/scs\/","logo":{"@type":"ImageObject","inLanguage":"en-US","@id":"http:\/\/www.infrasolution.ag\/scs\/#\/schema\/logo\/image\/","url":"http:\/\/www.infrasolution.ag\/scs\/wp-content\/uploads\/2024\/07\/SCS-Logo.png","contentUrl":"http:\/\/www.infrasolution.ag\/scs\/wp-content\/uploads\/2024\/07\/SCS-Logo.png","width":600,"height":266,"caption":"Smart Cleanroom Solutions GmbH"},"image":{"@id":"http:\/\/www.infrasolution.ag\/scs\/#\/schema\/logo\/image\/"}}]}},"_links":{"self":[{"href":"http:\/\/www.infrasolution.ag\/scs\/wp-json\/wp\/v2\/pages\/1406","targetHints":{"allow":["GET"]}}],"collection":[{"href":"http:\/\/www.infrasolution.ag\/scs\/wp-json\/wp\/v2\/pages"}],"about":[{"href":"http:\/\/www.infrasolution.ag\/scs\/wp-json\/wp\/v2\/types\/page"}],"author":[{"embeddable":true,"href":"http:\/\/www.infrasolution.ag\/scs\/wp-json\/wp\/v2\/users\/1"}],"replies":[{"embeddable":true,"href":"http:\/\/www.infrasolution.ag\/scs\/wp-json\/wp\/v2\/comments?post=1406"}],"version-history":[{"count":0,"href":"http:\/\/www.infrasolution.ag\/scs\/wp-json\/wp\/v2\/pages\/1406\/revisions"}],"wp:attachment":[{"href":"http:\/\/www.infrasolution.ag\/scs\/wp-json\/wp\/v2\/media?parent=1406"}],"curies":[{"name":"wp","href":"https:\/\/api.w.org\/{rel}","templated":true}]}}