{"id":2131,"date":"2024-08-04T18:39:14","date_gmt":"2024-08-04T16:39:14","guid":{"rendered":"http:\/\/www.infrasolution.ag\/en\/?page_id=2131"},"modified":"2025-09-15T15:21:53","modified_gmt":"2025-09-15T13:21:53","slug":"aufsichtsrat","status":"publish","type":"page","link":"https:\/\/www.infrasolution.ag\/en\/de\/aufsichtsrat\/","title":{"rendered":"Aufsichtsrat"},"content":{"rendered":"\n<p class=\"has-text-color has-link-color wp-elements-eeaa6cbd8c645a0b60259aaefdbcc029\" style=\"color:#7fc31c;font-size:30px\">Aufsichtsrat<\/p>\n\n\n\n<div style=\"height:50px\" aria-hidden=\"true\" class=\"wp-block-spacer\"><\/div>\n\n\n\n<div class=\"wp-block-columns is-layout-flex wp-container-core-columns-is-layout-28f84493 wp-block-columns-is-layout-flex\">\n<div class=\"wp-block-column is-layout-flow wp-block-column-is-layout-flow\">\n<figure class=\"wp-block-image size-full\"><img loading=\"lazy\" decoding=\"async\" width=\"205\" height=\"261\" src=\"http:\/\/www.infrasolution.ag\/en\/wp-content\/uploads\/2024\/08\/T-Gellrich-InfraSolution-2758-205.jpg\" alt=\"\" class=\"wp-image-2120\"\/><\/figure>\n\n\n\n<p><strong>Dr. Tom Gellrich<\/strong><br>Vorsitzender<\/p>\n\n\n\n<p>Herr Dr. Gellrich ist promovierter Betriebswirt. Nach Stationen bei KPMG Consulting war er von 2006 bis 2012 als Direktor und Mitglied der zweiten F\u00fchrungsebene bei der Commerzbank AG besch\u00e4ftigt. In der Zeit von 2012 bis 2018 arbeitete er f\u00fcr die Strategieberatung goetzpartners im Bereich Financial Institutions und Restructuring. Von 2018 bis 2024 war er Senior Partner bei Roland Berger und dort zust\u00e4ndig f\u00fcr den Bereich Restructuring. Seit 2024 ist Herr Dr. Gellrich als Managing Director bei AlixPartners t\u00e4tig und ber\u00e4t Klienten in den Bereichen Restrukturierung, Transformation und Performance Improvement.<\/p>\n<\/div>\n\n\n\n<div class=\"wp-block-column is-layout-flow wp-block-column-is-layout-flow\">\n<figure class=\"wp-block-image size-full\"><img loading=\"lazy\" decoding=\"async\" width=\"205\" height=\"261\" src=\"http:\/\/www.infrasolution.ag\/en\/wp-content\/uploads\/2024\/08\/is-Joachim-Reiff.jpg\" alt=\"\" class=\"wp-image-2121\"\/><\/figure>\n\n\n\n<p><strong>Dr. Joachim Reiff<\/strong><br>stellv. Vorsitzender<\/p>\n\n\n\n<p>Herr Dr. Reiff ist promovierter Jurist. Er ist Rechtsanwalt, Fachanwalt f\u00fcr Arbeitsrecht und Partner der auf Wirtschaftsrecht spezialisierten Rechtsanwaltskanzlei westendLaw in Frankfurt am Main.<\/p>\n<\/div>\n\n\n\n<div class=\"wp-block-column is-layout-flow wp-block-column-is-layout-flow\">\n<figure class=\"wp-block-image size-full\"><img loading=\"lazy\" decoding=\"async\" width=\"205\" height=\"261\" src=\"http:\/\/www.infrasolution.ag\/en\/wp-content\/uploads\/2024\/08\/L-Heinert-InfraSolution-2946-205.jpg\" alt=\"\" class=\"wp-image-2122\"\/><\/figure>\n\n\n\n<p><strong>Prof. Dr. rer. nat. Lars Heinert<\/strong><\/p>\n\n\n\n<div style=\"height:5px\" aria-hidden=\"true\" class=\"wp-block-spacer\"><\/div>\n\n\n\n<p>Herr Professor Heinert ist promovierter Physiker. Von 2000 bis 2006 war er Gesch\u00e4ftsf\u00fchrer einer Firma f\u00fcr Geb\u00e4udeautomation. 2006 wechselte Herr Heinert in den Hochschuldienst. An der Fachhochschule M\u00fcnster \u00fcbernahm er eine Professur f\u00fcr Mess-, Steuer- und Regeltechnik. Seit 2010 ist Herr Prof. Dr. Heinert Dekan an der THM in Friedberg. <\/p>\n<\/div>\n<\/div>\n","protected":false},"excerpt":{"rendered":"<p>Aufsichtsrat Dr. Tom GellrichVorsitzender Herr Dr. Gellrich ist promovierter Betriebswirt. Nach Stationen bei KPMG Consulting war er von 2006 bis 2012 als Direktor und Mitglied der zweiten F\u00fchrungsebene bei der Commerzbank AG besch\u00e4ftigt. In der Zeit von 2012 bis 2018 arbeitete er f\u00fcr die Strategieberatung goetzpartners im Bereich Financial Institutions und Restructuring. Von 2018 bis [&hellip;]<\/p>\n","protected":false},"author":1,"featured_media":0,"parent":0,"menu_order":0,"comment_status":"closed","ping_status":"closed","template":"","meta":{"site-sidebar-layout":"default","site-content-layout":"","ast-site-content-layout":"default","site-content-style":"default","site-sidebar-style":"default","ast-global-header-display":"","ast-banner-title-visibility":"","ast-main-header-display":"","ast-hfb-above-header-display":"","ast-hfb-below-header-display":"","ast-hfb-mobile-header-display":"","site-post-title":"disabled","ast-breadcrumbs-content":"","ast-featured-img":"","footer-sml-layout":"","theme-transparent-header-meta":"","adv-header-id-meta":"","stick-header-meta":"","header-above-stick-meta":"","header-main-stick-meta":"","header-below-stick-meta":"","astra-migrate-meta-layouts":"set","ast-page-background-enabled":"default","ast-page-background-meta":{"desktop":{"background-color":"var(--ast-global-color-4)","background-image":"","background-repeat":"repeat","background-position":"center center","background-size":"auto","background-attachment":"scroll","background-type":"","background-media":"","overlay-type":"","overlay-color":"","overlay-opacity":"","overlay-gradient":""},"tablet":{"background-color":"","background-image":"","background-repeat":"repeat","background-position":"center center","background-size":"auto","background-attachment":"scroll","background-type":"","background-media":"","overlay-type":"","overlay-color":"","overlay-opacity":"","overlay-gradient":""},"mobile":{"background-color":"","background-image":"","background-repeat":"repeat","background-position":"center center","background-size":"auto","background-attachment":"scroll","background-type":"","background-media":"","overlay-type":"","overlay-color":"","overlay-opacity":"","overlay-gradient":""}},"ast-content-background-meta":{"desktop":{"background-color":"var(--ast-global-color-5)","background-image":"","background-repeat":"repeat","background-position":"center center","background-size":"auto","background-attachment":"scroll","background-type":"","background-media":"","overlay-type":"","overlay-color":"","overlay-opacity":"","overlay-gradient":""},"tablet":{"background-color":"var(--ast-global-color-5)","background-image":"","background-repeat":"repeat","background-position":"center center","background-size":"auto","background-attachment":"scroll","background-type":"","background-media":"","overlay-type":"","overlay-color":"","overlay-opacity":"","overlay-gradient":""},"mobile":{"background-color":"var(--ast-global-color-5)","background-image":"","background-repeat":"repeat","background-position":"center center","background-size":"auto","background-attachment":"scroll","background-type":"","background-media":"","overlay-type":"","overlay-color":"","overlay-opacity":"","overlay-gradient":""}},"footnotes":""},"class_list":["post-2131","page","type-page","status-publish","hentry"],"yoast_head":"<!-- This site is optimized with the Yoast SEO plugin v25.3.1 - https:\/\/yoast.com\/wordpress\/plugins\/seo\/ -->\n<title>Aufsichtsrat - InfraSolution AG<\/title>\n<meta name=\"robots\" content=\"index, follow, max-snippet:-1, max-image-preview:large, max-video-preview:-1\" \/>\n<link rel=\"canonical\" href=\"https:\/\/www.infrasolution.ag\/en\/de\/aufsichtsrat\/\" \/>\n<meta property=\"og:locale\" content=\"en_US\" \/>\n<meta property=\"og:type\" content=\"article\" \/>\n<meta property=\"og:title\" content=\"Aufsichtsrat - InfraSolution AG\" \/>\n<meta property=\"og:description\" content=\"Aufsichtsrat Dr. Tom GellrichVorsitzender Herr Dr. Gellrich ist promovierter Betriebswirt. Nach Stationen bei KPMG Consulting war er von 2006 bis 2012 als Direktor und Mitglied der zweiten F\u00fchrungsebene bei der Commerzbank AG besch\u00e4ftigt. In der Zeit von 2012 bis 2018 arbeitete er f\u00fcr die Strategieberatung goetzpartners im Bereich Financial Institutions und Restructuring. Von 2018 bis [&hellip;]\" \/>\n<meta property=\"og:url\" content=\"https:\/\/www.infrasolution.ag\/en\/de\/aufsichtsrat\/\" \/>\n<meta property=\"og:site_name\" content=\"InfraSolution AG\" \/>\n<meta property=\"article:publisher\" content=\"https:\/\/www.facebook.com\/InfraSolutionAG\/\" \/>\n<meta property=\"article:modified_time\" content=\"2025-09-15T13:21:53+00:00\" \/>\n<meta property=\"og:image\" content=\"http:\/\/www.infrasolution.ag\/en\/wp-content\/uploads\/2024\/08\/T-Gellrich-InfraSolution-2758-205.jpg\" \/>\n<meta name=\"twitter:card\" content=\"summary_large_image\" \/>\n<meta name=\"twitter:label1\" content=\"Est. reading time\" \/>\n\t<meta name=\"twitter:data1\" content=\"2 minutes\" \/>\n<script type=\"application\/ld+json\" class=\"yoast-schema-graph\">{\"@context\":\"https:\/\/schema.org\",\"@graph\":[{\"@type\":\"WebPage\",\"@id\":\"https:\/\/www.infrasolution.ag\/en\/de\/aufsichtsrat\/\",\"url\":\"https:\/\/www.infrasolution.ag\/en\/de\/aufsichtsrat\/\",\"name\":\"Aufsichtsrat - InfraSolution AG\",\"isPartOf\":{\"@id\":\"https:\/\/www.infrasolution.ag\/en\/#website\"},\"primaryImageOfPage\":{\"@id\":\"https:\/\/www.infrasolution.ag\/en\/de\/aufsichtsrat\/#primaryimage\"},\"image\":{\"@id\":\"https:\/\/www.infrasolution.ag\/en\/de\/aufsichtsrat\/#primaryimage\"},\"thumbnailUrl\":\"http:\/\/www.infrasolution.ag\/en\/wp-content\/uploads\/2024\/08\/T-Gellrich-InfraSolution-2758-205.jpg\",\"datePublished\":\"2024-08-04T16:39:14+00:00\",\"dateModified\":\"2025-09-15T13:21:53+00:00\",\"breadcrumb\":{\"@id\":\"https:\/\/www.infrasolution.ag\/en\/de\/aufsichtsrat\/#breadcrumb\"},\"inLanguage\":\"en-US\",\"potentialAction\":[{\"@type\":\"ReadAction\",\"target\":[\"https:\/\/www.infrasolution.ag\/en\/de\/aufsichtsrat\/\"]}]},{\"@type\":\"ImageObject\",\"inLanguage\":\"en-US\",\"@id\":\"https:\/\/www.infrasolution.ag\/en\/de\/aufsichtsrat\/#primaryimage\",\"url\":\"https:\/\/www.infrasolution.ag\/en\/wp-content\/uploads\/2024\/08\/T-Gellrich-InfraSolution-2758-205.jpg\",\"contentUrl\":\"https:\/\/www.infrasolution.ag\/en\/wp-content\/uploads\/2024\/08\/T-Gellrich-InfraSolution-2758-205.jpg\",\"width\":205,\"height\":261},{\"@type\":\"BreadcrumbList\",\"@id\":\"https:\/\/www.infrasolution.ag\/en\/de\/aufsichtsrat\/#breadcrumb\",\"itemListElement\":[{\"@type\":\"ListItem\",\"position\":1,\"name\":\"Home\",\"item\":\"https:\/\/www.infrasolution.ag\/en\/en\/home\/\"},{\"@type\":\"ListItem\",\"position\":2,\"name\":\"Aufsichtsrat\"}]},{\"@type\":\"WebSite\",\"@id\":\"https:\/\/www.infrasolution.ag\/en\/#website\",\"url\":\"https:\/\/www.infrasolution.ag\/en\/\",\"name\":\"InfraSolution AG\",\"description\":\"Unternehmensgruppe\",\"publisher\":{\"@id\":\"https:\/\/www.infrasolution.ag\/en\/#organization\"},\"potentialAction\":[{\"@type\":\"SearchAction\",\"target\":{\"@type\":\"EntryPoint\",\"urlTemplate\":\"https:\/\/www.infrasolution.ag\/en\/?s={search_term_string}\"},\"query-input\":{\"@type\":\"PropertyValueSpecification\",\"valueRequired\":true,\"valueName\":\"search_term_string\"}}],\"inLanguage\":\"en-US\"},{\"@type\":\"Organization\",\"@id\":\"https:\/\/www.infrasolution.ag\/en\/#organization\",\"name\":\"InfraSolution AG\",\"url\":\"https:\/\/www.infrasolution.ag\/en\/\",\"logo\":{\"@type\":\"ImageObject\",\"inLanguage\":\"en-US\",\"@id\":\"https:\/\/www.infrasolution.ag\/en\/#\/schema\/logo\/image\/\",\"url\":\"http:\/\/www.infrasolution.ag\/en\/wp-content\/uploads\/2024\/08\/infrasolution-ag-logo.png\",\"contentUrl\":\"http:\/\/www.infrasolution.ag\/en\/wp-content\/uploads\/2024\/08\/infrasolution-ag-logo.png\",\"width\":300,\"height\":124,\"caption\":\"InfraSolution AG\"},\"image\":{\"@id\":\"https:\/\/www.infrasolution.ag\/en\/#\/schema\/logo\/image\/\"},\"sameAs\":[\"https:\/\/www.facebook.com\/InfraSolutionAG\/\",\"https:\/\/de.linkedin.com\/company\/infrasolution-ag\"]}]}<\/script>\n<!-- \/ Yoast SEO plugin. -->","yoast_head_json":{"title":"Aufsichtsrat - InfraSolution AG","robots":{"index":"index","follow":"follow","max-snippet":"max-snippet:-1","max-image-preview":"max-image-preview:large","max-video-preview":"max-video-preview:-1"},"canonical":"https:\/\/www.infrasolution.ag\/en\/de\/aufsichtsrat\/","og_locale":"en_US","og_type":"article","og_title":"Aufsichtsrat - InfraSolution AG","og_description":"Aufsichtsrat Dr. Tom GellrichVorsitzender Herr Dr. Gellrich ist promovierter Betriebswirt. Nach Stationen bei KPMG Consulting war er von 2006 bis 2012 als Direktor und Mitglied der zweiten F\u00fchrungsebene bei der Commerzbank AG besch\u00e4ftigt. In der Zeit von 2012 bis 2018 arbeitete er f\u00fcr die Strategieberatung goetzpartners im Bereich Financial Institutions und Restructuring. Von 2018 bis [&hellip;]","og_url":"https:\/\/www.infrasolution.ag\/en\/de\/aufsichtsrat\/","og_site_name":"InfraSolution AG","article_publisher":"https:\/\/www.facebook.com\/InfraSolutionAG\/","article_modified_time":"2025-09-15T13:21:53+00:00","og_image":[{"url":"http:\/\/www.infrasolution.ag\/en\/wp-content\/uploads\/2024\/08\/T-Gellrich-InfraSolution-2758-205.jpg","type":"","width":"","height":""}],"twitter_card":"summary_large_image","twitter_misc":{"Est. reading time":"2 minutes"},"schema":{"@context":"https:\/\/schema.org","@graph":[{"@type":"WebPage","@id":"https:\/\/www.infrasolution.ag\/en\/de\/aufsichtsrat\/","url":"https:\/\/www.infrasolution.ag\/en\/de\/aufsichtsrat\/","name":"Aufsichtsrat - InfraSolution AG","isPartOf":{"@id":"https:\/\/www.infrasolution.ag\/en\/#website"},"primaryImageOfPage":{"@id":"https:\/\/www.infrasolution.ag\/en\/de\/aufsichtsrat\/#primaryimage"},"image":{"@id":"https:\/\/www.infrasolution.ag\/en\/de\/aufsichtsrat\/#primaryimage"},"thumbnailUrl":"http:\/\/www.infrasolution.ag\/en\/wp-content\/uploads\/2024\/08\/T-Gellrich-InfraSolution-2758-205.jpg","datePublished":"2024-08-04T16:39:14+00:00","dateModified":"2025-09-15T13:21:53+00:00","breadcrumb":{"@id":"https:\/\/www.infrasolution.ag\/en\/de\/aufsichtsrat\/#breadcrumb"},"inLanguage":"en-US","potentialAction":[{"@type":"ReadAction","target":["https:\/\/www.infrasolution.ag\/en\/de\/aufsichtsrat\/"]}]},{"@type":"ImageObject","inLanguage":"en-US","@id":"https:\/\/www.infrasolution.ag\/en\/de\/aufsichtsrat\/#primaryimage","url":"https:\/\/www.infrasolution.ag\/en\/wp-content\/uploads\/2024\/08\/T-Gellrich-InfraSolution-2758-205.jpg","contentUrl":"https:\/\/www.infrasolution.ag\/en\/wp-content\/uploads\/2024\/08\/T-Gellrich-InfraSolution-2758-205.jpg","width":205,"height":261},{"@type":"BreadcrumbList","@id":"https:\/\/www.infrasolution.ag\/en\/de\/aufsichtsrat\/#breadcrumb","itemListElement":[{"@type":"ListItem","position":1,"name":"Home","item":"https:\/\/www.infrasolution.ag\/en\/en\/home\/"},{"@type":"ListItem","position":2,"name":"Aufsichtsrat"}]},{"@type":"WebSite","@id":"https:\/\/www.infrasolution.ag\/en\/#website","url":"https:\/\/www.infrasolution.ag\/en\/","name":"InfraSolution AG","description":"Unternehmensgruppe","publisher":{"@id":"https:\/\/www.infrasolution.ag\/en\/#organization"},"potentialAction":[{"@type":"SearchAction","target":{"@type":"EntryPoint","urlTemplate":"https:\/\/www.infrasolution.ag\/en\/?s={search_term_string}"},"query-input":{"@type":"PropertyValueSpecification","valueRequired":true,"valueName":"search_term_string"}}],"inLanguage":"en-US"},{"@type":"Organization","@id":"https:\/\/www.infrasolution.ag\/en\/#organization","name":"InfraSolution AG","url":"https:\/\/www.infrasolution.ag\/en\/","logo":{"@type":"ImageObject","inLanguage":"en-US","@id":"https:\/\/www.infrasolution.ag\/en\/#\/schema\/logo\/image\/","url":"http:\/\/www.infrasolution.ag\/en\/wp-content\/uploads\/2024\/08\/infrasolution-ag-logo.png","contentUrl":"http:\/\/www.infrasolution.ag\/en\/wp-content\/uploads\/2024\/08\/infrasolution-ag-logo.png","width":300,"height":124,"caption":"InfraSolution AG"},"image":{"@id":"https:\/\/www.infrasolution.ag\/en\/#\/schema\/logo\/image\/"},"sameAs":["https:\/\/www.facebook.com\/InfraSolutionAG\/","https:\/\/de.linkedin.com\/company\/infrasolution-ag"]}]}},"_links":{"self":[{"href":"https:\/\/www.infrasolution.ag\/en\/wp-json\/wp\/v2\/pages\/2131","targetHints":{"allow":["GET"]}}],"collection":[{"href":"https:\/\/www.infrasolution.ag\/en\/wp-json\/wp\/v2\/pages"}],"about":[{"href":"https:\/\/www.infrasolution.ag\/en\/wp-json\/wp\/v2\/types\/page"}],"author":[{"embeddable":true,"href":"https:\/\/www.infrasolution.ag\/en\/wp-json\/wp\/v2\/users\/1"}],"replies":[{"embeddable":true,"href":"https:\/\/www.infrasolution.ag\/en\/wp-json\/wp\/v2\/comments?post=2131"}],"version-history":[{"count":0,"href":"https:\/\/www.infrasolution.ag\/en\/wp-json\/wp\/v2\/pages\/2131\/revisions"}],"wp:attachment":[{"href":"https:\/\/www.infrasolution.ag\/en\/wp-json\/wp\/v2\/media?parent=2131"}],"curies":[{"name":"wp","href":"https:\/\/api.w.org\/{rel}","templated":true}]}}