{"id":2232,"date":"2024-08-04T23:52:48","date_gmt":"2024-08-04T21:52:48","guid":{"rendered":"http:\/\/www.infrasolution.ag\/en\/?page_id=2232"},"modified":"2025-05-20T00:42:25","modified_gmt":"2025-05-19T22:42:25","slug":"automatisierungslosungen","status":"publish","type":"page","link":"https:\/\/www.infrasolution.ag\/en\/de\/automatisierungslosungen\/","title":{"rendered":"Automatisierungsl\u00f6sungen"},"content":{"rendered":"\n<p class=\"has-text-color has-link-color wp-elements-23549f0e67d143971728832d66856bdc\" style=\"color:#7fc31c;font-size:30px\">Automatisierungsl\u00f6sungen<\/p>\n\n\n\n<p class=\"has-text-color has-link-color has-medium-font-size wp-elements-63c28b3ad267ac76ad42cca06907d8ce\" style=\"color:#7fc31c\"><strong>Zukunftsweisende Automatisierungs- und MSR-Technik<\/strong><\/p>\n\n\n\n<p>Die InfraSolution AG verf\u00fcgt \u00fcber spezielles Know-how und langj\u00e4hriger Erfahrung in der Automatisierung f\u00fcr die Verfahrens- und Geb\u00e4udetechnik. Als praxiserprobte Ingenieure setzen wir komplexe Aufgabenstellungen in der MSR-Technik (Mess-, Steuerungs- und Regelungstechnik) ma\u00dfgeschneidert auf Ihre Anforderungen um. Kundenspezifische Prozesse stehen im Mittelpunkt unserer L\u00f6sungen. Unser Ma\u00dfstab ist es, Ihr Unternehmen voranzubringen!<\/p>\n\n\n\n<p>Von der Raumautomatisierung bis zur umfassenden Steuerung und Regelung von kompletten Gewerbegeb\u00e4uden oder Industriekomplexen sind wir Ihr Partner. Wir achten stets auf eine optimale Energieeffizienz und betreiben ein umfassendes Monitoring der Anlagen. Immer mit dem Ziel, eine h\u00f6chst m\u00f6gliche Nachhaltigkeit Ihrer Investition zu sichern.<\/p>\n\n\n\n<p>Gem\u00e4\u00df unseren internen Qualit\u00e4tskriterien verarbeiten wir nur hochwertige Komponenten unterschiedlicher Hersteller. Als Schwerpunkt verwenden wir Produkte des Schweizer Steuerungs- und Regelungsspezialisten SBC. Als deren zertifizierter Kooperationspartner verf\u00fcgen wir \u00fcber die h\u00f6chste Stufe der Systempartnerschaft. Weiterhin setzen wir L\u00f6sungen von Siemens, SE-Elektronic, WAGO, Beckhoff sowie Delta-Controls ein.<\/p>\n\n\n\n<p>Um Anlagen effizient betreiben zu k\u00f6nnen, sind moderne Leit- und Bediensysteme unabdingbar. Gerne integrieren wir f\u00fcr Sie die passende L\u00f6sung und setzen auch hier Systeme unterschiedlicher Hersteller ein. Besonders bew\u00e4hrt hat sich das Produkt Visi+ des Herstellers SBC.<\/p>\n\n\n\n<p>Auf Wunsch unserer Kunden integrieren wir selbstverst\u00e4ndlich auch andere Systeme.<\/p>\n\n\n\n<p>Wir sind spezialisiert auf die Automatisierung folgender Anlagetypen:<\/p>\n\n\n\n<ul style=\"background-color:#f7f7f7\" class=\"wp-block-list has-background\">\n<li>Klima- und Reinraumanlagen<\/li>\n\n\n\n<li>K\u00e4lte- und Tiefk\u00e4lteanlagen<\/li>\n\n\n\n<li>Heiztechnik<\/li>\n\n\n\n<li>Solare K\u00fchlung<\/li>\n\n\n\n<li>Fernw\u00e4rme\/Kondensatr\u00fcckf\u00f6rderanlagen<\/li>\n\n\n\n<li>Industrieanlagen<\/li>\n<\/ul>\n\n\n\n<p>Dabei unterst\u00fctzen wir Sie im kompletten Lebenszyklus einer Anlage:<\/p>\n\n\n\n<ul style=\"background-color:#f7f7f7\" class=\"wp-block-list has-background\">\n<li>Aufnahme Kundenanforderung<\/li>\n\n\n\n<li>Konzeption \u2013 Planung \u2013 Pflichtenheft<\/li>\n\n\n\n<li>Umsetzung<\/li>\n\n\n\n<li>Betreuung der Investition<\/li>\n<\/ul>\n\n\n\n<p><\/p>\n","protected":false},"excerpt":{"rendered":"<p>Automatisierungsl\u00f6sungen Zukunftsweisende Automatisierungs- und MSR-Technik Die InfraSolution AG verf\u00fcgt \u00fcber spezielles Know-how und langj\u00e4hriger Erfahrung in der Automatisierung f\u00fcr die Verfahrens- und Geb\u00e4udetechnik. Als praxiserprobte Ingenieure setzen wir komplexe Aufgabenstellungen in der MSR-Technik (Mess-, Steuerungs- und Regelungstechnik) ma\u00dfgeschneidert auf Ihre Anforderungen um. Kundenspezifische Prozesse stehen im Mittelpunkt unserer L\u00f6sungen. Unser Ma\u00dfstab ist es, Ihr Unternehmen [&hellip;]<\/p>\n","protected":false},"author":1,"featured_media":0,"parent":0,"menu_order":0,"comment_status":"closed","ping_status":"closed","template":"","meta":{"site-sidebar-layout":"default","site-content-layout":"","ast-site-content-layout":"default","site-content-style":"default","site-sidebar-style":"default","ast-global-header-display":"","ast-banner-title-visibility":"","ast-main-header-display":"","ast-hfb-above-header-display":"","ast-hfb-below-header-display":"","ast-hfb-mobile-header-display":"","site-post-title":"disabled","ast-breadcrumbs-content":"","ast-featured-img":"","footer-sml-layout":"","theme-transparent-header-meta":"","adv-header-id-meta":"","stick-header-meta":"","header-above-stick-meta":"","header-main-stick-meta":"","header-below-stick-meta":"","astra-migrate-meta-layouts":"set","ast-page-background-enabled":"default","ast-page-background-meta":{"desktop":{"background-color":"var(--ast-global-color-4)","background-image":"","background-repeat":"repeat","background-position":"center center","background-size":"auto","background-attachment":"scroll","background-type":"","background-media":"","overlay-type":"","overlay-color":"","overlay-opacity":"","overlay-gradient":""},"tablet":{"background-color":"","background-image":"","background-repeat":"repeat","background-position":"center center","background-size":"auto","background-attachment":"scroll","background-type":"","background-media":"","overlay-type":"","overlay-color":"","overlay-opacity":"","overlay-gradient":""},"mobile":{"background-color":"","background-image":"","background-repeat":"repeat","background-position":"center center","background-size":"auto","background-attachment":"scroll","background-type":"","background-media":"","overlay-type":"","overlay-color":"","overlay-opacity":"","overlay-gradient":""}},"ast-content-background-meta":{"desktop":{"background-color":"var(--ast-global-color-5)","background-image":"","background-repeat":"repeat","background-position":"center center","background-size":"auto","background-attachment":"scroll","background-type":"","background-media":"","overlay-type":"","overlay-color":"","overlay-opacity":"","overlay-gradient":""},"tablet":{"background-color":"var(--ast-global-color-5)","background-image":"","background-repeat":"repeat","background-position":"center center","background-size":"auto","background-attachment":"scroll","background-type":"","background-media":"","overlay-type":"","overlay-color":"","overlay-opacity":"","overlay-gradient":""},"mobile":{"background-color":"var(--ast-global-color-5)","background-image":"","background-repeat":"repeat","background-position":"center center","background-size":"auto","background-attachment":"scroll","background-type":"","background-media":"","overlay-type":"","overlay-color":"","overlay-opacity":"","overlay-gradient":""}},"footnotes":""},"class_list":["post-2232","page","type-page","status-publish","hentry"],"yoast_head":"<!-- This site is optimized with the Yoast SEO plugin v25.3.1 - https:\/\/yoast.com\/wordpress\/plugins\/seo\/ -->\n<title>Automatisierungsl\u00f6sungen - InfraSolution AG<\/title>\n<meta name=\"description\" content=\"Zukunftsweisende Automatisierungs- und MSR-Technik. Die InfraSolution AG verf\u00fcgt \u00fcber spezielles Know-how und langj\u00e4hriger Erfahrung in der Automatisierung f\u00fcr die Verfahrens- und Geb\u00e4udetechnik.\" \/>\n<meta name=\"robots\" content=\"index, follow, max-snippet:-1, max-image-preview:large, max-video-preview:-1\" \/>\n<link rel=\"canonical\" href=\"https:\/\/www.infrasolution.ag\/en\/de\/automatisierungslosungen\/\" \/>\n<meta property=\"og:locale\" content=\"en_US\" \/>\n<meta property=\"og:type\" content=\"article\" \/>\n<meta property=\"og:title\" content=\"Automatisierungsl\u00f6sungen - InfraSolution AG\" \/>\n<meta property=\"og:description\" content=\"Zukunftsweisende Automatisierungs- und MSR-Technik. Die InfraSolution AG verf\u00fcgt \u00fcber spezielles Know-how und langj\u00e4hriger Erfahrung in der Automatisierung f\u00fcr die Verfahrens- und Geb\u00e4udetechnik.\" \/>\n<meta property=\"og:url\" content=\"https:\/\/www.infrasolution.ag\/en\/de\/automatisierungslosungen\/\" \/>\n<meta property=\"og:site_name\" content=\"InfraSolution AG\" \/>\n<meta property=\"article:publisher\" content=\"https:\/\/www.facebook.com\/InfraSolutionAG\/\" \/>\n<meta property=\"article:modified_time\" content=\"2025-05-19T22:42:25+00:00\" \/>\n<meta name=\"twitter:card\" content=\"summary_large_image\" \/>\n<meta name=\"twitter:label1\" content=\"Est. reading time\" \/>\n\t<meta name=\"twitter:data1\" content=\"2 minutes\" \/>\n<script type=\"application\/ld+json\" class=\"yoast-schema-graph\">{\"@context\":\"https:\/\/schema.org\",\"@graph\":[{\"@type\":\"WebPage\",\"@id\":\"https:\/\/www.infrasolution.ag\/en\/de\/automatisierungslosungen\/\",\"url\":\"https:\/\/www.infrasolution.ag\/en\/de\/automatisierungslosungen\/\",\"name\":\"Automatisierungsl\u00f6sungen - InfraSolution AG\",\"isPartOf\":{\"@id\":\"https:\/\/www.infrasolution.ag\/en\/#website\"},\"datePublished\":\"2024-08-04T21:52:48+00:00\",\"dateModified\":\"2025-05-19T22:42:25+00:00\",\"description\":\"Zukunftsweisende Automatisierungs- und MSR-Technik. Die InfraSolution AG verf\u00fcgt \u00fcber spezielles Know-how und langj\u00e4hriger Erfahrung in der Automatisierung f\u00fcr die Verfahrens- und Geb\u00e4udetechnik.\",\"breadcrumb\":{\"@id\":\"https:\/\/www.infrasolution.ag\/en\/de\/automatisierungslosungen\/#breadcrumb\"},\"inLanguage\":\"en-US\",\"potentialAction\":[{\"@type\":\"ReadAction\",\"target\":[\"https:\/\/www.infrasolution.ag\/en\/de\/automatisierungslosungen\/\"]}]},{\"@type\":\"BreadcrumbList\",\"@id\":\"https:\/\/www.infrasolution.ag\/en\/de\/automatisierungslosungen\/#breadcrumb\",\"itemListElement\":[{\"@type\":\"ListItem\",\"position\":1,\"name\":\"Home\",\"item\":\"https:\/\/www.infrasolution.ag\/en\/en\/home\/\"},{\"@type\":\"ListItem\",\"position\":2,\"name\":\"Automatisierungsl\u00f6sungen\"}]},{\"@type\":\"WebSite\",\"@id\":\"https:\/\/www.infrasolution.ag\/en\/#website\",\"url\":\"https:\/\/www.infrasolution.ag\/en\/\",\"name\":\"InfraSolution AG\",\"description\":\"Unternehmensgruppe\",\"publisher\":{\"@id\":\"https:\/\/www.infrasolution.ag\/en\/#organization\"},\"potentialAction\":[{\"@type\":\"SearchAction\",\"target\":{\"@type\":\"EntryPoint\",\"urlTemplate\":\"https:\/\/www.infrasolution.ag\/en\/?s={search_term_string}\"},\"query-input\":{\"@type\":\"PropertyValueSpecification\",\"valueRequired\":true,\"valueName\":\"search_term_string\"}}],\"inLanguage\":\"en-US\"},{\"@type\":\"Organization\",\"@id\":\"https:\/\/www.infrasolution.ag\/en\/#organization\",\"name\":\"InfraSolution AG\",\"url\":\"https:\/\/www.infrasolution.ag\/en\/\",\"logo\":{\"@type\":\"ImageObject\",\"inLanguage\":\"en-US\",\"@id\":\"https:\/\/www.infrasolution.ag\/en\/#\/schema\/logo\/image\/\",\"url\":\"http:\/\/www.infrasolution.ag\/en\/wp-content\/uploads\/2024\/08\/infrasolution-ag-logo.png\",\"contentUrl\":\"http:\/\/www.infrasolution.ag\/en\/wp-content\/uploads\/2024\/08\/infrasolution-ag-logo.png\",\"width\":300,\"height\":124,\"caption\":\"InfraSolution AG\"},\"image\":{\"@id\":\"https:\/\/www.infrasolution.ag\/en\/#\/schema\/logo\/image\/\"},\"sameAs\":[\"https:\/\/www.facebook.com\/InfraSolutionAG\/\",\"https:\/\/de.linkedin.com\/company\/infrasolution-ag\"]}]}<\/script>\n<!-- \/ Yoast SEO plugin. -->","yoast_head_json":{"title":"Automatisierungsl\u00f6sungen - InfraSolution AG","description":"Zukunftsweisende Automatisierungs- und MSR-Technik. Die InfraSolution AG verf\u00fcgt \u00fcber spezielles Know-how und langj\u00e4hriger Erfahrung in der Automatisierung f\u00fcr die Verfahrens- und Geb\u00e4udetechnik.","robots":{"index":"index","follow":"follow","max-snippet":"max-snippet:-1","max-image-preview":"max-image-preview:large","max-video-preview":"max-video-preview:-1"},"canonical":"https:\/\/www.infrasolution.ag\/en\/de\/automatisierungslosungen\/","og_locale":"en_US","og_type":"article","og_title":"Automatisierungsl\u00f6sungen - InfraSolution AG","og_description":"Zukunftsweisende Automatisierungs- und MSR-Technik. Die InfraSolution AG verf\u00fcgt \u00fcber spezielles Know-how und langj\u00e4hriger Erfahrung in der Automatisierung f\u00fcr die Verfahrens- und Geb\u00e4udetechnik.","og_url":"https:\/\/www.infrasolution.ag\/en\/de\/automatisierungslosungen\/","og_site_name":"InfraSolution AG","article_publisher":"https:\/\/www.facebook.com\/InfraSolutionAG\/","article_modified_time":"2025-05-19T22:42:25+00:00","twitter_card":"summary_large_image","twitter_misc":{"Est. reading time":"2 minutes"},"schema":{"@context":"https:\/\/schema.org","@graph":[{"@type":"WebPage","@id":"https:\/\/www.infrasolution.ag\/en\/de\/automatisierungslosungen\/","url":"https:\/\/www.infrasolution.ag\/en\/de\/automatisierungslosungen\/","name":"Automatisierungsl\u00f6sungen - InfraSolution AG","isPartOf":{"@id":"https:\/\/www.infrasolution.ag\/en\/#website"},"datePublished":"2024-08-04T21:52:48+00:00","dateModified":"2025-05-19T22:42:25+00:00","description":"Zukunftsweisende Automatisierungs- und MSR-Technik. Die InfraSolution AG verf\u00fcgt \u00fcber spezielles Know-how und langj\u00e4hriger Erfahrung in der Automatisierung f\u00fcr die Verfahrens- und Geb\u00e4udetechnik.","breadcrumb":{"@id":"https:\/\/www.infrasolution.ag\/en\/de\/automatisierungslosungen\/#breadcrumb"},"inLanguage":"en-US","potentialAction":[{"@type":"ReadAction","target":["https:\/\/www.infrasolution.ag\/en\/de\/automatisierungslosungen\/"]}]},{"@type":"BreadcrumbList","@id":"https:\/\/www.infrasolution.ag\/en\/de\/automatisierungslosungen\/#breadcrumb","itemListElement":[{"@type":"ListItem","position":1,"name":"Home","item":"https:\/\/www.infrasolution.ag\/en\/en\/home\/"},{"@type":"ListItem","position":2,"name":"Automatisierungsl\u00f6sungen"}]},{"@type":"WebSite","@id":"https:\/\/www.infrasolution.ag\/en\/#website","url":"https:\/\/www.infrasolution.ag\/en\/","name":"InfraSolution AG","description":"Unternehmensgruppe","publisher":{"@id":"https:\/\/www.infrasolution.ag\/en\/#organization"},"potentialAction":[{"@type":"SearchAction","target":{"@type":"EntryPoint","urlTemplate":"https:\/\/www.infrasolution.ag\/en\/?s={search_term_string}"},"query-input":{"@type":"PropertyValueSpecification","valueRequired":true,"valueName":"search_term_string"}}],"inLanguage":"en-US"},{"@type":"Organization","@id":"https:\/\/www.infrasolution.ag\/en\/#organization","name":"InfraSolution AG","url":"https:\/\/www.infrasolution.ag\/en\/","logo":{"@type":"ImageObject","inLanguage":"en-US","@id":"https:\/\/www.infrasolution.ag\/en\/#\/schema\/logo\/image\/","url":"http:\/\/www.infrasolution.ag\/en\/wp-content\/uploads\/2024\/08\/infrasolution-ag-logo.png","contentUrl":"http:\/\/www.infrasolution.ag\/en\/wp-content\/uploads\/2024\/08\/infrasolution-ag-logo.png","width":300,"height":124,"caption":"InfraSolution AG"},"image":{"@id":"https:\/\/www.infrasolution.ag\/en\/#\/schema\/logo\/image\/"},"sameAs":["https:\/\/www.facebook.com\/InfraSolutionAG\/","https:\/\/de.linkedin.com\/company\/infrasolution-ag"]}]}},"_links":{"self":[{"href":"https:\/\/www.infrasolution.ag\/en\/wp-json\/wp\/v2\/pages\/2232","targetHints":{"allow":["GET"]}}],"collection":[{"href":"https:\/\/www.infrasolution.ag\/en\/wp-json\/wp\/v2\/pages"}],"about":[{"href":"https:\/\/www.infrasolution.ag\/en\/wp-json\/wp\/v2\/types\/page"}],"author":[{"embeddable":true,"href":"https:\/\/www.infrasolution.ag\/en\/wp-json\/wp\/v2\/users\/1"}],"replies":[{"embeddable":true,"href":"https:\/\/www.infrasolution.ag\/en\/wp-json\/wp\/v2\/comments?post=2232"}],"version-history":[{"count":0,"href":"https:\/\/www.infrasolution.ag\/en\/wp-json\/wp\/v2\/pages\/2232\/revisions"}],"wp:attachment":[{"href":"https:\/\/www.infrasolution.ag\/en\/wp-json\/wp\/v2\/media?parent=2232"}],"curies":[{"name":"wp","href":"https:\/\/api.w.org\/{rel}","templated":true}]}}